{"id":689,"date":"2025-02-13T09:32:35","date_gmt":"2025-02-13T09:32:35","guid":{"rendered":"https:\/\/amigayquiz.com\/?page_id=689"},"modified":"2025-02-13T09:58:50","modified_gmt":"2025-02-13T09:58:50","slug":"kink-test","status":"publish","type":"page","link":"https:\/\/amigayquiz.com\/sv\/kink-test\/","title":{"rendered":"kn\u00e4cktest"},"content":{"rendered":"<div class=\"wp-block-greenshift-blocks-row gspb_row gspb_row-id-gsbp-ef8f6ea\" id=\"gspb_row-id-gsbp-ef8f6ea\"><div class=\"gspb_row__content\"> \n<div class=\"wp-block-greenshift-blocks-row-column gspb_row__col--12 gspb_col-id-gsbp-7e2e75b\" id=\"gspb_col-id-gsbp-7e2e75b\">\n<section class=\"wp-block-greenshift-blocks-row alignfull gspb_row gspb_row-id-gsbp-642f81e\" id=\"gspb_row-id-gsbp-642f81e\"><div class=\"gspb_row__content\"> \n<div class=\"wp-block-greenshift-blocks-row-column gspb_row__col--12 gspb_col-id-gsbp-c360daa\" id=\"gspb_col-id-gsbp-c360daa\">\n<style>\n        .kink-test-wrapper {\n            font-family: Arial, sans-serif;\n            max-width: 800px;\n            margin: 0 auto;\n            padding: 20px;\n            background-color: #fff1f1;\n        }\n        .kink-test-wrapper .test-container {\n            background-color: white;\n            padding: 30px;\n            border-radius: 10px;\n            box-shadow: 0 4px 15px rgba(255,0,0,0.1);\n        }\n        .kink-test-wrapper h1 {\n            color: #d32f2f;\n            text-align: center;\n            margin-bottom: 30px;\n            font-size: 2em;\n        }\n        .kink-test-wrapper .question {\n            margin-bottom: 25px;\n            padding: 15px;\n            border-bottom: 1px solid #ffcdd2;\n        }\n        .kink-test-wrapper .question p {\n            color: #b71c1c;\n            font-weight: 500;\n            margin-bottom: 15px;\n        }\n        .kink-test-wrapper .options {\n            display: flex;\n            justify-content: space-between;\n            margin-top: 10px;\n            flex-wrap: wrap;\n            gap: 10px;\n        }\n        .kink-test-wrapper .option {\n            position: relative;\n            min-width: 150px;\n            margin: 5px 0;\n        }\n        .kink-test-wrapper .option input[type=\"radio\"] {\n            position: absolute;\n            opacity: 0;\n            cursor: pointer;\n        }\n        .kink-test-wrapper .option label {\n            display: flex;\n            align-items: center;\n            padding: 8px 15px;\n            border: 1px solid rgba(255, 82, 82, 0.3);\n            border-radius: 20px;\n            cursor: pointer;\n            background-color: rgba(255, 255, 255, 0.8);\n            color: #666;\n            transition: all 0.3s ease;\n            width: 100%;\n            box-sizing: border-box;\n        }\n        .kink-test-wrapper .option label::before {\n            content: '';\n            width: 16px;\n            height: 16px;\n            border: 2px solid rgba(255, 82, 82, 0.5);\n            border-radius: 50%;\n            margin-right: 10px;\n            transition: all 0.3s ease;\n        }\n        .kink-test-wrapper .option input[type=\"radio\"]:checked + label {\n            background-color: #ffebee;\n            border-color: #ff5252;\n            color: #d32f2f;\n            font-weight: bold;\n            box-shadow: 0 2px 8px rgba(211,47,47,0.2);\n        }\n        .kink-test-wrapper .option input[type=\"radio\"]:checked + label::before {\n            background-color: #ff5252;\n            border-color: #ff5252;\n            box-shadow: inset 0 0 0 3px #fff;\n        }\n        .kink-test-wrapper .option:hover label {\n            background-color: #ffebee;\n            border-color: rgba(255, 82, 82, 0.8);\n            transform: translateY(-2px);\n        }\n        .kink-test-wrapper button {\n            display: block;\n            width: 200px;\n            margin: 20px auto;\n            padding: 12px;\n            background-color: #d32f2f;\n            color: white;\n            border: none;\n            border-radius: 25px;\n            cursor: pointer;\n            font-size: 16px;\n            font-weight: bold;\n            transition: all 0.3s ease;\n            box-shadow: 0 4px 12px rgba(211,47,47,0.2);\n        }\n        .kink-test-wrapper button:hover {\n            background-color: #b71c1c;\n            transform: translateY(-2px);\n            box-shadow: 0 6px 15px rgba(211,47,47,0.3);\n        }\n        .kink-test-wrapper #result {\n            margin-top: 20px;\n            padding: 20px;\n            border-radius: 10px;\n            text-align: center;\n            display: none;\n            background-color: #ffebee;\n            border: 2px solid #ff5252;\n        }\n        .kink-test-wrapper #result h2 {\n            color: #d32f2f;\n            margin-bottom: 15px;\n        }\n        .kink-test-wrapper #result p {\n            color: #b71c1c;\n            line-height: 1.6;\n        }\n    <\/style>\n \n    <div class=\"kink-test-wrapper\">\n        <div class=\"test-container\">\n            <h1>Kinktest<\/h1>\n            <form id=\"kinkTest\" action=\"\">\n                <div id=\"questions\">\n                <\/div>\n                <button type=\"button\" onclick=\"calculateScore()\">Ber\u00e4kna din po\u00e4ng<\/button>\n            <input type=\"hidden\" name=\"trp-form-language\" value=\"sv\"\/><\/form>\n            <div id=\"result\"><\/div>\n        <\/div>\n    <\/div>\n\n    <script>\n        const questions = [\n            \"Do you find interest in the roles of dominance and submission?\",\n            \"Have you ever been interested in mild pain (e.g., light slapping, light spanking)?\",\n            \"Do you enjoy trying restraint or limiting movement during sex?\",\n            \"Are you interested in role-playing, especially in non-traditional gender or societal roles?\",\n            \"Do you find uniforms (e.g., nurse, police officer outfits) sexually attractive?\",\n            \"Have you ever fantasized about BDSM or humiliation scenarios?\",\n            \"Are you interested in controlling others or being controlled by them?\",\n            \"Do you have a strong preference for certain types of sexual acts?\",\n            \"Are you interested in kinky toys or tools (e.g., whips, leather products)?\",\n            \"Do you enjoy incorporating elements of power exchange in your sexual activities?\",\n            \"Are you attracted to feet or feel aroused when others touch your feet?\",\n            \"Do you find certain body parts (e.g., neck, back) particularly sexually appealing?\",\n            \"Have you ever fantasized about group sex or participating in orgies?\",\n            \"Are you intrigued by exhibitionism or performing sexual acts in public places?\",\n            \"Are you interested in 'training' or teaching another person during sexual activities?\",\n            \"Have you ever had fantasies involving humiliation or public shaming during sex?\"\n        ];\n\n        const options = [\"Frequently\", \"Occasionally\", \"Rarely\", \"Never\"];\n\n        \/\/ Generate questions\n        const questionsContainer = document.getElementById(\"questions\");\n        questions.forEach((question, index) => {\n            const questionDiv = document.createElement(\"div\");\n            questionDiv.className = \"question\";\n            questionDiv.innerHTML = `\n                <p>${index + 1}. ${question}<\/p>\n                <div class=\"options\">\n                    ${options.map((option, optionIndex) => `\n                        <div class=\"option\">\n                            <input type=\"radio\" \n                                   id=\"q${index}_${optionIndex}\" \n                                   name=\"q${index}\" \n                                   value=\"${3 - optionIndex}\" \n                                   required>\n                            <label for=\"q${index}_${optionIndex}\">${option}<\/label>\n                        <\/div>\n                    `).join('')}\n                <\/div>\n            `;\n            questionsContainer.appendChild(questionDiv);\n        });\n\n        function calculateScore() {\n            const form = document.getElementById(\"kinkTest\");\n            const result = document.getElementById(\"result\");\n            \n            \/\/ Check if all questions are answered\n            const answered = [...form.querySelectorAll('input[type=\"radio\"]:checked')].length;\n            if (answered < questions.length) {\n                alert(\"Please answer all questions before calculating your score.\");\n                return;\n            }\n\n            \/\/ Calculate total score\n            let score = 0;\n            questions.forEach((_, index) => {\n                const selected = form.querySelector(`input[name=\"q${index}\"]:checked`);\n                score += parseInt(selected.value);\n            });\n\n            \/\/ Determine result category\n            let category;\n            if (score >= 34) {\n                category = \"Primarily interested in kink, with strong or diverse inclinations towards various kinks and fantasies.\";\n            } else if (score >= 25) {\n                category = \"Shows a mix of kink interests, with openness to exploring different aspects of kink, but not fully immersed in all practices.\";\n            } else if (score >= 13) {\n                category = \"More traditional or conventional in sexual preferences, with occasional curiosity or interest in some kink elements.\";\n            } else {\n                category = \"Primarily conventional in sexual preferences, with little or no interest in kink or alternative sexual practices.\";\n            }\n\n            \/\/ Display result\n            result.style.display = \"block\";\n            result.innerHTML = `\n                <h2>Your Score: ${score}\/48<\/h2>\n                <p>${category}<\/p>\n            `;\n            result.scrollIntoView({ behavior: 'smooth' });\n        }\n    <\/script>\n<\/div>\n <\/div><\/section>\n<\/div>\n <\/div><\/div>\n\n\n\n<div class=\"wp-block-greenshift-blocks-row gspb_row gspb_row-id-gsbp-8302bca\" id=\"gspb_row-id-gsbp-8302bca\"><div class=\"gspb_row__content\"> \n<div class=\"wp-block-greenshift-blocks-row-column gspb_row__col--12 gspb_col-id-gsbp-1652218\" id=\"gspb_col-id-gsbp-1652218\">\n<section class=\"wp-block-greenshift-blocks-row alignfull gspb_row gspb_row-id-gsbp-45b9ead\" id=\"gspb_row-id-gsbp-45b9ead\"><div class=\"gspb_row__content\"> \n<div class=\"wp-block-greenshift-blocks-row-column gspb_row__col--12 gspb_col-id-gsbp-24b0295\" id=\"gspb_col-id-gsbp-24b0295\">\n<p>I m\u00e4nsklig sexualitet syftar kink p\u00e5 sexuella praktiker eller fantasier som avviker fr\u00e5n konventionella eller traditionella normer. Termen <em>kink<\/em> anv\u00e4nds ofta som en bred kategori som omfattar aktiviteter som BDSM, rollspel och andra former av sexuella uttryck som kanske inte passar in i vanliga sexuella f\u00f6rv\u00e4ntningar. Under de senaste \u00e5ren har id\u00e9n om kink blivit mer normaliserad, och m\u00e5nga m\u00e4nniskor s\u00f6ker s\u00e4tt att utforska sina \u00f6nskningar p\u00e5 ett s\u00e4kert och samf\u00f6rst\u00e5ndsfullt s\u00e4tt.<\/p>\n\n\n\n<h2 class=\"wp-block-heading\" id=\"what-is-kink\"><strong>Vad \u00e4r Kink?<\/strong><\/h2>\n\n\n\n<p>Kink, i dess vidaste mening, syftar p\u00e5 sexuell praxis, intresse eller fantasi som anses icke-normativ eller okonventionell. Dessa beteenden kan variera fr\u00e5n lekfulla scenarier till mer intensiva \u00f6vningar som kan involvera kraftdynamik, sm\u00e4rta eller f\u00f6rnedring. En vanlig missuppfattning \u00e4r att kink \u00e4r synonymt med BDSM, men <em>kink<\/em> \u00e4r en mycket bredare term och omfattar en m\u00e4ngd olika beteenden och intressen bortom bara tr\u00e4ldom, disciplin, dominans, underkastelse, sadism och masochism.<\/p>\n\n\n\n<p>I huvudsak kan kink innefatta allt fr\u00e5n <strong>rollspel<\/strong>, <strong>effektspel<\/strong>, till \u00e4ven milda f\u00f6rnimmelser som <strong>vaxspel<\/strong>. Det handlar om att utforska gr\u00e4nser, personliga preferenser och samtycke med en partner.<\/p>\n\n\n\n<p>F\u00f6r mer insikter i kink terminologi och praxis, bes\u00f6k <a href=\"https:\/\/en.wikipedia.org\/wiki\/Kink_(sexuality)\" target=\"_blank\" rel=\"noreferrer noopener nofollow\">Wikipedia-sida p\u00e5 Kink<\/a>.<\/p>\n\n\n\n<h2 class=\"wp-block-heading\" id=\"what-is-bdsm-and-how-does-it-relate-to-kink\"><strong>Vad \u00e4r BDSM och hur h\u00e4nger det ihop med Kink?<\/strong><\/h2>\n\n\n\n<p>BDSM \u00e4r en delm\u00e4ngd av kink som fokuserar p\u00e5 samf\u00f6rst\u00e5ndskraftdynamik, vilket kan inkludera <strong>tr\u00e4ldom<\/strong>, <strong>disciplin<\/strong>, <strong>dominans<\/strong>, <strong>underkastelse<\/strong>, <strong>sadism<\/strong>, och <strong>masochism<\/strong>. \u00c4ven om BDSM-metoder kan vara en del av den bredare kink-gemenskapen, involverar inte alla kinks BDSM. Till exempel kan vissa m\u00e4nniskor njuta <strong>fotfetisch<\/strong>, <strong>exhibitionism<\/strong>, eller <strong>rollspel<\/strong> utan att engagera sig i BDSM-\u00f6vningar.<\/p>\n\n\n\n<p>BDSM \u00e4r dock ofta det f\u00f6rsta folk t\u00e4nker p\u00e5 n\u00e4r det kommer till kink. Dessa metoder \u00e4r centrerade kring maktutbyte mellan tv\u00e5 eller flera personer och f\u00f6rhandlas fram med tydligt samtycke. Om du \u00e4r ny p\u00e5 BDSM eller kink i allm\u00e4nhet kan du l\u00e4ra dig mer genom <a href=\"https:\/\/www.dictionary.com\/browse\/bdsm\" target=\"_blank\" rel=\"noreferrer noopener nofollow\">BDSM terminologi ordb\u00f6cker<\/a> eller nyb\u00f6rjarguider som den p\u00e5 <a href=\"https:\/\/www.theswaddle.com\/kink-101-everything-you-need-to-know-about-bdsm\" target=\"_blank\" rel=\"noreferrer noopener nofollow\">Swaddle<\/a>.<\/p>\n\n\n\n<h2 class=\"wp-block-heading\" id=\"the-kink-orientation-scale-kos\"><strong>The Kink Orientation Scale (KOS)<\/strong><\/h2>\n\n\n\n<p>Ett nytt verktyg f\u00f6r att utforska dina kink-intressen \u00e4r <em>Kink Orientation Scale (KOS)<\/em>, som utvecklades av forskare vid University of Brighton. Det h\u00e4r verktyget hj\u00e4lper dig att bed\u00f6ma din &quot;kn\u00e4ckorientering&quot;, inklusive dina attityder, beteenden och \u00f6nskningar. Skalan m\u00e4ter en m\u00e4ngd olika faktorer, s\u00e5som dina preferenser f\u00f6r dominans, underkastelse och vilka typer av aktiviteter du tycker om, fr\u00e5n <strong>l\u00e4tt bondage<\/strong> till <strong>effektspel<\/strong>.<\/p>\n\n\n\n<p>Om du \u00e4r nyfiken p\u00e5 hur kinky du \u00e4r kan du g\u00f6ra ett test <a href=\"https:\/\/amigayquiz.com\/sv\/kink-test\/\">kn\u00e4cktest<\/a><a href=\"https:\/\/www.kinktest.org\" rel=\"nofollow noopener\" target=\"_blank\">,<\/a> f\u00f6r att se var du faller p\u00e5 kinkskalan. Dessa bed\u00f6mningar hj\u00e4lper till att normalisera samtalet kring kinks och fetischer och ger ett mer vetenskapligt f\u00f6rh\u00e5llningss\u00e4tt f\u00f6r att f\u00f6rst\u00e5 dem.<\/p>\n\n\n\n<h2 class=\"wp-block-heading\" id=\"common-kink-practices-and-activities\"><strong>Vanliga Kink-praxis och aktiviteter<\/strong><\/h2>\n\n\n\n<p>Kink omfattar ett brett utbud av aktiviteter. N\u00e5gra vanliga kinks som m\u00e4nniskor tycker om inkluderar:<\/p>\n\n\n\n<ul class=\"wp-block-list\">\n<li><strong>Tr\u00e4ldom<\/strong>: Begr\u00e4nsa r\u00f6relsen f\u00f6r en partner, ofta med rep, manschetter eller andra begr\u00e4nsningar.<\/li>\n\n\n\n<li><strong>Rollspel<\/strong>: Engagera dig i fantasier d\u00e4r du eller din partner tar dig an specifika karakt\u00e4rer eller kraftdynamik.<\/li>\n\n\n\n<li><strong>Impact Play<\/strong>: Inkluderar aktiviteter som smisk, piskning eller paddling, d\u00e4r fokus ligger p\u00e5 k\u00e4nslan av sm\u00e4rta eller obehag f\u00f6r n\u00f6jes skull.<\/li>\n\n\n\n<li><strong>Fotfetisch<\/strong>: Ett sexuellt intresse f\u00f6r f\u00f6tter, vilket kan innefatta aktiviteter som fotmassage eller fotfokuserat rollspel.<\/li>\n\n\n\n<li><strong>Exhibitionism<\/strong>: \u00d6nskan att bli bevakad n\u00e4r du deltar i sexuella aktiviteter, antingen personligen eller via media.<\/li>\n\n\n\n<li><strong>Vaxspel<\/strong>: Att anv\u00e4nda hett vax som en form av sensationslek, d\u00e4r vaxet droppas p\u00e5 huden f\u00f6r att njuta av v\u00e4rmen och k\u00e4nslan.<\/li>\n<\/ul>\n\n\n\n<p>F\u00f6r en bredare utforskning av kink, inklusive popul\u00e4ra aktiviteter, bes\u00f6k <a href=\"https:\/\/www.businessinsider.com\/guides\/health\/sex-relationships\/list-of-kinks\" target=\"_blank\" rel=\"noreferrer noopener nofollow\">Business Insiders lista \u00f6ver kinks<\/a>.<\/p>\n\n\n\n<h2 class=\"wp-block-heading\" id=\"how-to-safely-explore-kink-with-your-partner\"><strong>Hur du s\u00e4kert utforskar Kink med din partner<\/strong><\/h2>\n\n\n\n<p>Att introducera kink i ett f\u00f6rh\u00e5llande kr\u00e4ver \u00f6ppen kommunikation, tillit och respekt. S\u00e5 h\u00e4r b\u00f6rjar du s\u00e4kert:<\/p>\n\n\n\n<h3 class=\"wp-block-heading\" id=\"1-start-the-conversation\">1. <strong>Starta konversationen<\/strong><\/h3>\n\n\n\n<p>Diskutera dina \u00f6nskningar med din partner p\u00e5 ett icke-d\u00f6mande s\u00e4tt. Det \u00e4r viktigt att n\u00e4rma sig detta samtal med \u00f6ppenhet och s\u00e5rbarhet. Om du \u00e4r os\u00e4ker p\u00e5 hur du ska b\u00f6rja, verktyg som <strong>Ja\/Nej\/Kanske lista<\/strong> kan hj\u00e4lpa till att underl\u00e4tta diskussioner kring olika kinks och gr\u00e4nser.<\/p>\n\n\n\n<p>F\u00f6r ytterligare hj\u00e4lp med att kommunicera kinks med en partner, kolla in <a href=\"https:\/\/www.missgigiengle.com\/blog\/talking-about-kink-with-partner\" target=\"_blank\" rel=\"noreferrer noopener nofollow\">Miss Gigiengles r\u00e5d<\/a>.<\/p>\n\n\n\n<h3 class=\"wp-block-heading\" id=\"2-set-clear-boundaries-and-consent\">2. <strong>S\u00e4tt tydliga gr\u00e4nser och samtycke<\/strong><\/h3>\n\n\n\n<p>Se till att b\u00e5da parter \u00e4r bekv\u00e4ma och samf\u00f6rst\u00e5nd n\u00e4r det g\u00e4ller att utforska nya aktiviteter. Kom ih\u00e5g att s\u00e4kerhet \u00e4r nyckeln, och all praxis b\u00f6r diskuteras och komma \u00f6verens om i f\u00f6rv\u00e4g. Detta s\u00e4kerst\u00e4ller att alla inblandade \u00e4r p\u00e5 samma sida.<\/p>\n\n\n\n<p>F\u00f6r utbildningsresurser om att uppr\u00e4tth\u00e5lla samtycke och kommunikation i kink, bes\u00f6k <a href=\"https:\/\/www.guidedtrack.com\/programs\/u4m797m\/run\" target=\"_blank\" rel=\"noreferrer noopener nofollow\">Guidad sp\u00e5rs Kink-unders\u00f6kning<\/a>.<\/p>\n\n\n\n<h3 class=\"wp-block-heading\" id=\"3-take-it-slow\">3. <strong>Ta det l\u00e5ngsamt<\/strong><\/h3>\n\n\n\n<p>B\u00f6rja med sm\u00e5 hanterbara aktiviteter och bygg upp successivt. Att prova en enkel bondage \u00e5terh\u00e5llsamhet eller en l\u00e4tt smisk session kan introducera dig till kinkens v\u00e4rld utan att \u00f6verv\u00e4ldiga din partner.<\/p>\n\n\n\n<p>F\u00f6r fler r\u00e5d om att gradvis inf\u00f6ra kink, bes\u00f6k <a href=\"https:\/\/www.choosingtherapy.com\/bdsm\/\" target=\"_blank\" rel=\"noreferrer noopener nofollow\">Att v\u00e4lja Therapys BDSM-tips<\/a>.<\/p>\n\n\n\n<h3 class=\"wp-block-heading\" id=\"4-use-toys-and-props\">4. <strong>Anv\u00e4nd leksaker och rekvisita<\/strong><\/h3>\n\n\n\n<p>Om du \u00e4r intresserad av att inf\u00f6rliva leksaker, s\u00e5som manschetter, piskor eller sensoriska leksaker, b\u00f6rja med nyb\u00f6rjarv\u00e4nliga alternativ. Dessa kan l\u00e4gga till lager av sp\u00e4nning och utforskning till din sexuella upplevelse.<\/p>\n\n\n\n<h3 class=\"wp-block-heading\" id=\"5-check-in-regularly\">5. <strong>Checka in regelbundet<\/strong><\/h3>\n\n\n\n<p>N\u00e4r du utforskar kink, uppr\u00e4tth\u00e5ll \u00f6ppen kommunikation med din partner f\u00f6r att s\u00e4kerst\u00e4lla \u00f6msesidig komfort och samtycke. Kolla regelbundet in och diskutera hur varje upplevelse k\u00e4ndes f\u00f6r er b\u00e5da.<\/p>\n\n\n\n<h2 class=\"wp-block-heading\" id=\"kink-and-fetish-community-resources\"><strong>Kink och Fetish Community Resources<\/strong><\/h2>\n\n\n\n<p>Det \u00e4r viktigt att utforska kink i ett samh\u00e4lle som fr\u00e4mjar s\u00e4kerhet, respekt och inkludering. M\u00e5nga onlineplattformar tillhandah\u00e5ller utrymmen f\u00f6r individer att diskutera sina problem och s\u00f6ka r\u00e5d. Att g\u00e5 med i dessa gemenskaper kan erbjuda st\u00f6d, validering och en m\u00e4ngd information.<\/p>\n\n\n\n<p>Om du \u00e4r intresserad av samh\u00e4llsdiskussioner eller knarkr\u00e5d, \u00f6verv\u00e4g att bes\u00f6ka plattformar som <a href=\"https:\/\/www.reddit.com\/r\/BDSMcommunity\/comments\/y539s2\/kink_test_but_not_that_one\/\" target=\"_blank\" rel=\"noreferrer noopener nofollow\">Reddits BDSM-community<\/a>.<\/p>\n\n\n\n<h2 class=\"wp-block-heading\" id=\"dealing-with-kink-mismatches\"><strong>Hanterar Kink Mismatches<\/strong><\/h2>\n\n\n\n<p>Det \u00e4r normalt att partners har olika intressen n\u00e4r det kommer till kink. Om du och din partner inte delar samma niv\u00e5 av intresse f\u00f6r kink \u00e4r det viktigt att hantera situationen med omsorg och respekt. Vissa kan vara \u00f6ppna f\u00f6r gradvis utforskning, medan andra kanske inte \u00e4r bekv\u00e4ma med vissa metoder.<\/p>\n\n\n\n<p>Om du vill veta mer om att hantera kink-inkompatibiliteter, kolla in <a href=\"https:\/\/mashable.com\/article\/mismatched-kinkiness-vanilla-bdsm\" target=\"_blank\" rel=\"noreferrer noopener nofollow\">Mashables guide om o\u00f6verensst\u00e4mmande kinkiness<\/a>.<\/p>\n\n\n\n<h2 class=\"wp-block-heading\" id=\"conclusion\"><strong>Slutsats<\/strong><\/h2>\n\n\n\n<p>Kink \u00e4r en bred, m\u00e5ngfaldig och personlig aspekt av m\u00e4nsklig sexualitet. Oavsett om du utforskar det ensam eller tillsammans med en partner, \u00e4r nyckeln att n\u00e4rma dig det med tydlig kommunikation, \u00f6msesidig respekt och samtycke. Kinkens v\u00e4rld erbjuder o\u00e4ndliga m\u00f6jligheter f\u00f6r utforskning och verktyg som  <a href=\"https:\/\/bdsmtest.org\" target=\"_blank\" rel=\"noreferrer noopener nofollow\">BDSMTest.org<\/a> kan hj\u00e4lpa dig att f\u00e5 en b\u00e4ttre f\u00f6rst\u00e5else f\u00f6r dina \u00f6nskem\u00e5l. Prioritera alltid s\u00e4kerhet och samtycke, och kom ih\u00e5g att att utforska kink \u00e4r en resa som \u00e4r unik f\u00f6r varje individ.<\/p>\n\n\n\n<p>F\u00f6r mer om att utforska kink, bes\u00f6k <a href=\"https:\/\/en.wikipedia.org\/wiki\/Kink_(sexuality)\" target=\"_blank\" rel=\"noreferrer noopener nofollow\">Kink (sexualitet) Wikipedia-sida<\/a>.<\/p>\n<\/div>\n <\/div><\/section>\n<\/div>\n <\/div><\/div>","protected":false},"excerpt":{"rendered":"","protected":false},"author":1,"featured_media":0,"parent":0,"menu_order":0,"comment_status":"closed","ping_status":"closed","template":"","meta":{"_gspb_post_css":"#gspb_row-id-gsbp-45b9ead,#gspb_row-id-gsbp-642f81e,#gspb_row-id-gsbp-8302bca,#gspb_row-id-gsbp-ef8f6ea{justify-content:space-between;margin-top:0;margin-bottom:0;display:flex;flex-wrap:wrap}#gspb_row-id-gsbp-ef8f6ea>.gspb_row__content{display:flex;justify-content:space-between;margin:0 auto;width:100%;flex-wrap:wrap}.gspb_row{position:relative}div[id^=gspb_col-id]{box-sizing:border-box;position:relative;padding:15px min(3vw,20px)}body.gspb-bodyfront #gspb_row-id-gsbp-ef8f6ea>.gspb_row__content{width:var(--theme-container-width, 1200px);max-width:var(--theme-normal-container-max-width, 1200px)}#gspb_col-id-gsbp-7e2e75b.gspb_row__col--12{width:100%}@media (max-width:575.98px){#gspb_col-id-gsbp-7e2e75b.gspb_row__col--12{width:100%}}#gspb_row-id-gsbp-642f81e>.gspb_row__content{display:flex;justify-content:space-between;margin:0 auto;width:100%;flex-wrap:wrap}#gspb_col-id-gsbp-c360daa.gspb_row__col--12{width:100%}@media (max-width:575.98px){#gspb_col-id-gsbp-c360daa.gspb_row__col--12{width:100%}}#gspb_row-id-gsbp-8302bca>.gspb_row__content{display:flex;justify-content:space-between;margin:0 auto;width:100%;flex-wrap:wrap;max-width:960px}#gspb_col-id-gsbp-1652218.gspb_row__col--12{width:100%}@media (max-width:575.98px){#gspb_col-id-gsbp-1652218.gspb_row__col--12{width:100%}}#gspb_row-id-gsbp-45b9ead>.gspb_row__content{display:flex;justify-content:space-between;margin:0 auto;width:100%;flex-wrap:wrap}body.gspb-bodyfront #gspb_row-id-gsbp-45b9ead>.gspb_row__content,body.gspb-bodyfront #gspb_row-id-gsbp-642f81e>.gspb_row__content{width:var(--theme-container-width, 1200px);max-width:var(--theme-normal-container-max-width, 1200px)}#gspb_col-id-gsbp-24b0295.gspb_row__col--12{width:100%}@media (max-width:575.98px){#gspb_col-id-gsbp-24b0295.gspb_row__col--12{width:100%}}","footnotes":""},"class_list":["post-689","page","type-page","status-publish","hentry"],"blocksy_meta":[],"_links":{"self":[{"href":"https:\/\/amigayquiz.com\/sv\/wp-json\/wp\/v2\/pages\/689"}],"collection":[{"href":"https:\/\/amigayquiz.com\/sv\/wp-json\/wp\/v2\/pages"}],"about":[{"href":"https:\/\/amigayquiz.com\/sv\/wp-json\/wp\/v2\/types\/page"}],"author":[{"embeddable":true,"href":"https:\/\/amigayquiz.com\/sv\/wp-json\/wp\/v2\/users\/1"}],"replies":[{"embeddable":true,"href":"https:\/\/amigayquiz.com\/sv\/wp-json\/wp\/v2\/comments?post=689"}],"version-history":[{"count":4,"href":"https:\/\/amigayquiz.com\/sv\/wp-json\/wp\/v2\/pages\/689\/revisions"}],"predecessor-version":[{"id":695,"href":"https:\/\/amigayquiz.com\/sv\/wp-json\/wp\/v2\/pages\/689\/revisions\/695"}],"wp:attachment":[{"href":"https:\/\/amigayquiz.com\/sv\/wp-json\/wp\/v2\/media?parent=689"}],"curies":[{"name":"wp","href":"https:\/\/api.w.org\/{rel}","templated":true}]}}