{"id":689,"date":"2025-02-13T09:32:35","date_gmt":"2025-02-13T09:32:35","guid":{"rendered":"https:\/\/amigayquiz.com\/?page_id=689"},"modified":"2025-02-13T09:58:50","modified_gmt":"2025-02-13T09:58:50","slug":"kink-test","status":"publish","type":"page","link":"https:\/\/amigayquiz.com\/pt\/kink-test\/","title":{"rendered":"teste de tor\u00e7\u00e3o"},"content":{"rendered":"<div class=\"wp-block-greenshift-blocks-row gspb_row gspb_row-id-gsbp-ef8f6ea\" id=\"gspb_row-id-gsbp-ef8f6ea\"><div class=\"gspb_row__content\"> \n<div class=\"wp-block-greenshift-blocks-row-column gspb_row__col--12 gspb_col-id-gsbp-7e2e75b\" id=\"gspb_col-id-gsbp-7e2e75b\">\n<section class=\"wp-block-greenshift-blocks-row alignfull gspb_row gspb_row-id-gsbp-642f81e\" id=\"gspb_row-id-gsbp-642f81e\"><div class=\"gspb_row__content\"> \n<div class=\"wp-block-greenshift-blocks-row-column gspb_row__col--12 gspb_col-id-gsbp-c360daa\" id=\"gspb_col-id-gsbp-c360daa\">\n<style>\n        .kink-test-wrapper {\n            font-family: Arial, sans-serif;\n            max-width: 800px;\n            margin: 0 auto;\n            padding: 20px;\n            background-color: #fff1f1;\n        }\n        .kink-test-wrapper .test-container {\n            background-color: white;\n            padding: 30px;\n            border-radius: 10px;\n            box-shadow: 0 4px 15px rgba(255,0,0,0.1);\n        }\n        .kink-test-wrapper h1 {\n            color: #d32f2f;\n            text-align: center;\n            margin-bottom: 30px;\n            font-size: 2em;\n        }\n        .kink-test-wrapper .question {\n            margin-bottom: 25px;\n            padding: 15px;\n            border-bottom: 1px solid #ffcdd2;\n        }\n        .kink-test-wrapper .question p {\n            color: #b71c1c;\n            font-weight: 500;\n            margin-bottom: 15px;\n        }\n        .kink-test-wrapper .options {\n            display: flex;\n            justify-content: space-between;\n            margin-top: 10px;\n            flex-wrap: wrap;\n            gap: 10px;\n        }\n        .kink-test-wrapper .option {\n            position: relative;\n            min-width: 150px;\n            margin: 5px 0;\n        }\n        .kink-test-wrapper .option input[type=\"radio\"] {\n            position: absolute;\n            opacity: 0;\n            cursor: pointer;\n        }\n        .kink-test-wrapper .option label {\n            display: flex;\n            align-items: center;\n            padding: 8px 15px;\n            border: 1px solid rgba(255, 82, 82, 0.3);\n            border-radius: 20px;\n            cursor: pointer;\n            background-color: rgba(255, 255, 255, 0.8);\n            color: #666;\n            transition: all 0.3s ease;\n            width: 100%;\n            box-sizing: border-box;\n        }\n        .kink-test-wrapper .option label::before {\n            content: '';\n            width: 16px;\n            height: 16px;\n            border: 2px solid rgba(255, 82, 82, 0.5);\n            border-radius: 50%;\n            margin-right: 10px;\n            transition: all 0.3s ease;\n        }\n        .kink-test-wrapper .option input[type=\"radio\"]:checked + label {\n            background-color: #ffebee;\n            border-color: #ff5252;\n            color: #d32f2f;\n            font-weight: bold;\n            box-shadow: 0 2px 8px rgba(211,47,47,0.2);\n        }\n        .kink-test-wrapper .option input[type=\"radio\"]:checked + label::before {\n            background-color: #ff5252;\n            border-color: #ff5252;\n            box-shadow: inset 0 0 0 3px #fff;\n        }\n        .kink-test-wrapper .option:hover label {\n            background-color: #ffebee;\n            border-color: rgba(255, 82, 82, 0.8);\n            transform: translateY(-2px);\n        }\n        .kink-test-wrapper button {\n            display: block;\n            width: 200px;\n            margin: 20px auto;\n            padding: 12px;\n            background-color: #d32f2f;\n            color: white;\n            border: none;\n            border-radius: 25px;\n            cursor: pointer;\n            font-size: 16px;\n            font-weight: bold;\n            transition: all 0.3s ease;\n            box-shadow: 0 4px 12px rgba(211,47,47,0.2);\n        }\n        .kink-test-wrapper button:hover {\n            background-color: #b71c1c;\n            transform: translateY(-2px);\n            box-shadow: 0 6px 15px rgba(211,47,47,0.3);\n        }\n        .kink-test-wrapper #result {\n            margin-top: 20px;\n            padding: 20px;\n            border-radius: 10px;\n            text-align: center;\n            display: none;\n            background-color: #ffebee;\n            border: 2px solid #ff5252;\n        }\n        .kink-test-wrapper #result h2 {\n            color: #d32f2f;\n            margin-bottom: 15px;\n        }\n        .kink-test-wrapper #result p {\n            color: #b71c1c;\n            line-height: 1.6;\n        }\n    <\/style>\n \n    <div class=\"kink-test-wrapper\">\n        <div class=\"test-container\">\n            <h1>Teste de tor\u00e7\u00e3o<\/h1>\n            <form id=\"kinkTest\" action=\"\">\n                <div id=\"questions\">\n                <\/div>\n                <button type=\"button\" onclick=\"calculateScore()\">Calcule sua pontua\u00e7\u00e3o<\/button>\n            <input type=\"hidden\" name=\"trp-form-language\" value=\"pt\"\/><\/form>\n            <div id=\"result\"><\/div>\n        <\/div>\n    <\/div>\n\n    <script>\n        const questions = [\n            \"Do you find interest in the roles of dominance and submission?\",\n            \"Have you ever been interested in mild pain (e.g., light slapping, light spanking)?\",\n            \"Do you enjoy trying restraint or limiting movement during sex?\",\n            \"Are you interested in role-playing, especially in non-traditional gender or societal roles?\",\n            \"Do you find uniforms (e.g., nurse, police officer outfits) sexually attractive?\",\n            \"Have you ever fantasized about BDSM or humiliation scenarios?\",\n            \"Are you interested in controlling others or being controlled by them?\",\n            \"Do you have a strong preference for certain types of sexual acts?\",\n            \"Are you interested in kinky toys or tools (e.g., whips, leather products)?\",\n            \"Do you enjoy incorporating elements of power exchange in your sexual activities?\",\n            \"Are you attracted to feet or feel aroused when others touch your feet?\",\n            \"Do you find certain body parts (e.g., neck, back) particularly sexually appealing?\",\n            \"Have you ever fantasized about group sex or participating in orgies?\",\n            \"Are you intrigued by exhibitionism or performing sexual acts in public places?\",\n            \"Are you interested in 'training' or teaching another person during sexual activities?\",\n            \"Have you ever had fantasies involving humiliation or public shaming during sex?\"\n        ];\n\n        const options = [\"Frequently\", \"Occasionally\", \"Rarely\", \"Never\"];\n\n        \/\/ Generate questions\n        const questionsContainer = document.getElementById(\"questions\");\n        questions.forEach((question, index) => {\n            const questionDiv = document.createElement(\"div\");\n            questionDiv.className = \"question\";\n            questionDiv.innerHTML = `\n                <p>${index + 1}. ${question}<\/p>\n                <div class=\"options\">\n                    ${options.map((option, optionIndex) => `\n                        <div class=\"option\">\n                            <input type=\"radio\" \n                                   id=\"q${index}_${optionIndex}\" \n                                   name=\"q${index}\" \n                                   value=\"${3 - optionIndex}\" \n                                   required>\n                            <label for=\"q${index}_${optionIndex}\">${option}<\/label>\n                        <\/div>\n                    `).join('')}\n                <\/div>\n            `;\n            questionsContainer.appendChild(questionDiv);\n        });\n\n        function calculateScore() {\n            const form = document.getElementById(\"kinkTest\");\n            const result = document.getElementById(\"result\");\n            \n            \/\/ Check if all questions are answered\n            const answered = [...form.querySelectorAll('input[type=\"radio\"]:checked')].length;\n            if (answered < questions.length) {\n                alert(\"Please answer all questions before calculating your score.\");\n                return;\n            }\n\n            \/\/ Calculate total score\n            let score = 0;\n            questions.forEach((_, index) => {\n                const selected = form.querySelector(`input[name=\"q${index}\"]:checked`);\n                score += parseInt(selected.value);\n            });\n\n            \/\/ Determine result category\n            let category;\n            if (score >= 34) {\n                category = \"Primarily interested in kink, with strong or diverse inclinations towards various kinks and fantasies.\";\n            } else if (score >= 25) {\n                category = \"Shows a mix of kink interests, with openness to exploring different aspects of kink, but not fully immersed in all practices.\";\n            } else if (score >= 13) {\n                category = \"More traditional or conventional in sexual preferences, with occasional curiosity or interest in some kink elements.\";\n            } else {\n                category = \"Primarily conventional in sexual preferences, with little or no interest in kink or alternative sexual practices.\";\n            }\n\n            \/\/ Display result\n            result.style.display = \"block\";\n            result.innerHTML = `\n                <h2>Your Score: ${score}\/48<\/h2>\n                <p>${category}<\/p>\n            `;\n            result.scrollIntoView({ behavior: 'smooth' });\n        }\n    <\/script>\n<\/div>\n <\/div><\/section>\n<\/div>\n <\/div><\/div>\n\n\n\n<div class=\"wp-block-greenshift-blocks-row gspb_row gspb_row-id-gsbp-8302bca\" id=\"gspb_row-id-gsbp-8302bca\"><div class=\"gspb_row__content\"> \n<div class=\"wp-block-greenshift-blocks-row-column gspb_row__col--12 gspb_col-id-gsbp-1652218\" id=\"gspb_col-id-gsbp-1652218\">\n<section class=\"wp-block-greenshift-blocks-row alignfull gspb_row gspb_row-id-gsbp-45b9ead\" id=\"gspb_row-id-gsbp-45b9ead\"><div class=\"gspb_row__content\"> \n<div class=\"wp-block-greenshift-blocks-row-column gspb_row__col--12 gspb_col-id-gsbp-24b0295\" id=\"gspb_col-id-gsbp-24b0295\">\n<p>Na sexualidade humana, kink se refere a pr\u00e1ticas ou fantasias sexuais que se desviam das normas convencionais ou tradicionais. O termo <em>tor\u00e7\u00e3o<\/em> \u00e9 frequentemente usada como uma categoria ampla que abrange atividades como BDSM, role-playing e outras formas de express\u00e3o sexual que podem n\u00e3o se encaixar nas expectativas sexuais convencionais. Nos \u00faltimos anos, a ideia de kink se tornou mais normalizada, e muitas pessoas est\u00e3o buscando maneiras de explorar seus desejos de forma segura e consensual.<\/p>\n\n\n\n<h2 class=\"wp-block-heading\" id=\"what-is-kink\"><strong>O que \u00e9 Kink?<\/strong><\/h2>\n\n\n\n<p>Kink, em seu sentido mais amplo, refere-se a qualquer pr\u00e1tica, interesse ou fantasia sexual que seja considerada n\u00e3o normativa ou n\u00e3o convencional. Esses comportamentos podem variar de cen\u00e1rios l\u00fadicos a pr\u00e1ticas mais intensas que podem envolver din\u00e2micas de poder, dor ou humilha\u00e7\u00e3o. Um equ\u00edvoco comum \u00e9 que kink \u00e9 sin\u00f4nimo de BDSM, mas <em>tor\u00e7\u00e3o<\/em> \u00e9 um termo muito mais amplo e abrange uma variedade de comportamentos e interesses al\u00e9m de escravid\u00e3o, disciplina, domin\u00e2ncia, submiss\u00e3o, sadismo e masoquismo.<\/p>\n\n\n\n<p>Em ess\u00eancia, kink pode incluir qualquer coisa, desde <strong>dramatiza\u00e7\u00e3o<\/strong>, <strong>jogo de impacto<\/strong>, at\u00e9 mesmo sensa\u00e7\u00f5es leves como <strong>jogo de cera<\/strong>. \u00c9 tudo uma quest\u00e3o de explorar limites, prefer\u00eancias pessoais e consentimento com um parceiro.<\/p>\n\n\n\n<p>Para mais informa\u00e7\u00f5es sobre a terminologia e as pr\u00e1ticas do kink, visite o <a href=\"https:\/\/en.wikipedia.org\/wiki\/Kink_(sexuality)\" target=\"_blank\" rel=\"noreferrer noopener nofollow\">P\u00e1gina da Wikip\u00e9dia sobre Kink<\/a>.<\/p>\n\n\n\n<h2 class=\"wp-block-heading\" id=\"what-is-bdsm-and-how-does-it-relate-to-kink\"><strong>O que \u00e9 BDSM e como ele se relaciona com o kink?<\/strong><\/h2>\n\n\n\n<p>BDSM \u00e9 um subconjunto de kink que se concentra na din\u00e2mica de poder consensual, que pode incluir <strong>escravid\u00e3o<\/strong>, <strong>disciplina<\/strong>, <strong>dom\u00ednio<\/strong>, <strong>submiss\u00e3o<\/strong>, <strong>sadismo<\/strong>, e <strong>masoquismo<\/strong>. Embora as pr\u00e1ticas BDSM possam fazer parte da comunidade kink mais ampla, nem todas as kinks envolvem BDSM. Por exemplo, algumas pessoas podem gostar <strong>fetiches por p\u00e9s<\/strong>, <strong>exibicionismo<\/strong>, ou <strong>interpreta\u00e7\u00e3o de pap\u00e9is<\/strong> sem se envolver em pr\u00e1ticas BDSM.<\/p>\n\n\n\n<p>BDSM, no entanto, \u00e9 frequentemente a primeira coisa que as pessoas pensam quando se trata de kink. Essas pr\u00e1ticas s\u00e3o centradas em torno da troca de poder entre duas ou mais pessoas e s\u00e3o negociadas com consentimento claro. Se voc\u00ea \u00e9 novo em BDSM ou kink em geral, voc\u00ea pode aprender mais atrav\u00e9s de <a href=\"https:\/\/www.dictionary.com\/browse\/bdsm\" target=\"_blank\" rel=\"noreferrer noopener nofollow\">Dicion\u00e1rios de terminologia BDSM<\/a> ou guias para iniciantes como o que est\u00e1 em <a href=\"https:\/\/www.theswaddle.com\/kink-101-everything-you-need-to-know-about-bdsm\" target=\"_blank\" rel=\"noreferrer noopener nofollow\">O Swaddle<\/a>.<\/p>\n\n\n\n<h2 class=\"wp-block-heading\" id=\"the-kink-orientation-scale-kos\"><strong>Escala de Orienta\u00e7\u00e3o Kink (KOS)<\/strong><\/h2>\n\n\n\n<p>Uma nova ferramenta para explorar seus interesses kink \u00e9 o <em>Escala de Orienta\u00e7\u00e3o de Kink (KOS)<\/em>, que foi desenvolvida por pesquisadores da Universidade de Brighton. Esta ferramenta ajuda voc\u00ea a avaliar sua \u201corienta\u00e7\u00e3o kink\u201d, incluindo suas atitudes, comportamentos e desejos. A escala mede uma variedade de fatores, como suas prefer\u00eancias por domin\u00e2ncia, submiss\u00e3o e os tipos de atividades que voc\u00ea gosta, de <strong>escravid\u00e3o leve<\/strong> para <strong>jogo de impacto<\/strong>.<\/p>\n\n\n\n<p>Se voc\u00ea est\u00e1 curioso sobre o qu\u00e3o pervertido voc\u00ea \u00e9, voc\u00ea pode fazer um teste <a href=\"https:\/\/amigayquiz.com\/pt\/kink-test\/\">teste de tor\u00e7\u00e3o<\/a><a href=\"https:\/\/www.kinktest.org\" rel=\"nofollow noopener\" target=\"_blank\">,<\/a> para ver onde voc\u00ea se encaixa na escala de kinks. Essas avalia\u00e7\u00f5es ajudam a normalizar a conversa sobre kinks e fetiches e fornecem uma abordagem mais cient\u00edfica para entend\u00ea-los.<\/p>\n\n\n\n<h2 class=\"wp-block-heading\" id=\"common-kink-practices-and-activities\"><strong>Pr\u00e1ticas e atividades comuns de Kink<\/strong><\/h2>\n\n\n\n<p>Kink abrange uma ampla gama de atividades. Algumas kinks comuns que as pessoas gostam incluem:<\/p>\n\n\n\n<ul class=\"wp-block-list\">\n<li><strong>Escravid\u00e3o<\/strong>: Restringir o movimento de um parceiro, geralmente com cordas, algemas ou outras restri\u00e7\u00f5es.<\/li>\n\n\n\n<li><strong>Jogo de pap\u00e9is<\/strong>: Envolver-se em fantasias em que voc\u00ea ou seu parceiro assumem personagens espec\u00edficos ou din\u00e2micas de poder.<\/li>\n\n\n\n<li><strong>Jogo de Impacto<\/strong>: Inclui atividades como palmadas, a\u00e7oites ou palmadas, onde o foco est\u00e1 na sensa\u00e7\u00e3o de dor ou desconforto em troca de prazer.<\/li>\n\n\n\n<li><strong>Fetiche por p\u00e9s<\/strong>: Um interesse sexual por p\u00e9s, que pode incluir atividades como massagens nos p\u00e9s ou dramatiza\u00e7\u00f5es focadas nos p\u00e9s.<\/li>\n\n\n\n<li><strong>Exibicionismo<\/strong>: O desejo de ser observado durante atividades sexuais, seja pessoalmente ou pela m\u00eddia.<\/li>\n\n\n\n<li><strong>Jogo de cera<\/strong>:Usando cera quente como uma forma de jogo sensorial, onde a cera \u00e9 pingada na pele para o prazer do calor e da sensa\u00e7\u00e3o.<\/li>\n<\/ul>\n\n\n\n<p>Para uma explora\u00e7\u00e3o mais ampla do kink, incluindo atividades populares, visite <a href=\"https:\/\/www.businessinsider.com\/guides\/health\/sex-relationships\/list-of-kinks\" target=\"_blank\" rel=\"noreferrer noopener nofollow\">Lista de problemas do Business Insider<\/a>.<\/p>\n\n\n\n<h2 class=\"wp-block-heading\" id=\"how-to-safely-explore-kink-with-your-partner\"><strong>Como explorar com seguran\u00e7a o Kink com seu parceiro<\/strong><\/h2>\n\n\n\n<p>Introduzir kink em um relacionamento requer comunica\u00e7\u00e3o aberta, confian\u00e7a e respeito. Veja como come\u00e7ar com seguran\u00e7a:<\/p>\n\n\n\n<h3 class=\"wp-block-heading\" id=\"1-start-the-conversation\">1. <strong>Comece a conversa<\/strong><\/h3>\n\n\n\n<p>Discuta seus desejos com seu parceiro de uma forma sem julgamentos. \u00c9 importante abordar essa conversa com abertura e vulnerabilidade. Se voc\u00ea n\u00e3o tem certeza de como come\u00e7ar, ferramentas como o <strong>Lista Sim\/N\u00e3o\/Talvez<\/strong> pode ajudar a facilitar discuss\u00f5es sobre diferentes dificuldades e limites.<\/p>\n\n\n\n<p>Para obter mais ajuda na comunica\u00e7\u00e3o de problemas com um parceiro, confira <a href=\"https:\/\/www.missgigiengle.com\/blog\/talking-about-kink-with-partner\" target=\"_blank\" rel=\"noreferrer noopener nofollow\">Conselho da Srta. Gigiengle<\/a>.<\/p>\n\n\n\n<h3 class=\"wp-block-heading\" id=\"2-set-clear-boundaries-and-consent\">2. <strong>Estabele\u00e7a limites claros e consentimento<\/strong><\/h3>\n\n\n\n<p>Certifique-se de que ambos os parceiros estejam confort\u00e1veis e consensuais sobre explorar novas atividades. Lembre-se de que a seguran\u00e7a \u00e9 fundamental, e todas as pr\u00e1ticas devem ser discutidas e acordadas de antem\u00e3o. Isso garante que todos os envolvidos estejam na mesma p\u00e1gina.<\/p>\n\n\n\n<p>Para recursos educacionais sobre como manter o consentimento e a comunica\u00e7\u00e3o em situa\u00e7\u00f5es de kink, visite <a href=\"https:\/\/www.guidedtrack.com\/programs\/u4m797m\/run\" target=\"_blank\" rel=\"noreferrer noopener nofollow\">Pesquisa Kink da Guided Track<\/a>.<\/p>\n\n\n\n<h3 class=\"wp-block-heading\" id=\"3-take-it-slow\">3. <strong>V\u00e1 com calma<\/strong><\/h3>\n\n\n\n<p>Comece com atividades pequenas e administr\u00e1veis e aumente gradualmente. Tentar uma simples conten\u00e7\u00e3o de bondage ou uma sess\u00e3o leve de surra pode introduzir voc\u00ea ao mundo do kink sem sobrecarregar seu parceiro.<\/p>\n\n\n\n<p>Para mais conselhos sobre como introduzir gradualmente o kink, visite <a href=\"https:\/\/www.choosingtherapy.com\/bdsm\/\" target=\"_blank\" rel=\"noreferrer noopener nofollow\">Dicas de BDSM da Choosing Therapy<\/a>.<\/p>\n\n\n\n<h3 class=\"wp-block-heading\" id=\"4-use-toys-and-props\">4. <strong>Use brinquedos e acess\u00f3rios<\/strong><\/h3>\n\n\n\n<p>Se voc\u00ea estiver interessado em incorporar brinquedos, como algemas, chicotes ou brinquedos sensoriais, comece com op\u00e7\u00f5es amig\u00e1veis para iniciantes. Elas podem adicionar camadas de excita\u00e7\u00e3o e explora\u00e7\u00e3o \u00e0 sua experi\u00eancia sexual.<\/p>\n\n\n\n<h3 class=\"wp-block-heading\" id=\"5-check-in-regularly\">5. <strong>Fa\u00e7a check-in regularmente<\/strong><\/h3>\n\n\n\n<p>Conforme voc\u00ea explora o kink, mantenha uma comunica\u00e7\u00e3o aberta com seu parceiro para garantir conforto e consentimento m\u00fatuos. Verifique regularmente e discuta como cada experi\u00eancia foi sentida por ambos.<\/p>\n\n\n\n<h2 class=\"wp-block-heading\" id=\"kink-and-fetish-community-resources\"><strong>Recursos da comunidade Kink and Fetish<\/strong><\/h2>\n\n\n\n<p>\u00c9 importante explorar kinks em uma comunidade que promova seguran\u00e7a, respeito e inclus\u00e3o. Muitas plataformas online oferecem espa\u00e7os para indiv\u00edduos discutirem seus kinks e buscarem conselhos. Participar dessas comunidades pode oferecer suporte, valida\u00e7\u00e3o e uma riqueza de informa\u00e7\u00f5es.<\/p>\n\n\n\n<p>Se voc\u00ea estiver interessado em discuss\u00f5es da comunidade ou conselhos sobre pervers\u00f5es, considere visitar plataformas como <a href=\"https:\/\/www.reddit.com\/r\/BDSMcommunity\/comments\/y539s2\/kink_test_but_not_that_one\/\" target=\"_blank\" rel=\"noreferrer noopener nofollow\">Comunidade BDSM do Reddit<\/a>.<\/p>\n\n\n\n<h2 class=\"wp-block-heading\" id=\"dealing-with-kink-mismatches\"><strong>Lidando com incompatibilidades de kink<\/strong><\/h2>\n\n\n\n<p>\u00c9 normal que os parceiros tenham interesses incompat\u00edveis quando se trata de kink. Se voc\u00ea e seu parceiro n\u00e3o compartilham o mesmo n\u00edvel de interesse em kink, \u00e9 importante lidar com a situa\u00e7\u00e3o com cuidado e respeito. Alguns podem estar abertos \u00e0 explora\u00e7\u00e3o gradual, enquanto outros podem n\u00e3o se sentir confort\u00e1veis com certas pr\u00e1ticas.<\/p>\n\n\n\n<p>Para saber mais sobre como gerenciar incompatibilidades de kink, confira <a href=\"https:\/\/mashable.com\/article\/mismatched-kinkiness-vanilla-bdsm\" target=\"_blank\" rel=\"noreferrer noopener nofollow\">Guia do Mashable sobre pervers\u00f5es incompat\u00edveis<\/a>.<\/p>\n\n\n\n<h2 class=\"wp-block-heading\" id=\"conclusion\"><strong>Conclus\u00e3o<\/strong><\/h2>\n\n\n\n<p>Kink \u00e9 um aspecto amplo, diverso e pessoal da sexualidade humana. Quer voc\u00ea esteja explorando-o sozinho ou com um parceiro, a chave \u00e9 abord\u00e1-lo com comunica\u00e7\u00e3o clara, respeito m\u00fatuo e consentimento. O mundo do kink oferece infinitas possibilidades de explora\u00e7\u00e3o, e ferramentas como o  <a href=\"https:\/\/bdsmtest.org\" target=\"_blank\" rel=\"noreferrer noopener nofollow\">BDSMTest.org<\/a> pode ajudar voc\u00ea a entender melhor seus desejos. Sempre priorize a seguran\u00e7a e o consentimento, e lembre-se de que explorar o kink \u00e9 uma jornada \u00fanica para cada indiv\u00edduo.<\/p>\n\n\n\n<p>Para mais informa\u00e7\u00f5es sobre como explorar a tor\u00e7\u00e3o, visite o <a href=\"https:\/\/en.wikipedia.org\/wiki\/Kink_(sexuality)\" target=\"_blank\" rel=\"noreferrer noopener nofollow\">Kink (Sexualidade) p\u00e1gina da Wikip\u00e9dia<\/a>.<\/p>\n<\/div>\n <\/div><\/section>\n<\/div>\n <\/div><\/div>","protected":false},"excerpt":{"rendered":"","protected":false},"author":1,"featured_media":0,"parent":0,"menu_order":0,"comment_status":"closed","ping_status":"closed","template":"","meta":{"_gspb_post_css":"#gspb_row-id-gsbp-45b9ead,#gspb_row-id-gsbp-642f81e,#gspb_row-id-gsbp-8302bca,#gspb_row-id-gsbp-ef8f6ea{justify-content:space-between;margin-top:0;margin-bottom:0;display:flex;flex-wrap:wrap}#gspb_row-id-gsbp-ef8f6ea>.gspb_row__content{display:flex;justify-content:space-between;margin:0 auto;width:100%;flex-wrap:wrap}.gspb_row{position:relative}div[id^=gspb_col-id]{box-sizing:border-box;position:relative;padding:15px min(3vw,20px)}body.gspb-bodyfront #gspb_row-id-gsbp-ef8f6ea>.gspb_row__content{width:var(--theme-container-width, 1200px);max-width:var(--theme-normal-container-max-width, 1200px)}#gspb_col-id-gsbp-7e2e75b.gspb_row__col--12{width:100%}@media (max-width:575.98px){#gspb_col-id-gsbp-7e2e75b.gspb_row__col--12{width:100%}}#gspb_row-id-gsbp-642f81e>.gspb_row__content{display:flex;justify-content:space-between;margin:0 auto;width:100%;flex-wrap:wrap}#gspb_col-id-gsbp-c360daa.gspb_row__col--12{width:100%}@media (max-width:575.98px){#gspb_col-id-gsbp-c360daa.gspb_row__col--12{width:100%}}#gspb_row-id-gsbp-8302bca>.gspb_row__content{display:flex;justify-content:space-between;margin:0 auto;width:100%;flex-wrap:wrap;max-width:960px}#gspb_col-id-gsbp-1652218.gspb_row__col--12{width:100%}@media (max-width:575.98px){#gspb_col-id-gsbp-1652218.gspb_row__col--12{width:100%}}#gspb_row-id-gsbp-45b9ead>.gspb_row__content{display:flex;justify-content:space-between;margin:0 auto;width:100%;flex-wrap:wrap}body.gspb-bodyfront #gspb_row-id-gsbp-45b9ead>.gspb_row__content,body.gspb-bodyfront #gspb_row-id-gsbp-642f81e>.gspb_row__content{width:var(--theme-container-width, 1200px);max-width:var(--theme-normal-container-max-width, 1200px)}#gspb_col-id-gsbp-24b0295.gspb_row__col--12{width:100%}@media (max-width:575.98px){#gspb_col-id-gsbp-24b0295.gspb_row__col--12{width:100%}}","footnotes":""},"class_list":["post-689","page","type-page","status-publish","hentry"],"blocksy_meta":[],"_links":{"self":[{"href":"https:\/\/amigayquiz.com\/pt\/wp-json\/wp\/v2\/pages\/689"}],"collection":[{"href":"https:\/\/amigayquiz.com\/pt\/wp-json\/wp\/v2\/pages"}],"about":[{"href":"https:\/\/amigayquiz.com\/pt\/wp-json\/wp\/v2\/types\/page"}],"author":[{"embeddable":true,"href":"https:\/\/amigayquiz.com\/pt\/wp-json\/wp\/v2\/users\/1"}],"replies":[{"embeddable":true,"href":"https:\/\/amigayquiz.com\/pt\/wp-json\/wp\/v2\/comments?post=689"}],"version-history":[{"count":4,"href":"https:\/\/amigayquiz.com\/pt\/wp-json\/wp\/v2\/pages\/689\/revisions"}],"predecessor-version":[{"id":695,"href":"https:\/\/amigayquiz.com\/pt\/wp-json\/wp\/v2\/pages\/689\/revisions\/695"}],"wp:attachment":[{"href":"https:\/\/amigayquiz.com\/pt\/wp-json\/wp\/v2\/media?parent=689"}],"curies":[{"name":"wp","href":"https:\/\/api.w.org\/{rel}","templated":true}]}}