{"id":689,"date":"2025-02-13T09:32:35","date_gmt":"2025-02-13T09:32:35","guid":{"rendered":"https:\/\/amigayquiz.com\/?page_id=689"},"modified":"2025-02-13T09:58:50","modified_gmt":"2025-02-13T09:58:50","slug":"kink-test","status":"publish","type":"page","link":"https:\/\/amigayquiz.com\/pl\/kink-test\/","title":{"rendered":"test zgi\u0119cia"},"content":{"rendered":"<div class=\"wp-block-greenshift-blocks-row gspb_row gspb_row-id-gsbp-ef8f6ea\" id=\"gspb_row-id-gsbp-ef8f6ea\"><div class=\"gspb_row__content\"> \n<div class=\"wp-block-greenshift-blocks-row-column gspb_row__col--12 gspb_col-id-gsbp-7e2e75b\" id=\"gspb_col-id-gsbp-7e2e75b\">\n<section class=\"wp-block-greenshift-blocks-row alignfull gspb_row gspb_row-id-gsbp-642f81e\" id=\"gspb_row-id-gsbp-642f81e\"><div class=\"gspb_row__content\"> \n<div class=\"wp-block-greenshift-blocks-row-column gspb_row__col--12 gspb_col-id-gsbp-c360daa\" id=\"gspb_col-id-gsbp-c360daa\">\n<style>\n        .kink-test-wrapper {\n            font-family: Arial, sans-serif;\n            max-width: 800px;\n            margin: 0 auto;\n            padding: 20px;\n            background-color: #fff1f1;\n        }\n        .kink-test-wrapper .test-container {\n            background-color: white;\n            padding: 30px;\n            border-radius: 10px;\n            box-shadow: 0 4px 15px rgba(255,0,0,0.1);\n        }\n        .kink-test-wrapper h1 {\n            color: #d32f2f;\n            text-align: center;\n            margin-bottom: 30px;\n            font-size: 2em;\n        }\n        .kink-test-wrapper .question {\n            margin-bottom: 25px;\n            padding: 15px;\n            border-bottom: 1px solid #ffcdd2;\n        }\n        .kink-test-wrapper .question p {\n            color: #b71c1c;\n            font-weight: 500;\n            margin-bottom: 15px;\n        }\n        .kink-test-wrapper .options {\n            display: flex;\n            justify-content: space-between;\n            margin-top: 10px;\n            flex-wrap: wrap;\n            gap: 10px;\n        }\n        .kink-test-wrapper .option {\n            position: relative;\n            min-width: 150px;\n            margin: 5px 0;\n        }\n        .kink-test-wrapper .option input[type=\"radio\"] {\n            position: absolute;\n            opacity: 0;\n            cursor: pointer;\n        }\n        .kink-test-wrapper .option label {\n            display: flex;\n            align-items: center;\n            padding: 8px 15px;\n            border: 1px solid rgba(255, 82, 82, 0.3);\n            border-radius: 20px;\n            cursor: pointer;\n            background-color: rgba(255, 255, 255, 0.8);\n            color: #666;\n            transition: all 0.3s ease;\n            width: 100%;\n            box-sizing: border-box;\n        }\n        .kink-test-wrapper .option label::before {\n            content: '';\n            width: 16px;\n            height: 16px;\n            border: 2px solid rgba(255, 82, 82, 0.5);\n            border-radius: 50%;\n            margin-right: 10px;\n            transition: all 0.3s ease;\n        }\n        .kink-test-wrapper .option input[type=\"radio\"]:checked + label {\n            background-color: #ffebee;\n            border-color: #ff5252;\n            color: #d32f2f;\n            font-weight: bold;\n            box-shadow: 0 2px 8px rgba(211,47,47,0.2);\n        }\n        .kink-test-wrapper .option input[type=\"radio\"]:checked + label::before {\n            background-color: #ff5252;\n            border-color: #ff5252;\n            box-shadow: inset 0 0 0 3px #fff;\n        }\n        .kink-test-wrapper .option:hover label {\n            background-color: #ffebee;\n            border-color: rgba(255, 82, 82, 0.8);\n            transform: translateY(-2px);\n        }\n        .kink-test-wrapper button {\n            display: block;\n            width: 200px;\n            margin: 20px auto;\n            padding: 12px;\n            background-color: #d32f2f;\n            color: white;\n            border: none;\n            border-radius: 25px;\n            cursor: pointer;\n            font-size: 16px;\n            font-weight: bold;\n            transition: all 0.3s ease;\n            box-shadow: 0 4px 12px rgba(211,47,47,0.2);\n        }\n        .kink-test-wrapper button:hover {\n            background-color: #b71c1c;\n            transform: translateY(-2px);\n            box-shadow: 0 6px 15px rgba(211,47,47,0.3);\n        }\n        .kink-test-wrapper #result {\n            margin-top: 20px;\n            padding: 20px;\n            border-radius: 10px;\n            text-align: center;\n            display: none;\n            background-color: #ffebee;\n            border: 2px solid #ff5252;\n        }\n        .kink-test-wrapper #result h2 {\n            color: #d32f2f;\n            margin-bottom: 15px;\n        }\n        .kink-test-wrapper #result p {\n            color: #b71c1c;\n            line-height: 1.6;\n        }\n    <\/style>\n \n    <div class=\"kink-test-wrapper\">\n        <div class=\"test-container\">\n            <h1>Test na zgi\u0119cie<\/h1>\n            <form id=\"kinkTest\" action=\"\">\n                <div id=\"questions\">\n                <\/div>\n                <button type=\"button\" onclick=\"calculateScore()\">Oblicz sw\u00f3j wynik<\/button>\n            <input type=\"hidden\" name=\"trp-form-language\" value=\"pl\"\/><\/form>\n            <div id=\"result\"><\/div>\n        <\/div>\n    <\/div>\n\n    <script>\n        const questions = [\n            \"Do you find interest in the roles of dominance and submission?\",\n            \"Have you ever been interested in mild pain (e.g., light slapping, light spanking)?\",\n            \"Do you enjoy trying restraint or limiting movement during sex?\",\n            \"Are you interested in role-playing, especially in non-traditional gender or societal roles?\",\n            \"Do you find uniforms (e.g., nurse, police officer outfits) sexually attractive?\",\n            \"Have you ever fantasized about BDSM or humiliation scenarios?\",\n            \"Are you interested in controlling others or being controlled by them?\",\n            \"Do you have a strong preference for certain types of sexual acts?\",\n            \"Are you interested in kinky toys or tools (e.g., whips, leather products)?\",\n            \"Do you enjoy incorporating elements of power exchange in your sexual activities?\",\n            \"Are you attracted to feet or feel aroused when others touch your feet?\",\n            \"Do you find certain body parts (e.g., neck, back) particularly sexually appealing?\",\n            \"Have you ever fantasized about group sex or participating in orgies?\",\n            \"Are you intrigued by exhibitionism or performing sexual acts in public places?\",\n            \"Are you interested in 'training' or teaching another person during sexual activities?\",\n            \"Have you ever had fantasies involving humiliation or public shaming during sex?\"\n        ];\n\n        const options = [\"Frequently\", \"Occasionally\", \"Rarely\", \"Never\"];\n\n        \/\/ Generate questions\n        const questionsContainer = document.getElementById(\"questions\");\n        questions.forEach((question, index) => {\n            const questionDiv = document.createElement(\"div\");\n            questionDiv.className = \"question\";\n            questionDiv.innerHTML = `\n                <p>${index + 1}. ${question}<\/p>\n                <div class=\"options\">\n                    ${options.map((option, optionIndex) => `\n                        <div class=\"option\">\n                            <input type=\"radio\" \n                                   id=\"q${index}_${optionIndex}\" \n                                   name=\"q${index}\" \n                                   value=\"${3 - optionIndex}\" \n                                   required>\n                            <label for=\"q${index}_${optionIndex}\">${option}<\/label>\n                        <\/div>\n                    `).join('')}\n                <\/div>\n            `;\n            questionsContainer.appendChild(questionDiv);\n        });\n\n        function calculateScore() {\n            const form = document.getElementById(\"kinkTest\");\n            const result = document.getElementById(\"result\");\n            \n            \/\/ Check if all questions are answered\n            const answered = [...form.querySelectorAll('input[type=\"radio\"]:checked')].length;\n            if (answered < questions.length) {\n                alert(\"Please answer all questions before calculating your score.\");\n                return;\n            }\n\n            \/\/ Calculate total score\n            let score = 0;\n            questions.forEach((_, index) => {\n                const selected = form.querySelector(`input[name=\"q${index}\"]:checked`);\n                score += parseInt(selected.value);\n            });\n\n            \/\/ Determine result category\n            let category;\n            if (score >= 34) {\n                category = \"Primarily interested in kink, with strong or diverse inclinations towards various kinks and fantasies.\";\n            } else if (score >= 25) {\n                category = \"Shows a mix of kink interests, with openness to exploring different aspects of kink, but not fully immersed in all practices.\";\n            } else if (score >= 13) {\n                category = \"More traditional or conventional in sexual preferences, with occasional curiosity or interest in some kink elements.\";\n            } else {\n                category = \"Primarily conventional in sexual preferences, with little or no interest in kink or alternative sexual practices.\";\n            }\n\n            \/\/ Display result\n            result.style.display = \"block\";\n            result.innerHTML = `\n                <h2>Your Score: ${score}\/48<\/h2>\n                <p>${category}<\/p>\n            `;\n            result.scrollIntoView({ behavior: 'smooth' });\n        }\n    <\/script>\n<\/div>\n <\/div><\/section>\n<\/div>\n <\/div><\/div>\n\n\n\n<div class=\"wp-block-greenshift-blocks-row gspb_row gspb_row-id-gsbp-8302bca\" id=\"gspb_row-id-gsbp-8302bca\"><div class=\"gspb_row__content\"> \n<div class=\"wp-block-greenshift-blocks-row-column gspb_row__col--12 gspb_col-id-gsbp-1652218\" id=\"gspb_col-id-gsbp-1652218\">\n<section class=\"wp-block-greenshift-blocks-row alignfull gspb_row gspb_row-id-gsbp-45b9ead\" id=\"gspb_row-id-gsbp-45b9ead\"><div class=\"gspb_row__content\"> \n<div class=\"wp-block-greenshift-blocks-row-column gspb_row__col--12 gspb_col-id-gsbp-24b0295\" id=\"gspb_col-id-gsbp-24b0295\">\n<p>W ludzkiej seksualno\u015bci kink odnosi si\u0119 do praktyk seksualnych lub fantazji, kt\u00f3re odbiegaj\u0105 od konwencjonalnych lub tradycyjnych norm. Termin <em>skr\u0119t<\/em> jest cz\u0119sto u\u017cywane jako szeroka kategoria obejmuj\u0105ca takie aktywno\u015bci jak BDSM, odgrywanie r\u00f3l i inne formy ekspresji seksualnej, kt\u00f3re mog\u0105 nie pasowa\u0107 do g\u0142\u00f3wnego nurtu oczekiwa\u0144 seksualnych. W ostatnich latach idea fetyszu sta\u0142a si\u0119 bardziej znormalizowana, a wiele os\u00f3b szuka sposob\u00f3w na bezpieczne i dobrowolne eksplorowanie swoich pragnie\u0144.<\/p>\n\n\n\n<h2 class=\"wp-block-heading\" id=\"what-is-kink\"><strong>Czym jest Kink?<\/strong><\/h2>\n\n\n\n<p>Kink, w najszerszym znaczeniu, odnosi si\u0119 do wszelkich praktyk seksualnych, zainteresowa\u0144 lub fantazji, kt\u00f3re s\u0105 uwa\u017cane za nienormatywne lub niekonwencjonalne. Zachowania te mog\u0105 obejmowa\u0107 zar\u00f3wno zabawne scenariusze, jak i bardziej intensywne praktyki, kt\u00f3re mog\u0105 obejmowa\u0107 dynamik\u0119 w\u0142adzy, b\u00f3l lub upokorzenie. Jednym z powszechnych b\u0142\u0119dnych przekona\u0144 jest to, \u017ce kink jest synonimem BDSM, ale <em>skr\u0119t<\/em> jest znacznie szerszym terminem i obejmuje szerok\u0105 gam\u0119 zachowa\u0144 i zainteresowa\u0144 wykraczaj\u0105cych poza niewol\u0119, dyscyplin\u0119, dominacj\u0119, uleg\u0142o\u015b\u0107, sadyzm i masochizm.<\/p>\n\n\n\n<p>W istocie fetysz mo\u017ce obejmowa\u0107 wszystko, od <strong>odgrywanie r\u00f3l<\/strong>, <strong>gra uderzeniowa<\/strong>, nawet do \u0142agodnych odczu\u0107, takich jak <strong>sztuka woskowa<\/strong>Wszystko sprowadza si\u0119 do eksploracji granic, osobistych preferencji i zgody z partnerem.<\/p>\n\n\n\n<p>Aby uzyska\u0107 wi\u0119cej informacji na temat terminologii i praktyk zwi\u0105zanych z fetyszem, odwied\u017a stron\u0119 <a href=\"https:\/\/en.wikipedia.org\/wiki\/Kink_(sexuality)\" target=\"_blank\" rel=\"noreferrer noopener nofollow\">Strona Wikipedii o Kink<\/a>.<\/p>\n\n\n\n<h2 class=\"wp-block-heading\" id=\"what-is-bdsm-and-how-does-it-relate-to-kink\"><strong>Czym jest BDSM i jaki jest jego zwi\u0105zek z fetyszem?<\/strong><\/h2>\n\n\n\n<p>BDSM to podzbi\u00f3r fetyszy, kt\u00f3ry koncentruje si\u0119 na dobrowolnej dynamice w\u0142adzy, kt\u00f3ra mo\u017ce obejmowa\u0107 <strong>niewola<\/strong>, <strong>dyscyplina<\/strong>, <strong>przewaga<\/strong>, <strong>przed\u0142o\u017cona praca<\/strong>, <strong>sadyzm<\/strong>, I <strong>masochizm<\/strong>. Podczas gdy praktyki BDSM mog\u0105 by\u0107 cz\u0119\u015bci\u0105 szerszej spo\u0142eczno\u015bci kink, nie wszystkie kinki obejmuj\u0105 BDSM. Na przyk\u0142ad niekt\u00f3rzy ludzie mog\u0105 lubi\u0107 <strong>fetysze st\u00f3p<\/strong>, <strong>ekshibicjonizm<\/strong>, Lub <strong>odgrywanie r\u00f3l<\/strong> bez anga\u017cowania si\u0119 w praktyki BDSM.<\/p>\n\n\n\n<p>BDSM jest jednak cz\u0119sto pierwsz\u0105 rzecz\u0105, o kt\u00f3rej ludzie my\u015bl\u0105, gdy mowa o fetyszu. Praktyki te koncentruj\u0105 si\u0119 wok\u00f3\u0142 wymiany w\u0142adzy mi\u0119dzy dwiema lub wi\u0119cej osobami i s\u0105 negocjowane za wyra\u017an\u0105 zgod\u0105. Je\u015bli jeste\u015b nowy w BDSM lub fetyszu w og\u00f3le, mo\u017cesz dowiedzie\u0107 si\u0119 wi\u0119cej na <a href=\"https:\/\/www.dictionary.com\/browse\/bdsm\" target=\"_blank\" rel=\"noreferrer noopener nofollow\">S\u0142owniki terminologii BDSM<\/a> lub przewodniki dla pocz\u0105tkuj\u0105cych, takie jak ten na <a href=\"https:\/\/www.theswaddle.com\/kink-101-everything-you-need-to-know-about-bdsm\" target=\"_blank\" rel=\"noreferrer noopener nofollow\">Pieluszka<\/a>.<\/p>\n\n\n\n<h2 class=\"wp-block-heading\" id=\"the-kink-orientation-scale-kos\"><strong>Skala orientacji kinkowej (KOS)<\/strong><\/h2>\n\n\n\n<p>Nowym narz\u0119dziem do eksploracji zainteresowa\u0144 fetyszowych jest <em>Skala orientacji kinkowej (KOS)<\/em>, kt\u00f3ry zosta\u0142 opracowany przez badaczy z University of Brighton. To narz\u0119dzie pomaga oceni\u0107 Twoj\u0105 \u201eorientacj\u0119 kinkow\u0105\u201d, w tym Twoje postawy, zachowania i pragnienia. Skala mierzy szereg czynnik\u00f3w, takich jak Twoje preferencje dotycz\u0105ce dominacji, uleg\u0142o\u015bci i rodzaje aktywno\u015bci, kt\u00f3re lubisz, od <strong>lekkie zniewolenie<\/strong> Do <strong>gra uderzeniowa<\/strong>.<\/p>\n\n\n\n<p>Je\u015bli jeste\u015b ciekaw, jak bardzo jeste\u015b zboczony, mo\u017cesz wykona\u0107 test <a href=\"https:\/\/amigayquiz.com\/pl\/kink-test\/\">test zgi\u0119cia<\/a><a href=\"https:\/\/www.kinktest.org\" rel=\"nofollow noopener\" target=\"_blank\">,<\/a> aby zobaczy\u0107, gdzie znajdujesz si\u0119 na skali zbocze\u0144. Te oceny pomagaj\u0105 znormalizowa\u0107 rozmow\u0119 na temat zbocze\u0144 i fetyszy oraz zapewniaj\u0105 bardziej naukowe podej\u015bcie do ich zrozumienia.<\/p>\n\n\n\n<h2 class=\"wp-block-heading\" id=\"common-kink-practices-and-activities\"><strong>Typowe praktyki i dzia\u0142ania zwi\u0105zane z fetyszem<\/strong><\/h2>\n\n\n\n<p>Kink obejmuje szeroki zakres aktywno\u015bci. Niekt\u00f3re popularne fetysze, kt\u00f3re ludzie lubi\u0105, to:<\/p>\n\n\n\n<ul class=\"wp-block-list\">\n<li><strong>Niewola<\/strong>:Ograniczanie ruch\u00f3w partnera, cz\u0119sto przy pomocy lin, kajdanek lub innych \u015brodk\u00f3w ograniczaj\u0105cych.<\/li>\n\n\n\n<li><strong>Odgrywanie r\u00f3l<\/strong>:Oddawanie si\u0119 fantazjom, w kt\u00f3rych ty lub tw\u00f3j partner wcielacie si\u0119 w okre\u015blone postacie lub relacje w\u0142adzy.<\/li>\n\n\n\n<li><strong>Gra uderzeniowa<\/strong>: Obejmuje takie czynno\u015bci jak bicie, ch\u0142osta lub uderzanie, gdzie nacisk k\u0142adzie si\u0119 na odczuwanie b\u00f3lu lub dyskomfortu w celu osi\u0105gni\u0119cia przyjemno\u015bci.<\/li>\n\n\n\n<li><strong>Fetysz st\u00f3p<\/strong>:Zainteresowanie seksualne stopami, kt\u00f3re mo\u017ce obejmowa\u0107 takie czynno\u015bci jak masa\u017ce st\u00f3p lub odgrywanie r\u00f3l skupionych na stopach.<\/li>\n\n\n\n<li><strong>Ekshibicjonizm<\/strong>:Pragnienie bycia obserwowanym podczas podejmowania aktywno\u015bci seksualnej, osobi\u015bcie lub za po\u015brednictwem medi\u00f3w.<\/li>\n\n\n\n<li><strong>Zabawa woskiem<\/strong>:Wykorzystywanie gor\u0105cego wosku jako formy zabawy sensorycznej, w kt\u00f3rej wosk kapie na sk\u00f3r\u0119, aby zapewni\u0107 przyjemno\u015b\u0107 poprzez ciep\u0142o i doznania.<\/li>\n<\/ul>\n\n\n\n<p>Aby uzyska\u0107 szerszy opis fetyszu, w tym popularnych aktywno\u015bci, odwied\u017a stron\u0119 <a href=\"https:\/\/www.businessinsider.com\/guides\/health\/sex-relationships\/list-of-kinks\" target=\"_blank\" rel=\"noreferrer noopener nofollow\">Lista niedoci\u0105gni\u0119\u0107 wed\u0142ug Business Insider<\/a>.<\/p>\n\n\n\n<h2 class=\"wp-block-heading\" id=\"how-to-safely-explore-kink-with-your-partner\"><strong>Jak bezpiecznie odkrywa\u0107 fetysze ze swoim partnerem<\/strong><\/h2>\n\n\n\n<p>Wprowadzenie fetyszu do zwi\u0105zku wymaga otwartej komunikacji, zaufania i szacunku. Oto jak zacz\u0105\u0107 bezpiecznie:<\/p>\n\n\n\n<h3 class=\"wp-block-heading\" id=\"1-start-the-conversation\">1. <strong>Rozpocznij rozmow\u0119<\/strong><\/h3>\n\n\n\n<p>Om\u00f3w swoje pragnienia z partnerem w spos\u00f3b bezstronny. Wa\u017cne jest, aby podej\u015b\u0107 do tej rozmowy z otwarto\u015bci\u0105 i wra\u017cliwo\u015bci\u0105. Je\u015bli nie wiesz, jak zacz\u0105\u0107, narz\u0119dzia takie jak <strong>Lista Tak\/Nie\/Mo\u017ce<\/strong> mo\u017ce pom\u00f3c u\u0142atwi\u0107 dyskusje na temat r\u00f3\u017cnych problem\u00f3w i granic.<\/p>\n\n\n\n<p>Aby uzyska\u0107 dalsz\u0105 pomoc w komunikowaniu si\u0119 z partnerem na temat fetyszy, zapoznaj si\u0119 z <a href=\"https:\/\/www.missgigiengle.com\/blog\/talking-about-kink-with-partner\" target=\"_blank\" rel=\"noreferrer noopener nofollow\">Rada panny Gigiengle<\/a>.<\/p>\n\n\n\n<h3 class=\"wp-block-heading\" id=\"2-set-clear-boundaries-and-consent\">2. <strong>Ustal jasne granice i zgod\u0119<\/strong><\/h3>\n\n\n\n<p>Upewnij si\u0119, \u017ce oboje partnerzy czuj\u0105 si\u0119 komfortowo i s\u0105 zgodni co do eksplorowania nowych aktywno\u015bci. Pami\u0119taj, \u017ce bezpiecze\u0144stwo jest kluczowe, a wszystkie praktyki powinny by\u0107 om\u00f3wione i uzgodnione wcze\u015bniej. Dzi\u0119ki temu wszyscy zaanga\u017cowani s\u0105 na tej samej stronie.<\/p>\n\n\n\n<p>Aby uzyska\u0107 materia\u0142y edukacyjne dotycz\u0105ce zachowania zgody i komunikacji w kontek\u015bcie fetyszu, odwied\u017a stron\u0119 <a href=\"https:\/\/www.guidedtrack.com\/programs\/u4m797m\/run\" target=\"_blank\" rel=\"noreferrer noopener nofollow\">Ankieta Kink Guided Track<\/a>.<\/p>\n\n\n\n<h3 class=\"wp-block-heading\" id=\"3-take-it-slow\">3. <strong>Nie spiesz si\u0119<\/strong><\/h3>\n\n\n\n<p>Zacznij od ma\u0142ych, \u0142atwych do opanowania aktywno\u015bci i stopniowo je zwi\u0119kszaj. Pr\u00f3ba prostego wi\u0105zania bondage lub lekkiej sesji bicia mo\u017ce wprowadzi\u0107 ci\u0119 do \u015bwiata fetyszu bez przyt\u0142aczania twojego partnera.<\/p>\n\n\n\n<p>Wi\u0119cej porad na temat stopniowego wprowadzania fetyszu znajdziesz na stronie <a href=\"https:\/\/www.choosingtherapy.com\/bdsm\/\" target=\"_blank\" rel=\"noreferrer noopener nofollow\">Porady BDSM firmy Choosing Therapy<\/a>.<\/p>\n\n\n\n<h3 class=\"wp-block-heading\" id=\"4-use-toys-and-props\">4. <strong>U\u017cyj zabawek i rekwizyt\u00f3w<\/strong><\/h3>\n\n\n\n<p>Je\u015bli jeste\u015b zainteresowany w\u0142\u0105czeniem zabawek, takich jak kajdanki, bicze lub zabawki sensoryczne, zacznij od opcji przyjaznych dla pocz\u0105tkuj\u0105cych. Mog\u0105 one doda\u0107 warstw podniecenia i eksploracji do twojego do\u015bwiadczenia seksualnego.<\/p>\n\n\n\n<h3 class=\"wp-block-heading\" id=\"5-check-in-regularly\">5. <strong>Melduj si\u0119 regularnie<\/strong><\/h3>\n\n\n\n<p>Podczas eksplorowania fetyszu utrzymuj otwart\u0105 komunikacj\u0119 ze swoim partnerem, aby zapewni\u0107 sobie wzajemny komfort i zgod\u0119. Regularnie sprawdzaj i omawiaj, jak ka\u017cde do\u015bwiadczenie by\u0142o dla was obojga.<\/p>\n\n\n\n<h2 class=\"wp-block-heading\" id=\"kink-and-fetish-community-resources\"><strong>Zasoby spo\u0142eczno\u015bci Kink i Fetish<\/strong><\/h2>\n\n\n\n<p>Wa\u017cne jest, aby eksplorowa\u0107 fetysze w spo\u0142eczno\u015bci, kt\u00f3ra promuje bezpiecze\u0144stwo, szacunek i inkluzywno\u015b\u0107. Wiele platform internetowych zapewnia przestrzenie, w kt\u00f3rych osoby mog\u0105 omawia\u0107 swoje fetysze i szuka\u0107 porad. Do\u0142\u0105czenie do tych spo\u0142eczno\u015bci mo\u017ce zapewni\u0107 wsparcie, potwierdzenie i bogactwo informacji.<\/p>\n\n\n\n<p>Je\u015bli interesuj\u0105 Ci\u0119 dyskusje spo\u0142eczno\u015bciowe lub porady dotycz\u0105ce fetyszy, rozwa\u017c odwiedzenie platform takich jak <a href=\"https:\/\/www.reddit.com\/r\/BDSMcommunity\/comments\/y539s2\/kink_test_but_not_that_one\/\" target=\"_blank\" rel=\"noreferrer noopener nofollow\">Spo\u0142eczno\u015b\u0107 BDSM Reddita<\/a>.<\/p>\n\n\n\n<h2 class=\"wp-block-heading\" id=\"dealing-with-kink-mismatches\"><strong>Radzenie sobie z niedopasowaniem kink<\/strong><\/h2>\n\n\n\n<p>To normalne, \u017ce partnerzy maj\u0105 niedopasowane zainteresowania, je\u015bli chodzi o fetysz. Je\u015bli ty i tw\u00f3j partner nie podzielacie tego samego poziomu zainteresowania fetyszem, wa\u017cne jest, aby podej\u015b\u0107 do sytuacji ostro\u017cnie i z szacunkiem. Niekt\u00f3rzy mog\u0105 by\u0107 otwarci na stopniow\u0105 eksploracj\u0119, podczas gdy inni mog\u0105 nie czu\u0107 si\u0119 komfortowo z pewnymi praktykami.<\/p>\n\n\n\n<p>Aby dowiedzie\u0107 si\u0119 wi\u0119cej o radzeniu sobie z niezgodno\u015bciami kink, zapoznaj si\u0119 z <a href=\"https:\/\/mashable.com\/article\/mismatched-kinkiness-vanilla-bdsm\" target=\"_blank\" rel=\"noreferrer noopener nofollow\">Przewodnik Mashable na temat niedopasowanych zbocze\u0144<\/a>.<\/p>\n\n\n\n<h2 class=\"wp-block-heading\" id=\"conclusion\"><strong>Wniosek<\/strong><\/h2>\n\n\n\n<p>Kink to szeroki, r\u00f3\u017cnorodny i osobisty aspekt ludzkiej seksualno\u015bci. Niezale\u017cnie od tego, czy eksplorujesz go solo, czy z partnerem, kluczem jest podej\u015bcie do niego z jasn\u0105 komunikacj\u0105, wzajemnym szacunkiem i zgod\u0105. \u015awiat kink oferuje niesko\u0144czone mo\u017cliwo\u015bci eksploracji, a narz\u0119dzia takie jak  <a href=\"https:\/\/bdsmtest.org\" target=\"_blank\" rel=\"noreferrer noopener nofollow\">BDSMTest.org<\/a> mo\u017ce pom\u00f3c Ci lepiej zrozumie\u0107 Twoje pragnienia. Zawsze stawiaj na pierwszym miejscu bezpiecze\u0144stwo i zgod\u0119, i pami\u0119taj, \u017ce odkrywanie fetyszu to podr\u00f3\u017c, kt\u00f3ra jest wyj\u0105tkowa dla ka\u017cdej osoby.<\/p>\n\n\n\n<p>Wi\u0119cej informacji na temat eksploracji fetyszu znajdziesz na stronie <a href=\"https:\/\/en.wikipedia.org\/wiki\/Kink_(sexuality)\" target=\"_blank\" rel=\"noreferrer noopener nofollow\">Strona Wikipedii na temat Kink (seksualno\u015b\u0107)<\/a>.<\/p>\n<\/div>\n <\/div><\/section>\n<\/div>\n <\/div><\/div>","protected":false},"excerpt":{"rendered":"","protected":false},"author":1,"featured_media":0,"parent":0,"menu_order":0,"comment_status":"closed","ping_status":"closed","template":"","meta":{"_gspb_post_css":"#gspb_row-id-gsbp-45b9ead,#gspb_row-id-gsbp-642f81e,#gspb_row-id-gsbp-8302bca,#gspb_row-id-gsbp-ef8f6ea{justify-content:space-between;margin-top:0;margin-bottom:0;display:flex;flex-wrap:wrap}#gspb_row-id-gsbp-ef8f6ea>.gspb_row__content{display:flex;justify-content:space-between;margin:0 auto;width:100%;flex-wrap:wrap}.gspb_row{position:relative}div[id^=gspb_col-id]{box-sizing:border-box;position:relative;padding:15px min(3vw,20px)}body.gspb-bodyfront #gspb_row-id-gsbp-ef8f6ea>.gspb_row__content{width:var(--theme-container-width, 1200px);max-width:var(--theme-normal-container-max-width, 1200px)}#gspb_col-id-gsbp-7e2e75b.gspb_row__col--12{width:100%}@media (max-width:575.98px){#gspb_col-id-gsbp-7e2e75b.gspb_row__col--12{width:100%}}#gspb_row-id-gsbp-642f81e>.gspb_row__content{display:flex;justify-content:space-between;margin:0 auto;width:100%;flex-wrap:wrap}#gspb_col-id-gsbp-c360daa.gspb_row__col--12{width:100%}@media (max-width:575.98px){#gspb_col-id-gsbp-c360daa.gspb_row__col--12{width:100%}}#gspb_row-id-gsbp-8302bca>.gspb_row__content{display:flex;justify-content:space-between;margin:0 auto;width:100%;flex-wrap:wrap;max-width:960px}#gspb_col-id-gsbp-1652218.gspb_row__col--12{width:100%}@media (max-width:575.98px){#gspb_col-id-gsbp-1652218.gspb_row__col--12{width:100%}}#gspb_row-id-gsbp-45b9ead>.gspb_row__content{display:flex;justify-content:space-between;margin:0 auto;width:100%;flex-wrap:wrap}body.gspb-bodyfront #gspb_row-id-gsbp-45b9ead>.gspb_row__content,body.gspb-bodyfront #gspb_row-id-gsbp-642f81e>.gspb_row__content{width:var(--theme-container-width, 1200px);max-width:var(--theme-normal-container-max-width, 1200px)}#gspb_col-id-gsbp-24b0295.gspb_row__col--12{width:100%}@media (max-width:575.98px){#gspb_col-id-gsbp-24b0295.gspb_row__col--12{width:100%}}","footnotes":""},"class_list":["post-689","page","type-page","status-publish","hentry"],"blocksy_meta":[],"_links":{"self":[{"href":"https:\/\/amigayquiz.com\/pl\/wp-json\/wp\/v2\/pages\/689"}],"collection":[{"href":"https:\/\/amigayquiz.com\/pl\/wp-json\/wp\/v2\/pages"}],"about":[{"href":"https:\/\/amigayquiz.com\/pl\/wp-json\/wp\/v2\/types\/page"}],"author":[{"embeddable":true,"href":"https:\/\/amigayquiz.com\/pl\/wp-json\/wp\/v2\/users\/1"}],"replies":[{"embeddable":true,"href":"https:\/\/amigayquiz.com\/pl\/wp-json\/wp\/v2\/comments?post=689"}],"version-history":[{"count":4,"href":"https:\/\/amigayquiz.com\/pl\/wp-json\/wp\/v2\/pages\/689\/revisions"}],"predecessor-version":[{"id":695,"href":"https:\/\/amigayquiz.com\/pl\/wp-json\/wp\/v2\/pages\/689\/revisions\/695"}],"wp:attachment":[{"href":"https:\/\/amigayquiz.com\/pl\/wp-json\/wp\/v2\/media?parent=689"}],"curies":[{"name":"wp","href":"https:\/\/api.w.org\/{rel}","templated":true}]}}