{"id":689,"date":"2025-02-13T09:32:35","date_gmt":"2025-02-13T09:32:35","guid":{"rendered":"https:\/\/amigayquiz.com\/?page_id=689"},"modified":"2025-02-13T09:58:50","modified_gmt":"2025-02-13T09:58:50","slug":"kink-test","status":"publish","type":"page","link":"https:\/\/amigayquiz.com\/it\/kink-test\/","title":{"rendered":"prova di piega"},"content":{"rendered":"<div class=\"wp-block-greenshift-blocks-row gspb_row gspb_row-id-gsbp-ef8f6ea\" id=\"gspb_row-id-gsbp-ef8f6ea\"><div class=\"gspb_row__content\"> \n<div class=\"wp-block-greenshift-blocks-row-column gspb_row__col--12 gspb_col-id-gsbp-7e2e75b\" id=\"gspb_col-id-gsbp-7e2e75b\">\n<section class=\"wp-block-greenshift-blocks-row alignfull gspb_row gspb_row-id-gsbp-642f81e\" id=\"gspb_row-id-gsbp-642f81e\"><div class=\"gspb_row__content\"> \n<div class=\"wp-block-greenshift-blocks-row-column gspb_row__col--12 gspb_col-id-gsbp-c360daa\" id=\"gspb_col-id-gsbp-c360daa\">\n<style>\n        .kink-test-wrapper {\n            font-family: Arial, sans-serif;\n            max-width: 800px;\n            margin: 0 auto;\n            padding: 20px;\n            background-color: #fff1f1;\n        }\n        .kink-test-wrapper .test-container {\n            background-color: white;\n            padding: 30px;\n            border-radius: 10px;\n            box-shadow: 0 4px 15px rgba(255,0,0,0.1);\n        }\n        .kink-test-wrapper h1 {\n            color: #d32f2f;\n            text-align: center;\n            margin-bottom: 30px;\n            font-size: 2em;\n        }\n        .kink-test-wrapper .question {\n            margin-bottom: 25px;\n            padding: 15px;\n            border-bottom: 1px solid #ffcdd2;\n        }\n        .kink-test-wrapper .question p {\n            color: #b71c1c;\n            font-weight: 500;\n            margin-bottom: 15px;\n        }\n        .kink-test-wrapper .options {\n            display: flex;\n            justify-content: space-between;\n            margin-top: 10px;\n            flex-wrap: wrap;\n            gap: 10px;\n        }\n        .kink-test-wrapper .option {\n            position: relative;\n            min-width: 150px;\n            margin: 5px 0;\n        }\n        .kink-test-wrapper .option input[type=\"radio\"] {\n            position: absolute;\n            opacity: 0;\n            cursor: pointer;\n        }\n        .kink-test-wrapper .option label {\n            display: flex;\n            align-items: center;\n            padding: 8px 15px;\n            border: 1px solid rgba(255, 82, 82, 0.3);\n            border-radius: 20px;\n            cursor: pointer;\n            background-color: rgba(255, 255, 255, 0.8);\n            color: #666;\n            transition: all 0.3s ease;\n            width: 100%;\n            box-sizing: border-box;\n        }\n        .kink-test-wrapper .option label::before {\n            content: '';\n            width: 16px;\n            height: 16px;\n            border: 2px solid rgba(255, 82, 82, 0.5);\n            border-radius: 50%;\n            margin-right: 10px;\n            transition: all 0.3s ease;\n        }\n        .kink-test-wrapper .option input[type=\"radio\"]:checked + label {\n            background-color: #ffebee;\n            border-color: #ff5252;\n            color: #d32f2f;\n            font-weight: bold;\n            box-shadow: 0 2px 8px rgba(211,47,47,0.2);\n        }\n        .kink-test-wrapper .option input[type=\"radio\"]:checked + label::before {\n            background-color: #ff5252;\n            border-color: #ff5252;\n            box-shadow: inset 0 0 0 3px #fff;\n        }\n        .kink-test-wrapper .option:hover label {\n            background-color: #ffebee;\n            border-color: rgba(255, 82, 82, 0.8);\n            transform: translateY(-2px);\n        }\n        .kink-test-wrapper button {\n            display: block;\n            width: 200px;\n            margin: 20px auto;\n            padding: 12px;\n            background-color: #d32f2f;\n            color: white;\n            border: none;\n            border-radius: 25px;\n            cursor: pointer;\n            font-size: 16px;\n            font-weight: bold;\n            transition: all 0.3s ease;\n            box-shadow: 0 4px 12px rgba(211,47,47,0.2);\n        }\n        .kink-test-wrapper button:hover {\n            background-color: #b71c1c;\n            transform: translateY(-2px);\n            box-shadow: 0 6px 15px rgba(211,47,47,0.3);\n        }\n        .kink-test-wrapper #result {\n            margin-top: 20px;\n            padding: 20px;\n            border-radius: 10px;\n            text-align: center;\n            display: none;\n            background-color: #ffebee;\n            border: 2px solid #ff5252;\n        }\n        .kink-test-wrapper #result h2 {\n            color: #d32f2f;\n            margin-bottom: 15px;\n        }\n        .kink-test-wrapper #result p {\n            color: #b71c1c;\n            line-height: 1.6;\n        }\n    <\/style>\n \n    <div class=\"kink-test-wrapper\">\n        <div class=\"test-container\">\n            <h1>Test di piegatura<\/h1>\n            <form id=\"kinkTest\" action=\"\">\n                <div id=\"questions\">\n                <\/div>\n                <button type=\"button\" onclick=\"calculateScore()\">Calcola il tuo punteggio<\/button>\n            <input type=\"hidden\" name=\"trp-form-language\" value=\"it\"\/><\/form>\n            <div id=\"result\"><\/div>\n        <\/div>\n    <\/div>\n\n    <script>\n        const questions = [\n            \"Do you find interest in the roles of dominance and submission?\",\n            \"Have you ever been interested in mild pain (e.g., light slapping, light spanking)?\",\n            \"Do you enjoy trying restraint or limiting movement during sex?\",\n            \"Are you interested in role-playing, especially in non-traditional gender or societal roles?\",\n            \"Do you find uniforms (e.g., nurse, police officer outfits) sexually attractive?\",\n            \"Have you ever fantasized about BDSM or humiliation scenarios?\",\n            \"Are you interested in controlling others or being controlled by them?\",\n            \"Do you have a strong preference for certain types of sexual acts?\",\n            \"Are you interested in kinky toys or tools (e.g., whips, leather products)?\",\n            \"Do you enjoy incorporating elements of power exchange in your sexual activities?\",\n            \"Are you attracted to feet or feel aroused when others touch your feet?\",\n            \"Do you find certain body parts (e.g., neck, back) particularly sexually appealing?\",\n            \"Have you ever fantasized about group sex or participating in orgies?\",\n            \"Are you intrigued by exhibitionism or performing sexual acts in public places?\",\n            \"Are you interested in 'training' or teaching another person during sexual activities?\",\n            \"Have you ever had fantasies involving humiliation or public shaming during sex?\"\n        ];\n\n        const options = [\"Frequently\", \"Occasionally\", \"Rarely\", \"Never\"];\n\n        \/\/ Generate questions\n        const questionsContainer = document.getElementById(\"questions\");\n        questions.forEach((question, index) => {\n            const questionDiv = document.createElement(\"div\");\n            questionDiv.className = \"question\";\n            questionDiv.innerHTML = `\n                <p>${index + 1}. ${question}<\/p>\n                <div class=\"options\">\n                    ${options.map((option, optionIndex) => `\n                        <div class=\"option\">\n                            <input type=\"radio\" \n                                   id=\"q${index}_${optionIndex}\" \n                                   name=\"q${index}\" \n                                   value=\"${3 - optionIndex}\" \n                                   required>\n                            <label for=\"q${index}_${optionIndex}\">${option}<\/label>\n                        <\/div>\n                    `).join('')}\n                <\/div>\n            `;\n            questionsContainer.appendChild(questionDiv);\n        });\n\n        function calculateScore() {\n            const form = document.getElementById(\"kinkTest\");\n            const result = document.getElementById(\"result\");\n            \n            \/\/ Check if all questions are answered\n            const answered = [...form.querySelectorAll('input[type=\"radio\"]:checked')].length;\n            if (answered < questions.length) {\n                alert(\"Please answer all questions before calculating your score.\");\n                return;\n            }\n\n            \/\/ Calculate total score\n            let score = 0;\n            questions.forEach((_, index) => {\n                const selected = form.querySelector(`input[name=\"q${index}\"]:checked`);\n                score += parseInt(selected.value);\n            });\n\n            \/\/ Determine result category\n            let category;\n            if (score >= 34) {\n                category = \"Primarily interested in kink, with strong or diverse inclinations towards various kinks and fantasies.\";\n            } else if (score >= 25) {\n                category = \"Shows a mix of kink interests, with openness to exploring different aspects of kink, but not fully immersed in all practices.\";\n            } else if (score >= 13) {\n                category = \"More traditional or conventional in sexual preferences, with occasional curiosity or interest in some kink elements.\";\n            } else {\n                category = \"Primarily conventional in sexual preferences, with little or no interest in kink or alternative sexual practices.\";\n            }\n\n            \/\/ Display result\n            result.style.display = \"block\";\n            result.innerHTML = `\n                <h2>Your Score: ${score}\/48<\/h2>\n                <p>${category}<\/p>\n            `;\n            result.scrollIntoView({ behavior: 'smooth' });\n        }\n    <\/script>\n<\/div>\n <\/div><\/section>\n<\/div>\n <\/div><\/div>\n\n\n\n<div class=\"wp-block-greenshift-blocks-row gspb_row gspb_row-id-gsbp-8302bca\" id=\"gspb_row-id-gsbp-8302bca\"><div class=\"gspb_row__content\"> \n<div class=\"wp-block-greenshift-blocks-row-column gspb_row__col--12 gspb_col-id-gsbp-1652218\" id=\"gspb_col-id-gsbp-1652218\">\n<section class=\"wp-block-greenshift-blocks-row alignfull gspb_row gspb_row-id-gsbp-45b9ead\" id=\"gspb_row-id-gsbp-45b9ead\"><div class=\"gspb_row__content\"> \n<div class=\"wp-block-greenshift-blocks-row-column gspb_row__col--12 gspb_col-id-gsbp-24b0295\" id=\"gspb_col-id-gsbp-24b0295\">\n<p>Nella sessualit\u00e0 umana, il kink si riferisce a pratiche o fantasie sessuali che si discostano dalle norme convenzionali o tradizionali. Il termine <em>nodo<\/em> \u00e8 spesso usato come una categoria ampia che comprende attivit\u00e0 come BDSM, giochi di ruolo e altre forme di espressione sessuale che potrebbero non rientrare nelle aspettative sessuali tradizionali. Negli ultimi anni, l&#039;idea di kink \u00e8 diventata pi\u00f9 normalizzata e molte persone cercano modi per esplorare i propri desideri in modo sicuro e consensuale.<\/p>\n\n\n\n<h2 class=\"wp-block-heading\" id=\"what-is-kink\"><strong>Cos&#039;\u00e8 il kink?<\/strong><\/h2>\n\n\n\n<p>Kink, nel suo senso pi\u00f9 ampio, si riferisce a qualsiasi pratica, interesse o fantasia sessuale che sia considerata non normativa o non convenzionale. Questi comportamenti possono spaziare da scenari giocosi a pratiche pi\u00f9 intense che potrebbero comportare dinamiche di potere, dolore o umiliazione. Un malinteso comune \u00e8 che kink sia sinonimo di BDSM, ma <em>nodo<\/em> \u00e8 un termine molto pi\u00f9 ampio e comprende una variet\u00e0 di comportamenti e interessi che vanno oltre la semplice schiavit\u00f9, la disciplina, il dominio, la sottomissione, il sadismo e il masochismo.<\/p>\n\n\n\n<p>In sostanza, il kink pu\u00f2 includere qualsiasi cosa da <strong>gioco di ruolo<\/strong>, <strong>gioco d&#039;impatto<\/strong>, anche a sensazioni lievi come <strong>gioco di cera<\/strong>Si tratta di esplorare i limiti, le preferenze personali e il consenso con un partner.<\/p>\n\n\n\n<p>Per ulteriori approfondimenti sulla terminologia e le pratiche del kink, visitare il <a href=\"https:\/\/en.wikipedia.org\/wiki\/Kink_(sexuality)\" target=\"_blank\" rel=\"noreferrer noopener nofollow\">Pagina di Wikipedia su Kink<\/a>.<\/p>\n\n\n\n<h2 class=\"wp-block-heading\" id=\"what-is-bdsm-and-how-does-it-relate-to-kink\"><strong>Cos&#039;\u00e8 il BDSM e come si collega al kink?<\/strong><\/h2>\n\n\n\n<p>Il BDSM \u00e8 un sottoinsieme del kink che si concentra sulle dinamiche di potere consensuali, che potrebbero includere <strong>schiavit\u00f9<\/strong>, <strong>disciplina<\/strong>, <strong>dominanza<\/strong>, <strong>sottomissione<\/strong>, <strong>sadismo<\/strong>, E <strong>masochismo<\/strong>. Sebbene le pratiche BDSM possano far parte della pi\u00f9 ampia comunit\u00e0 kink, non tutte le kink coinvolgono il BDSM. Ad esempio, alcune persone potrebbero apprezzare <strong>feticismo dei piedi<\/strong>, <strong>esibizionismo<\/strong>, O <strong>gioco di ruolo<\/strong> senza impegnarsi in pratiche BDSM.<\/p>\n\n\n\n<p>Tuttavia, il BDSM \u00e8 spesso la prima cosa a cui si pensa quando si parla di kink. Queste pratiche sono incentrate sullo scambio di potere tra due o pi\u00f9 persone e sono negoziate con un chiaro consenso. Se sei nuovo al BDSM o al kink in generale, puoi saperne di pi\u00f9 tramite <a href=\"https:\/\/www.dictionary.com\/browse\/bdsm\" target=\"_blank\" rel=\"noreferrer noopener nofollow\">Dizionari di terminologia BDSM<\/a> o guide per principianti come quella su <a href=\"https:\/\/www.theswaddle.com\/kink-101-everything-you-need-to-know-about-bdsm\" target=\"_blank\" rel=\"noreferrer noopener nofollow\">La fasciatura<\/a>.<\/p>\n\n\n\n<h2 class=\"wp-block-heading\" id=\"the-kink-orientation-scale-kos\"><strong>La scala di orientamento del kink (KOS)<\/strong><\/h2>\n\n\n\n<p>Un nuovo strumento per esplorare i tuoi interessi kink \u00e8 il <em>Scala di orientamento del kink (KOS)<\/em>, sviluppato dai ricercatori dell&#039;Universit\u00e0 di Brighton. Questo strumento ti aiuta a valutare il tuo &quot;orientamento kink&quot;, inclusi i tuoi atteggiamenti, comportamenti e desideri. La scala misura una variet\u00e0 di fattori, come le tue preferenze per il dominio, la sottomissione e i tipi di attivit\u00e0 che ti piacciono, da <strong>schiavit\u00f9 leggera<\/strong> A <strong>gioco d&#039;impatto<\/strong>.<\/p>\n\n\n\n<p>Se sei curioso di sapere quanto sei perverso, puoi fare un test <a href=\"https:\/\/amigayquiz.com\/it\/kink-test\/\">prova di piega<\/a><a href=\"https:\/\/www.kinktest.org\" rel=\"nofollow noopener\" target=\"_blank\">,<\/a> per vedere dove ti collochi sulla scala delle perversioni. Queste valutazioni aiutano a normalizzare la conversazione su perversioni e feticismi e forniscono un approccio pi\u00f9 scientifico per comprenderli.<\/p>\n\n\n\n<h2 class=\"wp-block-heading\" id=\"common-kink-practices-and-activities\"><strong>Pratiche e attivit\u00e0 comuni di Kink<\/strong><\/h2>\n\n\n\n<p>Il kink comprende un&#039;ampia gamma di attivit\u00e0. Alcuni dei kink pi\u00f9 comuni che le persone amano includono:<\/p>\n\n\n\n<ul class=\"wp-block-list\">\n<li><strong>Schiavit\u00f9<\/strong>: Limitare i movimenti del partner, spesso con corde, manette o altri mezzi di contenzione.<\/li>\n\n\n\n<li><strong>Gioco di ruolo<\/strong>: Impegnarsi in fantasie in cui tu o il tuo partner impersonate personaggi specifici o dinamiche di potere.<\/li>\n\n\n\n<li><strong>Gioco d&#039;impatto<\/strong>: Include attivit\u00e0 come sculacciate, fustigazioni o sculacciate, in cui l&#039;attenzione \u00e8 rivolta alla sensazione di dolore o disagio per ottenere piacere.<\/li>\n\n\n\n<li><strong>Feticismo dei piedi<\/strong>: Un interesse sessuale per i piedi, che pu\u00f2 includere attivit\u00e0 come massaggi ai piedi o giochi di ruolo incentrati sui piedi.<\/li>\n\n\n\n<li><strong>Esibizionismo<\/strong>:Il desiderio di essere osservati mentre si \u00e8 coinvolti in attivit\u00e0 sessuali, sia di persona che tramite i media.<\/li>\n\n\n\n<li><strong>Gioco di cera<\/strong>:Utilizzo della cera calda come forma di gioco sensoriale, in cui la cera viene fatta gocciolare sulla pelle per il piacere del calore e della sensazione.<\/li>\n<\/ul>\n\n\n\n<p>Per un&#039;esplorazione pi\u00f9 ampia del kink, comprese le attivit\u00e0 pi\u00f9 popolari, visita <a href=\"https:\/\/www.businessinsider.com\/guides\/health\/sex-relationships\/list-of-kinks\" target=\"_blank\" rel=\"noreferrer noopener nofollow\">Elenco dei difetti di Business Insider<\/a>.<\/p>\n\n\n\n<h2 class=\"wp-block-heading\" id=\"how-to-safely-explore-kink-with-your-partner\"><strong>Come esplorare il kink in modo sicuro con il tuo partner<\/strong><\/h2>\n\n\n\n<p>L&#039;introduzione del kink in una relazione richiede una comunicazione aperta, fiducia e rispetto. Ecco come iniziare in modo sicuro:<\/p>\n\n\n\n<h3 class=\"wp-block-heading\" id=\"1-start-the-conversation\">1. <strong>Inizia la conversazione<\/strong><\/h3>\n\n\n\n<p>Discuti dei tuoi desideri con il tuo partner in modo non giudicante. \u00c8 importante affrontare questa conversazione con apertura e vulnerabilit\u00e0. Se non sei sicuro di come iniziare, strumenti come <strong>Elenco S\u00ec\/No\/Forse<\/strong> pu\u00f2 aiutare a facilitare le discussioni su diversi aspetti e limiti.<\/p>\n\n\n\n<p>Per ulteriore aiuto nella comunicazione delle perversioni con un partner, consulta <a href=\"https:\/\/www.missgigiengle.com\/blog\/talking-about-kink-with-partner\" target=\"_blank\" rel=\"noreferrer noopener nofollow\">Il consiglio della signorina Gigiengle<\/a>.<\/p>\n\n\n\n<h3 class=\"wp-block-heading\" id=\"2-set-clear-boundaries-and-consent\">2. <strong>Stabilisci confini chiari e consenso<\/strong><\/h3>\n\n\n\n<p>Assicuratevi che entrambi i partner siano a loro agio e consensuali nell&#039;esplorare nuove attivit\u00e0. Ricordate che la sicurezza \u00e8 fondamentale e che tutte le pratiche devono essere discusse e concordate in anticipo. Questo assicura che tutti i soggetti coinvolti siano sulla stessa lunghezza d&#039;onda.<\/p>\n\n\n\n<p>Per risorse educative sul mantenimento del consenso e della comunicazione nel kink, visitare <a href=\"https:\/\/www.guidedtrack.com\/programs\/u4m797m\/run\" target=\"_blank\" rel=\"noreferrer noopener nofollow\">Rilievo del Kink di Guided Track<\/a>.<\/p>\n\n\n\n<h3 class=\"wp-block-heading\" id=\"3-take-it-slow\">3. <strong>Prendila con calma<\/strong><\/h3>\n\n\n\n<p>Inizia con attivit\u00e0 piccole e gestibili e aumentale gradualmente. Provare una semplice costrizione bondage o una sessione di sculacciate leggere pu\u00f2 introdurti al mondo del kink senza sopraffare il tuo partner.<\/p>\n\n\n\n<p>Per ulteriori consigli sull&#039;introduzione graduale del kink, visita <a href=\"https:\/\/www.choosingtherapy.com\/bdsm\/\" target=\"_blank\" rel=\"noreferrer noopener nofollow\">I consigli BDSM di Choosing Therapy<\/a>.<\/p>\n\n\n\n<h3 class=\"wp-block-heading\" id=\"4-use-toys-and-props\">4. <strong>Usa giocattoli e oggetti di scena<\/strong><\/h3>\n\n\n\n<p>Se sei interessato a incorporare giocattoli, come manette, fruste o giocattoli sensoriali, inizia con opzioni adatte ai principianti. Possono aggiungere livelli di eccitazione ed esplorazione alla tua esperienza sessuale.<\/p>\n\n\n\n<h3 class=\"wp-block-heading\" id=\"5-check-in-regularly\">5. <strong>Effettuare il check-in regolarmente<\/strong><\/h3>\n\n\n\n<p>Mentre esplori il kink, mantieni una comunicazione aperta con il tuo partner per garantire il reciproco comfort e consenso. Controlla regolarmente e discuti di come ogni esperienza \u00e8 stata per entrambi.<\/p>\n\n\n\n<h2 class=\"wp-block-heading\" id=\"kink-and-fetish-community-resources\"><strong>Risorse della comunit\u00e0 kink e fetish<\/strong><\/h2>\n\n\n\n<p>\u00c8 importante esplorare il kink in una comunit\u00e0 che promuove sicurezza, rispetto e inclusivit\u00e0. Molte piattaforme online offrono spazi in cui le persone possono discutere dei propri kink e chiedere consigli. Unirsi a queste comunit\u00e0 pu\u00f2 offrire supporto, convalida e una grande quantit\u00e0 di informazioni.<\/p>\n\n\n\n<p>Se sei interessato alle discussioni della comunit\u00e0 o ai consigli sulle perversioni, prendi in considerazione la possibilit\u00e0 di visitare piattaforme come <a href=\"https:\/\/www.reddit.com\/r\/BDSMcommunity\/comments\/y539s2\/kink_test_but_not_that_one\/\" target=\"_blank\" rel=\"noreferrer noopener nofollow\">Comunit\u00e0 BDSM di Reddit<\/a>.<\/p>\n\n\n\n<h2 class=\"wp-block-heading\" id=\"dealing-with-kink-mismatches\"><strong>Come gestire le discrepanze tra perversioni<\/strong><\/h2>\n\n\n\n<p>\u00c8 normale che i partner abbiano interessi non corrispondenti quando si tratta di kink. Se tu e il tuo partner non condividete lo stesso livello di interesse per il kink, \u00e8 importante gestire la situazione con cura e rispetto. Alcuni potrebbero essere aperti a un&#039;esplorazione graduale, mentre altri potrebbero non sentirsi a proprio agio con certe pratiche.<\/p>\n\n\n\n<p>Per saperne di pi\u00f9 sulla gestione delle incompatibilit\u00e0 kink, consulta <a href=\"https:\/\/mashable.com\/article\/mismatched-kinkiness-vanilla-bdsm\" target=\"_blank\" rel=\"noreferrer noopener nofollow\">La guida di Mashable sulle perversioni non corrispondenti<\/a>.<\/p>\n\n\n\n<h2 class=\"wp-block-heading\" id=\"conclusion\"><strong>Conclusione<\/strong><\/h2>\n\n\n\n<p>Il kink \u00e8 un aspetto ampio, diversificato e personale della sessualit\u00e0 umana. Che tu lo stia esplorando da solo o con un partner, la chiave \u00e8 affrontarlo con una comunicazione chiara, rispetto reciproco e consenso. Il mondo del kink offre infinite possibilit\u00e0 di esplorazione e strumenti come  <a href=\"https:\/\/bdsmtest.org\" target=\"_blank\" rel=\"noreferrer noopener nofollow\">TestBDSM.org<\/a> pu\u00f2 aiutarti a comprendere meglio i tuoi desideri. Dai sempre la priorit\u00e0 alla sicurezza e al consenso, e ricorda che esplorare il kink \u00e8 un viaggio unico per ogni individuo.<\/p>\n\n\n\n<p>Per saperne di pi\u00f9 sull&#039;esplorazione del kink, visita il <a href=\"https:\/\/en.wikipedia.org\/wiki\/Kink_(sexuality)\" target=\"_blank\" rel=\"noreferrer noopener nofollow\">Pagina Wikipedia di Kink (sessualit\u00e0)<\/a>.<\/p>\n<\/div>\n <\/div><\/section>\n<\/div>\n <\/div><\/div>","protected":false},"excerpt":{"rendered":"","protected":false},"author":1,"featured_media":0,"parent":0,"menu_order":0,"comment_status":"closed","ping_status":"closed","template":"","meta":{"_gspb_post_css":"#gspb_row-id-gsbp-45b9ead,#gspb_row-id-gsbp-642f81e,#gspb_row-id-gsbp-8302bca,#gspb_row-id-gsbp-ef8f6ea{justify-content:space-between;margin-top:0;margin-bottom:0;display:flex;flex-wrap:wrap}#gspb_row-id-gsbp-ef8f6ea>.gspb_row__content{display:flex;justify-content:space-between;margin:0 auto;width:100%;flex-wrap:wrap}.gspb_row{position:relative}div[id^=gspb_col-id]{box-sizing:border-box;position:relative;padding:15px min(3vw,20px)}body.gspb-bodyfront #gspb_row-id-gsbp-ef8f6ea>.gspb_row__content{width:var(--theme-container-width, 1200px);max-width:var(--theme-normal-container-max-width, 1200px)}#gspb_col-id-gsbp-7e2e75b.gspb_row__col--12{width:100%}@media (max-width:575.98px){#gspb_col-id-gsbp-7e2e75b.gspb_row__col--12{width:100%}}#gspb_row-id-gsbp-642f81e>.gspb_row__content{display:flex;justify-content:space-between;margin:0 auto;width:100%;flex-wrap:wrap}#gspb_col-id-gsbp-c360daa.gspb_row__col--12{width:100%}@media (max-width:575.98px){#gspb_col-id-gsbp-c360daa.gspb_row__col--12{width:100%}}#gspb_row-id-gsbp-8302bca>.gspb_row__content{display:flex;justify-content:space-between;margin:0 auto;width:100%;flex-wrap:wrap;max-width:960px}#gspb_col-id-gsbp-1652218.gspb_row__col--12{width:100%}@media (max-width:575.98px){#gspb_col-id-gsbp-1652218.gspb_row__col--12{width:100%}}#gspb_row-id-gsbp-45b9ead>.gspb_row__content{display:flex;justify-content:space-between;margin:0 auto;width:100%;flex-wrap:wrap}body.gspb-bodyfront #gspb_row-id-gsbp-45b9ead>.gspb_row__content,body.gspb-bodyfront #gspb_row-id-gsbp-642f81e>.gspb_row__content{width:var(--theme-container-width, 1200px);max-width:var(--theme-normal-container-max-width, 1200px)}#gspb_col-id-gsbp-24b0295.gspb_row__col--12{width:100%}@media (max-width:575.98px){#gspb_col-id-gsbp-24b0295.gspb_row__col--12{width:100%}}","footnotes":""},"class_list":["post-689","page","type-page","status-publish","hentry"],"blocksy_meta":[],"_links":{"self":[{"href":"https:\/\/amigayquiz.com\/it\/wp-json\/wp\/v2\/pages\/689"}],"collection":[{"href":"https:\/\/amigayquiz.com\/it\/wp-json\/wp\/v2\/pages"}],"about":[{"href":"https:\/\/amigayquiz.com\/it\/wp-json\/wp\/v2\/types\/page"}],"author":[{"embeddable":true,"href":"https:\/\/amigayquiz.com\/it\/wp-json\/wp\/v2\/users\/1"}],"replies":[{"embeddable":true,"href":"https:\/\/amigayquiz.com\/it\/wp-json\/wp\/v2\/comments?post=689"}],"version-history":[{"count":4,"href":"https:\/\/amigayquiz.com\/it\/wp-json\/wp\/v2\/pages\/689\/revisions"}],"predecessor-version":[{"id":695,"href":"https:\/\/amigayquiz.com\/it\/wp-json\/wp\/v2\/pages\/689\/revisions\/695"}],"wp:attachment":[{"href":"https:\/\/amigayquiz.com\/it\/wp-json\/wp\/v2\/media?parent=689"}],"curies":[{"name":"wp","href":"https:\/\/api.w.org\/{rel}","templated":true}]}}