{"id":689,"date":"2025-02-13T09:32:35","date_gmt":"2025-02-13T09:32:35","guid":{"rendered":"https:\/\/amigayquiz.com\/?page_id=689"},"modified":"2025-02-13T09:58:50","modified_gmt":"2025-02-13T09:58:50","slug":"kink-test","status":"publish","type":"page","link":"https:\/\/amigayquiz.com\/fr\/kink-test\/","title":{"rendered":"test de pliure"},"content":{"rendered":"<div class=\"wp-block-greenshift-blocks-row gspb_row gspb_row-id-gsbp-ef8f6ea\" id=\"gspb_row-id-gsbp-ef8f6ea\"><div class=\"gspb_row__content\"> \n<div class=\"wp-block-greenshift-blocks-row-column gspb_row__col--12 gspb_col-id-gsbp-7e2e75b\" id=\"gspb_col-id-gsbp-7e2e75b\">\n<section class=\"wp-block-greenshift-blocks-row alignfull gspb_row gspb_row-id-gsbp-642f81e\" id=\"gspb_row-id-gsbp-642f81e\"><div class=\"gspb_row__content\"> \n<div class=\"wp-block-greenshift-blocks-row-column gspb_row__col--12 gspb_col-id-gsbp-c360daa\" id=\"gspb_col-id-gsbp-c360daa\">\n<style>\n        .kink-test-wrapper {\n            font-family: Arial, sans-serif;\n            max-width: 800px;\n            margin: 0 auto;\n            padding: 20px;\n            background-color: #fff1f1;\n        }\n        .kink-test-wrapper .test-container {\n            background-color: white;\n            padding: 30px;\n            border-radius: 10px;\n            box-shadow: 0 4px 15px rgba(255,0,0,0.1);\n        }\n        .kink-test-wrapper h1 {\n            color: #d32f2f;\n            text-align: center;\n            margin-bottom: 30px;\n            font-size: 2em;\n        }\n        .kink-test-wrapper .question {\n            margin-bottom: 25px;\n            padding: 15px;\n            border-bottom: 1px solid #ffcdd2;\n        }\n        .kink-test-wrapper .question p {\n            color: #b71c1c;\n            font-weight: 500;\n            margin-bottom: 15px;\n        }\n        .kink-test-wrapper .options {\n            display: flex;\n            justify-content: space-between;\n            margin-top: 10px;\n            flex-wrap: wrap;\n            gap: 10px;\n        }\n        .kink-test-wrapper .option {\n            position: relative;\n            min-width: 150px;\n            margin: 5px 0;\n        }\n        .kink-test-wrapper .option input[type=\"radio\"] {\n            position: absolute;\n            opacity: 0;\n            cursor: pointer;\n        }\n        .kink-test-wrapper .option label {\n            display: flex;\n            align-items: center;\n            padding: 8px 15px;\n            border: 1px solid rgba(255, 82, 82, 0.3);\n            border-radius: 20px;\n            cursor: pointer;\n            background-color: rgba(255, 255, 255, 0.8);\n            color: #666;\n            transition: all 0.3s ease;\n            width: 100%;\n            box-sizing: border-box;\n        }\n        .kink-test-wrapper .option label::before {\n            content: '';\n            width: 16px;\n            height: 16px;\n            border: 2px solid rgba(255, 82, 82, 0.5);\n            border-radius: 50%;\n            margin-right: 10px;\n            transition: all 0.3s ease;\n        }\n        .kink-test-wrapper .option input[type=\"radio\"]:checked + label {\n            background-color: #ffebee;\n            border-color: #ff5252;\n            color: #d32f2f;\n            font-weight: bold;\n            box-shadow: 0 2px 8px rgba(211,47,47,0.2);\n        }\n        .kink-test-wrapper .option input[type=\"radio\"]:checked + label::before {\n            background-color: #ff5252;\n            border-color: #ff5252;\n            box-shadow: inset 0 0 0 3px #fff;\n        }\n        .kink-test-wrapper .option:hover label {\n            background-color: #ffebee;\n            border-color: rgba(255, 82, 82, 0.8);\n            transform: translateY(-2px);\n        }\n        .kink-test-wrapper button {\n            display: block;\n            width: 200px;\n            margin: 20px auto;\n            padding: 12px;\n            background-color: #d32f2f;\n            color: white;\n            border: none;\n            border-radius: 25px;\n            cursor: pointer;\n            font-size: 16px;\n            font-weight: bold;\n            transition: all 0.3s ease;\n            box-shadow: 0 4px 12px rgba(211,47,47,0.2);\n        }\n        .kink-test-wrapper button:hover {\n            background-color: #b71c1c;\n            transform: translateY(-2px);\n            box-shadow: 0 6px 15px rgba(211,47,47,0.3);\n        }\n        .kink-test-wrapper #result {\n            margin-top: 20px;\n            padding: 20px;\n            border-radius: 10px;\n            text-align: center;\n            display: none;\n            background-color: #ffebee;\n            border: 2px solid #ff5252;\n        }\n        .kink-test-wrapper #result h2 {\n            color: #d32f2f;\n            margin-bottom: 15px;\n        }\n        .kink-test-wrapper #result p {\n            color: #b71c1c;\n            line-height: 1.6;\n        }\n    <\/style>\n \n    <div class=\"kink-test-wrapper\">\n        <div class=\"test-container\">\n            <h1>Test de pliage<\/h1>\n            <form id=\"kinkTest\" action=\"\">\n                <div id=\"questions\">\n                <\/div>\n                <button type=\"button\" onclick=\"calculateScore()\">Calculez votre score<\/button>\n            <input type=\"hidden\" name=\"trp-form-language\" value=\"fr\"\/><\/form>\n            <div id=\"result\"><\/div>\n        <\/div>\n    <\/div>\n\n    <script>\n        const questions = [\n            \"Do you find interest in the roles of dominance and submission?\",\n            \"Have you ever been interested in mild pain (e.g., light slapping, light spanking)?\",\n            \"Do you enjoy trying restraint or limiting movement during sex?\",\n            \"Are you interested in role-playing, especially in non-traditional gender or societal roles?\",\n            \"Do you find uniforms (e.g., nurse, police officer outfits) sexually attractive?\",\n            \"Have you ever fantasized about BDSM or humiliation scenarios?\",\n            \"Are you interested in controlling others or being controlled by them?\",\n            \"Do you have a strong preference for certain types of sexual acts?\",\n            \"Are you interested in kinky toys or tools (e.g., whips, leather products)?\",\n            \"Do you enjoy incorporating elements of power exchange in your sexual activities?\",\n            \"Are you attracted to feet or feel aroused when others touch your feet?\",\n            \"Do you find certain body parts (e.g., neck, back) particularly sexually appealing?\",\n            \"Have you ever fantasized about group sex or participating in orgies?\",\n            \"Are you intrigued by exhibitionism or performing sexual acts in public places?\",\n            \"Are you interested in 'training' or teaching another person during sexual activities?\",\n            \"Have you ever had fantasies involving humiliation or public shaming during sex?\"\n        ];\n\n        const options = [\"Frequently\", \"Occasionally\", \"Rarely\", \"Never\"];\n\n        \/\/ Generate questions\n        const questionsContainer = document.getElementById(\"questions\");\n        questions.forEach((question, index) => {\n            const questionDiv = document.createElement(\"div\");\n            questionDiv.className = \"question\";\n            questionDiv.innerHTML = `\n                <p>${index + 1}. ${question}<\/p>\n                <div class=\"options\">\n                    ${options.map((option, optionIndex) => `\n                        <div class=\"option\">\n                            <input type=\"radio\" \n                                   id=\"q${index}_${optionIndex}\" \n                                   name=\"q${index}\" \n                                   value=\"${3 - optionIndex}\" \n                                   required>\n                            <label for=\"q${index}_${optionIndex}\">${option}<\/label>\n                        <\/div>\n                    `).join('')}\n                <\/div>\n            `;\n            questionsContainer.appendChild(questionDiv);\n        });\n\n        function calculateScore() {\n            const form = document.getElementById(\"kinkTest\");\n            const result = document.getElementById(\"result\");\n            \n            \/\/ Check if all questions are answered\n            const answered = [...form.querySelectorAll('input[type=\"radio\"]:checked')].length;\n            if (answered < questions.length) {\n                alert(\"Please answer all questions before calculating your score.\");\n                return;\n            }\n\n            \/\/ Calculate total score\n            let score = 0;\n            questions.forEach((_, index) => {\n                const selected = form.querySelector(`input[name=\"q${index}\"]:checked`);\n                score += parseInt(selected.value);\n            });\n\n            \/\/ Determine result category\n            let category;\n            if (score >= 34) {\n                category = \"Primarily interested in kink, with strong or diverse inclinations towards various kinks and fantasies.\";\n            } else if (score >= 25) {\n                category = \"Shows a mix of kink interests, with openness to exploring different aspects of kink, but not fully immersed in all practices.\";\n            } else if (score >= 13) {\n                category = \"More traditional or conventional in sexual preferences, with occasional curiosity or interest in some kink elements.\";\n            } else {\n                category = \"Primarily conventional in sexual preferences, with little or no interest in kink or alternative sexual practices.\";\n            }\n\n            \/\/ Display result\n            result.style.display = \"block\";\n            result.innerHTML = `\n                <h2>Your Score: ${score}\/48<\/h2>\n                <p>${category}<\/p>\n            `;\n            result.scrollIntoView({ behavior: 'smooth' });\n        }\n    <\/script>\n<\/div>\n <\/div><\/section>\n<\/div>\n <\/div><\/div>\n\n\n\n<div class=\"wp-block-greenshift-blocks-row gspb_row gspb_row-id-gsbp-8302bca\" id=\"gspb_row-id-gsbp-8302bca\"><div class=\"gspb_row__content\"> \n<div class=\"wp-block-greenshift-blocks-row-column gspb_row__col--12 gspb_col-id-gsbp-1652218\" id=\"gspb_col-id-gsbp-1652218\">\n<section class=\"wp-block-greenshift-blocks-row alignfull gspb_row gspb_row-id-gsbp-45b9ead\" id=\"gspb_row-id-gsbp-45b9ead\"><div class=\"gspb_row__content\"> \n<div class=\"wp-block-greenshift-blocks-row-column gspb_row__col--12 gspb_col-id-gsbp-24b0295\" id=\"gspb_col-id-gsbp-24b0295\">\n<p>Dans la sexualit\u00e9 humaine, le kink d\u00e9signe les pratiques ou les fantasmes sexuels qui s&#039;\u00e9cartent des normes conventionnelles ou traditionnelles. Le terme <em>entortiller<\/em> Le terme \u00ab kink \u00bb est souvent utilis\u00e9 comme une vaste cat\u00e9gorie qui englobe des activit\u00e9s comme le BDSM, les jeux de r\u00f4le et d\u2019autres formes d\u2019expression sexuelle qui peuvent ne pas correspondre aux attentes sexuelles dominantes. Ces derni\u00e8res ann\u00e9es, l\u2019id\u00e9e de kink est devenue plus normalis\u00e9e et de nombreuses personnes cherchent des moyens d\u2019explorer leurs d\u00e9sirs en toute s\u00e9curit\u00e9 et de mani\u00e8re consensuelle.<\/p>\n\n\n\n<h2 class=\"wp-block-heading\" id=\"what-is-kink\"><strong>Qu&#039;est-ce que le kink ?<\/strong><\/h2>\n\n\n\n<p>Le kink, dans son sens le plus large, fait r\u00e9f\u00e9rence \u00e0 toute pratique, int\u00e9r\u00eat ou fantasme sexuel consid\u00e9r\u00e9 comme non normatif ou non conventionnel. Ces comportements peuvent aller de sc\u00e9narios ludiques \u00e0 des pratiques plus intenses pouvant impliquer des dynamiques de pouvoir, de la douleur ou de l&#039;humiliation. Une id\u00e9e fausse courante est que le kink est synonyme de BDSM, mais <em>entortiller<\/em> est un terme beaucoup plus large et englobe une vari\u00e9t\u00e9 de comportements et d\u2019int\u00e9r\u00eats au-del\u00e0 du simple bondage, de la discipline, de la domination, de la soumission, du sadisme et du masochisme.<\/p>\n\n\n\n<p>Essentiellement, le kink peut inclure n&#039;importe quoi, depuis <strong>jeu de r\u00f4le<\/strong>, <strong>jeu d&#039;impact<\/strong>, m\u00eame \u00e0 des sensations l\u00e9g\u00e8res comme <strong>jeu de cire<\/strong>Il s\u2019agit d\u2019explorer les limites, les pr\u00e9f\u00e9rences personnelles et le consentement avec un partenaire.<\/p>\n\n\n\n<p>Pour plus d&#039;informations sur la terminologie et les pratiques du kink, visitez le <a href=\"https:\/\/en.wikipedia.org\/wiki\/Kink_(sexuality)\" target=\"_blank\" rel=\"noreferrer noopener nofollow\">Page Wikip\u00e9dia sur Kink<\/a>.<\/p>\n\n\n\n<h2 class=\"wp-block-heading\" id=\"what-is-bdsm-and-how-does-it-relate-to-kink\"><strong>Qu&#039;est-ce que le BDSM et quel est son rapport avec le kink ?<\/strong><\/h2>\n\n\n\n<p>Le BDSM est un sous-ensemble du kink qui se concentre sur la dynamique de pouvoir consensuelle, qui peut inclure <strong>esclavage<\/strong>, <strong>discipline<\/strong>, <strong>dominance<\/strong>, <strong>soumission<\/strong>, <strong>sadisme<\/strong>, et <strong>masochisme<\/strong>. Bien que les pratiques BDSM puissent faire partie de la communaut\u00e9 kink plus large, toutes les pratiques kink n&#039;impliquent pas le BDSM. Par exemple, certaines personnes peuvent appr\u00e9cier <strong>f\u00e9tichisme des pieds<\/strong>, <strong>exhibitionnisme<\/strong>, ou <strong>jeu de r\u00f4le<\/strong> sans s&#039;engager dans des pratiques BDSM.<\/p>\n\n\n\n<p>Cependant, le BDSM est souvent la premi\u00e8re chose \u00e0 laquelle les gens pensent lorsqu&#039;il est question de kink. Ces pratiques sont centr\u00e9es sur l&#039;\u00e9change de pouvoir entre deux ou plusieurs personnes et sont n\u00e9goci\u00e9es avec un consentement clair. Si vous \u00eates nouveau dans le BDSM ou le kink en g\u00e9n\u00e9ral, vous pouvez en apprendre davantage gr\u00e2ce \u00e0 <a href=\"https:\/\/www.dictionary.com\/browse\/bdsm\" target=\"_blank\" rel=\"noreferrer noopener nofollow\">Dictionnaires de terminologie BDSM<\/a> ou des guides pour d\u00e9butants comme celui sur <a href=\"https:\/\/www.theswaddle.com\/kink-101-everything-you-need-to-know-about-bdsm\" target=\"_blank\" rel=\"noreferrer noopener nofollow\">L&#039;emmaillotage<\/a>.<\/p>\n\n\n\n<h2 class=\"wp-block-heading\" id=\"the-kink-orientation-scale-kos\"><strong>L&#039;\u00e9chelle d&#039;orientation des kinks (KOS)<\/strong><\/h2>\n\n\n\n<p>Un nouvel outil pour explorer vos int\u00e9r\u00eats pervers est le <em>\u00c9chelle d&#039;orientation des kinks (KOS)<\/em>, qui a \u00e9t\u00e9 d\u00e9velopp\u00e9 par des chercheurs de l&#039;Universit\u00e9 de Brighton. Cet outil vous aide \u00e0 \u00e9valuer votre \u00ab orientation sexuelle \u00bb, y compris vos attitudes, vos comportements et vos d\u00e9sirs. L&#039;\u00e9chelle mesure une vari\u00e9t\u00e9 de facteurs, tels que vos pr\u00e9f\u00e9rences en mati\u00e8re de domination, de soumission et les types d&#039;activit\u00e9s que vous aimez, de <strong>bondage l\u00e9ger<\/strong> \u00e0 <strong>jeu d&#039;impact<\/strong>.<\/p>\n\n\n\n<p>Si vous \u00eates curieux de savoir \u00e0 quel point vous \u00eates pervers, vous pouvez faire un test <a href=\"https:\/\/amigayquiz.com\/fr\/kink-test\/\">test de pliure<\/a><a href=\"https:\/\/www.kinktest.org\" rel=\"nofollow noopener\" target=\"_blank\">,<\/a> pour voir o\u00f9 vous vous situez sur l&#039;\u00e9chelle des perversit\u00e9s. Ces \u00e9valuations aident \u00e0 normaliser la conversation autour des perversit\u00e9s et des f\u00e9tiches et offrent une approche plus scientifique pour les comprendre.<\/p>\n\n\n\n<h2 class=\"wp-block-heading\" id=\"common-kink-practices-and-activities\"><strong>Pratiques et activit\u00e9s kink courantes<\/strong><\/h2>\n\n\n\n<p>Le terme \u00ab kink \u00bb englobe un large \u00e9ventail d&#039;activit\u00e9s. Parmi les activit\u00e9s les plus courantes, on trouve :<\/p>\n\n\n\n<ul class=\"wp-block-list\">\n<li><strong>Esclavage<\/strong>:Restreindre les mouvements d\u2019un partenaire, souvent avec des cordes, des menottes ou d\u2019autres moyens de contention.<\/li>\n\n\n\n<li><strong>Jeu de r\u00f4le<\/strong>:S&#039;engager dans des fantasmes dans lesquels vous ou votre partenaire incarnez des personnages ou des dynamiques de pouvoir sp\u00e9cifiques.<\/li>\n\n\n\n<li><strong>Jeu d&#039;impact<\/strong>: Comprend des activit\u00e9s telles que la fess\u00e9e, la flagellation ou la pagaie, o\u00f9 l&#039;accent est mis sur la sensation de douleur ou d&#039;inconfort pour le plaisir.<\/li>\n\n\n\n<li><strong>F\u00e9tichisme des pieds<\/strong>:Un int\u00e9r\u00eat sexuel pour les pieds, qui peut inclure des activit\u00e9s comme des massages des pieds ou des jeux de r\u00f4le ax\u00e9s sur les pieds.<\/li>\n\n\n\n<li><strong>Exhibitionnisme<\/strong>:Le d\u00e9sir d\u2019\u00eatre observ\u00e9 lors d\u2019activit\u00e9s sexuelles, soit en personne, soit via les m\u00e9dias.<\/li>\n\n\n\n<li><strong>Jeu de cire<\/strong>:Utiliser de la cire chaude comme une forme de jeu de sensations, o\u00f9 la cire tombe goutte \u00e0 goutte sur la peau pour le plaisir de la chaleur et de la sensation.<\/li>\n<\/ul>\n\n\n\n<p>Pour une exploration plus large du kink, y compris des activit\u00e9s populaires, visitez <a href=\"https:\/\/www.businessinsider.com\/guides\/health\/sex-relationships\/list-of-kinks\" target=\"_blank\" rel=\"noreferrer noopener nofollow\">La liste des d\u00e9fauts de Business Insider<\/a>.<\/p>\n\n\n\n<h2 class=\"wp-block-heading\" id=\"how-to-safely-explore-kink-with-your-partner\"><strong>Comment explorer le kink en toute s\u00e9curit\u00e9 avec votre partenaire<\/strong><\/h2>\n\n\n\n<p>Introduire le kink dans une relation n\u00e9cessite une communication ouverte, de la confiance et du respect. Voici comment commencer en toute s\u00e9curit\u00e9\u00a0:<\/p>\n\n\n\n<h3 class=\"wp-block-heading\" id=\"1-start-the-conversation\">1. <strong>D\u00e9marrer la conversation<\/strong><\/h3>\n\n\n\n<p>Discutez de vos d\u00e9sirs avec votre partenaire sans porter de jugement. Il est important d&#039;aborder cette conversation avec ouverture et vuln\u00e9rabilit\u00e9. Si vous ne savez pas comment commencer, des outils comme <strong>Liste Oui\/Non\/Peut-\u00eatre<\/strong> peut aider \u00e0 faciliter les discussions autour de diff\u00e9rentes probl\u00e9matiques et limites.<\/p>\n\n\n\n<p>Pour obtenir de l&#039;aide suppl\u00e9mentaire pour communiquer vos probl\u00e8mes avec un partenaire, consultez <a href=\"https:\/\/www.missgigiengle.com\/blog\/talking-about-kink-with-partner\" target=\"_blank\" rel=\"noreferrer noopener nofollow\">Les conseils de Miss Gigiengle<\/a>.<\/p>\n\n\n\n<h3 class=\"wp-block-heading\" id=\"2-set-clear-boundaries-and-consent\">2. <strong>\u00c9tablissez des limites claires et un consentement<\/strong><\/h3>\n\n\n\n<p>Assurez-vous que les deux partenaires sont \u00e0 l\u2019aise et consentent \u00e0 explorer de nouvelles activit\u00e9s. N\u2019oubliez pas que la s\u00e9curit\u00e9 est essentielle et que toutes les pratiques doivent \u00eatre discut\u00e9es et convenues au pr\u00e9alable. Cela garantit que toutes les personnes impliqu\u00e9es sont sur la m\u00eame longueur d\u2019onde.<\/p>\n\n\n\n<p>Pour des ressources p\u00e9dagogiques sur le maintien du consentement et de la communication dans le domaine du kink, visitez <a href=\"https:\/\/www.guidedtrack.com\/programs\/u4m797m\/run\" target=\"_blank\" rel=\"noreferrer noopener nofollow\">Enqu\u00eate sur les points faibles de la piste guid\u00e9e<\/a>.<\/p>\n\n\n\n<h3 class=\"wp-block-heading\" id=\"3-take-it-slow\">3. <strong>Prenez votre temps<\/strong><\/h3>\n\n\n\n<p>Commencez par des activit\u00e9s simples et faciles \u00e0 g\u00e9rer et augmentez progressivement. Une simple s\u00e9ance de bondage ou une l\u00e9g\u00e8re s\u00e9ance de fess\u00e9e peut vous faire d\u00e9couvrir le monde du kink sans submerger votre partenaire.<\/p>\n\n\n\n<p>Pour plus de conseils sur l&#039;introduction progressive du kink, visitez <a href=\"https:\/\/www.choosingtherapy.com\/bdsm\/\" target=\"_blank\" rel=\"noreferrer noopener nofollow\">Choisir les conseils BDSM de Therapy<\/a>.<\/p>\n\n\n\n<h3 class=\"wp-block-heading\" id=\"4-use-toys-and-props\">4. <strong>Utilisez des jouets et des accessoires<\/strong><\/h3>\n\n\n\n<p>Si vous souhaitez int\u00e9grer des jouets, tels que des menottes, des fouets ou des jouets sensoriels, commencez par des options adapt\u00e9es aux d\u00e9butants. Celles-ci peuvent ajouter des niveaux d&#039;excitation et d&#039;exploration \u00e0 votre exp\u00e9rience sexuelle.<\/p>\n\n\n\n<h3 class=\"wp-block-heading\" id=\"5-check-in-regularly\">5. <strong>Enregistrez-vous r\u00e9guli\u00e8rement<\/strong><\/h3>\n\n\n\n<p>Au fur et \u00e0 mesure que vous explorez le kink, maintenez une communication ouverte avec votre partenaire pour assurer un confort et un consentement mutuels. Faites r\u00e9guli\u00e8rement le point et discutez de ce que vous avez ressenti \u00e0 chaque fois.<\/p>\n\n\n\n<h2 class=\"wp-block-heading\" id=\"kink-and-fetish-community-resources\"><strong>Ressources communautaires sur le f\u00e9tichisme et le kink<\/strong><\/h2>\n\n\n\n<p>Il est important d&#039;explorer le f\u00e9tichisme dans une communaut\u00e9 qui pr\u00f4ne la s\u00e9curit\u00e9, le respect et l&#039;inclusion. De nombreuses plateformes en ligne offrent des espaces o\u00f9 les individus peuvent discuter de leurs f\u00e9tichismes et demander des conseils. Rejoindre ces communaut\u00e9s peut offrir du soutien, de la validation et une mine d&#039;informations.<\/p>\n\n\n\n<p>Si vous \u00eates int\u00e9ress\u00e9 par des discussions communautaires ou des conseils sur les probl\u00e8mes sexuels, pensez \u00e0 visiter des plateformes comme <a href=\"https:\/\/www.reddit.com\/r\/BDSMcommunity\/comments\/y539s2\/kink_test_but_not_that_one\/\" target=\"_blank\" rel=\"noreferrer noopener nofollow\">Communaut\u00e9 BDSM de Reddit<\/a>.<\/p>\n\n\n\n<h2 class=\"wp-block-heading\" id=\"dealing-with-kink-mismatches\"><strong>G\u00e9rer les discordances de kink<\/strong><\/h2>\n\n\n\n<p>Il est normal que les partenaires aient des int\u00e9r\u00eats diff\u00e9rents en mati\u00e8re de kink. Si vous et votre partenaire ne partagez pas le m\u00eame niveau d&#039;int\u00e9r\u00eat pour le kink, il est important de g\u00e9rer la situation avec soin et respect. Certains peuvent \u00eatre ouverts \u00e0 une exploration progressive, tandis que d&#039;autres peuvent ne pas \u00eatre \u00e0 l&#039;aise avec certaines pratiques.<\/p>\n\n\n\n<p>Pour en savoir plus sur la gestion des incompatibilit\u00e9s kink, consultez <a href=\"https:\/\/mashable.com\/article\/mismatched-kinkiness-vanilla-bdsm\" target=\"_blank\" rel=\"noreferrer noopener nofollow\">Le guide de Mashable sur les perversit\u00e9s d\u00e9pareill\u00e9es<\/a>.<\/p>\n\n\n\n<h2 class=\"wp-block-heading\" id=\"conclusion\"><strong>Conclusion<\/strong><\/h2>\n\n\n\n<p>Le kink est un aspect large, diversifi\u00e9 et personnel de la sexualit\u00e9 humaine. Que vous l&#039;exploriez en solo ou avec un partenaire, la cl\u00e9 est de l&#039;aborder avec une communication claire, un respect mutuel et le consentement. Le monde du kink offre des possibilit\u00e9s infinies d&#039;exploration et des outils comme le  <a href=\"https:\/\/bdsmtest.org\" target=\"_blank\" rel=\"noreferrer noopener nofollow\">BDSMTest.org<\/a> peut vous aider \u00e0 mieux comprendre vos d\u00e9sirs. Donnez toujours la priorit\u00e9 \u00e0 la s\u00e9curit\u00e9 et au consentement, et n&#039;oubliez pas que l&#039;exploration du kink est un voyage unique \u00e0 chaque individu.<\/p>\n\n\n\n<p>Pour en savoir plus sur l&#039;exploration du kink, visitez le <a href=\"https:\/\/en.wikipedia.org\/wiki\/Kink_(sexuality)\" target=\"_blank\" rel=\"noreferrer noopener nofollow\">Page Wikip\u00e9dia sur le kink (sexualit\u00e9)<\/a>.<\/p>\n<\/div>\n <\/div><\/section>\n<\/div>\n <\/div><\/div>","protected":false},"excerpt":{"rendered":"","protected":false},"author":1,"featured_media":0,"parent":0,"menu_order":0,"comment_status":"closed","ping_status":"closed","template":"","meta":{"_gspb_post_css":"#gspb_row-id-gsbp-45b9ead,#gspb_row-id-gsbp-642f81e,#gspb_row-id-gsbp-8302bca,#gspb_row-id-gsbp-ef8f6ea{justify-content:space-between;margin-top:0;margin-bottom:0;display:flex;flex-wrap:wrap}#gspb_row-id-gsbp-ef8f6ea>.gspb_row__content{display:flex;justify-content:space-between;margin:0 auto;width:100%;flex-wrap:wrap}.gspb_row{position:relative}div[id^=gspb_col-id]{box-sizing:border-box;position:relative;padding:15px min(3vw,20px)}body.gspb-bodyfront #gspb_row-id-gsbp-ef8f6ea>.gspb_row__content{width:var(--theme-container-width, 1200px);max-width:var(--theme-normal-container-max-width, 1200px)}#gspb_col-id-gsbp-7e2e75b.gspb_row__col--12{width:100%}@media (max-width:575.98px){#gspb_col-id-gsbp-7e2e75b.gspb_row__col--12{width:100%}}#gspb_row-id-gsbp-642f81e>.gspb_row__content{display:flex;justify-content:space-between;margin:0 auto;width:100%;flex-wrap:wrap}#gspb_col-id-gsbp-c360daa.gspb_row__col--12{width:100%}@media (max-width:575.98px){#gspb_col-id-gsbp-c360daa.gspb_row__col--12{width:100%}}#gspb_row-id-gsbp-8302bca>.gspb_row__content{display:flex;justify-content:space-between;margin:0 auto;width:100%;flex-wrap:wrap;max-width:960px}#gspb_col-id-gsbp-1652218.gspb_row__col--12{width:100%}@media (max-width:575.98px){#gspb_col-id-gsbp-1652218.gspb_row__col--12{width:100%}}#gspb_row-id-gsbp-45b9ead>.gspb_row__content{display:flex;justify-content:space-between;margin:0 auto;width:100%;flex-wrap:wrap}body.gspb-bodyfront #gspb_row-id-gsbp-45b9ead>.gspb_row__content,body.gspb-bodyfront #gspb_row-id-gsbp-642f81e>.gspb_row__content{width:var(--theme-container-width, 1200px);max-width:var(--theme-normal-container-max-width, 1200px)}#gspb_col-id-gsbp-24b0295.gspb_row__col--12{width:100%}@media (max-width:575.98px){#gspb_col-id-gsbp-24b0295.gspb_row__col--12{width:100%}}","footnotes":""},"class_list":["post-689","page","type-page","status-publish","hentry"],"blocksy_meta":[],"_links":{"self":[{"href":"https:\/\/amigayquiz.com\/fr\/wp-json\/wp\/v2\/pages\/689"}],"collection":[{"href":"https:\/\/amigayquiz.com\/fr\/wp-json\/wp\/v2\/pages"}],"about":[{"href":"https:\/\/amigayquiz.com\/fr\/wp-json\/wp\/v2\/types\/page"}],"author":[{"embeddable":true,"href":"https:\/\/amigayquiz.com\/fr\/wp-json\/wp\/v2\/users\/1"}],"replies":[{"embeddable":true,"href":"https:\/\/amigayquiz.com\/fr\/wp-json\/wp\/v2\/comments?post=689"}],"version-history":[{"count":4,"href":"https:\/\/amigayquiz.com\/fr\/wp-json\/wp\/v2\/pages\/689\/revisions"}],"predecessor-version":[{"id":695,"href":"https:\/\/amigayquiz.com\/fr\/wp-json\/wp\/v2\/pages\/689\/revisions\/695"}],"wp:attachment":[{"href":"https:\/\/amigayquiz.com\/fr\/wp-json\/wp\/v2\/media?parent=689"}],"curies":[{"name":"wp","href":"https:\/\/api.w.org\/{rel}","templated":true}]}}