{"id":689,"date":"2025-02-13T09:32:35","date_gmt":"2025-02-13T09:32:35","guid":{"rendered":"https:\/\/amigayquiz.com\/?page_id=689"},"modified":"2025-02-13T09:58:50","modified_gmt":"2025-02-13T09:58:50","slug":"kink-test","status":"publish","type":"page","link":"https:\/\/amigayquiz.com\/fi\/kink-test\/","title":{"rendered":"mutka testi"},"content":{"rendered":"<div class=\"wp-block-greenshift-blocks-row gspb_row gspb_row-id-gsbp-ef8f6ea\" id=\"gspb_row-id-gsbp-ef8f6ea\"><div class=\"gspb_row__content\"> \n<div class=\"wp-block-greenshift-blocks-row-column gspb_row__col--12 gspb_col-id-gsbp-7e2e75b\" id=\"gspb_col-id-gsbp-7e2e75b\">\n<section class=\"wp-block-greenshift-blocks-row alignfull gspb_row gspb_row-id-gsbp-642f81e\" id=\"gspb_row-id-gsbp-642f81e\"><div class=\"gspb_row__content\"> \n<div class=\"wp-block-greenshift-blocks-row-column gspb_row__col--12 gspb_col-id-gsbp-c360daa\" id=\"gspb_col-id-gsbp-c360daa\">\n<style>\n        .kink-test-wrapper {\n            font-family: Arial, sans-serif;\n            max-width: 800px;\n            margin: 0 auto;\n            padding: 20px;\n            background-color: #fff1f1;\n        }\n        .kink-test-wrapper .test-container {\n            background-color: white;\n            padding: 30px;\n            border-radius: 10px;\n            box-shadow: 0 4px 15px rgba(255,0,0,0.1);\n        }\n        .kink-test-wrapper h1 {\n            color: #d32f2f;\n            text-align: center;\n            margin-bottom: 30px;\n            font-size: 2em;\n        }\n        .kink-test-wrapper .question {\n            margin-bottom: 25px;\n            padding: 15px;\n            border-bottom: 1px solid #ffcdd2;\n        }\n        .kink-test-wrapper .question p {\n            color: #b71c1c;\n            font-weight: 500;\n            margin-bottom: 15px;\n        }\n        .kink-test-wrapper .options {\n            display: flex;\n            justify-content: space-between;\n            margin-top: 10px;\n            flex-wrap: wrap;\n            gap: 10px;\n        }\n        .kink-test-wrapper .option {\n            position: relative;\n            min-width: 150px;\n            margin: 5px 0;\n        }\n        .kink-test-wrapper .option input[type=\"radio\"] {\n            position: absolute;\n            opacity: 0;\n            cursor: pointer;\n        }\n        .kink-test-wrapper .option label {\n            display: flex;\n            align-items: center;\n            padding: 8px 15px;\n            border: 1px solid rgba(255, 82, 82, 0.3);\n            border-radius: 20px;\n            cursor: pointer;\n            background-color: rgba(255, 255, 255, 0.8);\n            color: #666;\n            transition: all 0.3s ease;\n            width: 100%;\n            box-sizing: border-box;\n        }\n        .kink-test-wrapper .option label::before {\n            content: '';\n            width: 16px;\n            height: 16px;\n            border: 2px solid rgba(255, 82, 82, 0.5);\n            border-radius: 50%;\n            margin-right: 10px;\n            transition: all 0.3s ease;\n        }\n        .kink-test-wrapper .option input[type=\"radio\"]:checked + label {\n            background-color: #ffebee;\n            border-color: #ff5252;\n            color: #d32f2f;\n            font-weight: bold;\n            box-shadow: 0 2px 8px rgba(211,47,47,0.2);\n        }\n        .kink-test-wrapper .option input[type=\"radio\"]:checked + label::before {\n            background-color: #ff5252;\n            border-color: #ff5252;\n            box-shadow: inset 0 0 0 3px #fff;\n        }\n        .kink-test-wrapper .option:hover label {\n            background-color: #ffebee;\n            border-color: rgba(255, 82, 82, 0.8);\n            transform: translateY(-2px);\n        }\n        .kink-test-wrapper button {\n            display: block;\n            width: 200px;\n            margin: 20px auto;\n            padding: 12px;\n            background-color: #d32f2f;\n            color: white;\n            border: none;\n            border-radius: 25px;\n            cursor: pointer;\n            font-size: 16px;\n            font-weight: bold;\n            transition: all 0.3s ease;\n            box-shadow: 0 4px 12px rgba(211,47,47,0.2);\n        }\n        .kink-test-wrapper button:hover {\n            background-color: #b71c1c;\n            transform: translateY(-2px);\n            box-shadow: 0 6px 15px rgba(211,47,47,0.3);\n        }\n        .kink-test-wrapper #result {\n            margin-top: 20px;\n            padding: 20px;\n            border-radius: 10px;\n            text-align: center;\n            display: none;\n            background-color: #ffebee;\n            border: 2px solid #ff5252;\n        }\n        .kink-test-wrapper #result h2 {\n            color: #d32f2f;\n            margin-bottom: 15px;\n        }\n        .kink-test-wrapper #result p {\n            color: #b71c1c;\n            line-height: 1.6;\n        }\n    <\/style>\n \n    <div class=\"kink-test-wrapper\">\n        <div class=\"test-container\">\n            <h1>Kink testi<\/h1>\n            <form id=\"kinkTest\" action=\"\">\n                <div id=\"questions\">\n                <\/div>\n                <button type=\"button\" onclick=\"calculateScore()\">Laske pisteesi<\/button>\n            <input type=\"hidden\" name=\"trp-form-language\" value=\"fi\"\/><\/form>\n            <div id=\"result\"><\/div>\n        <\/div>\n    <\/div>\n\n    <script>\n        const questions = [\n            \"Do you find interest in the roles of dominance and submission?\",\n            \"Have you ever been interested in mild pain (e.g., light slapping, light spanking)?\",\n            \"Do you enjoy trying restraint or limiting movement during sex?\",\n            \"Are you interested in role-playing, especially in non-traditional gender or societal roles?\",\n            \"Do you find uniforms (e.g., nurse, police officer outfits) sexually attractive?\",\n            \"Have you ever fantasized about BDSM or humiliation scenarios?\",\n            \"Are you interested in controlling others or being controlled by them?\",\n            \"Do you have a strong preference for certain types of sexual acts?\",\n            \"Are you interested in kinky toys or tools (e.g., whips, leather products)?\",\n            \"Do you enjoy incorporating elements of power exchange in your sexual activities?\",\n            \"Are you attracted to feet or feel aroused when others touch your feet?\",\n            \"Do you find certain body parts (e.g., neck, back) particularly sexually appealing?\",\n            \"Have you ever fantasized about group sex or participating in orgies?\",\n            \"Are you intrigued by exhibitionism or performing sexual acts in public places?\",\n            \"Are you interested in 'training' or teaching another person during sexual activities?\",\n            \"Have you ever had fantasies involving humiliation or public shaming during sex?\"\n        ];\n\n        const options = [\"Frequently\", \"Occasionally\", \"Rarely\", \"Never\"];\n\n        \/\/ Generate questions\n        const questionsContainer = document.getElementById(\"questions\");\n        questions.forEach((question, index) => {\n            const questionDiv = document.createElement(\"div\");\n            questionDiv.className = \"question\";\n            questionDiv.innerHTML = `\n                <p>${index + 1}. ${question}<\/p>\n                <div class=\"options\">\n                    ${options.map((option, optionIndex) => `\n                        <div class=\"option\">\n                            <input type=\"radio\" \n                                   id=\"q${index}_${optionIndex}\" \n                                   name=\"q${index}\" \n                                   value=\"${3 - optionIndex}\" \n                                   required>\n                            <label for=\"q${index}_${optionIndex}\">${option}<\/label>\n                        <\/div>\n                    `).join('')}\n                <\/div>\n            `;\n            questionsContainer.appendChild(questionDiv);\n        });\n\n        function calculateScore() {\n            const form = document.getElementById(\"kinkTest\");\n            const result = document.getElementById(\"result\");\n            \n            \/\/ Check if all questions are answered\n            const answered = [...form.querySelectorAll('input[type=\"radio\"]:checked')].length;\n            if (answered < questions.length) {\n                alert(\"Please answer all questions before calculating your score.\");\n                return;\n            }\n\n            \/\/ Calculate total score\n            let score = 0;\n            questions.forEach((_, index) => {\n                const selected = form.querySelector(`input[name=\"q${index}\"]:checked`);\n                score += parseInt(selected.value);\n            });\n\n            \/\/ Determine result category\n            let category;\n            if (score >= 34) {\n                category = \"Primarily interested in kink, with strong or diverse inclinations towards various kinks and fantasies.\";\n            } else if (score >= 25) {\n                category = \"Shows a mix of kink interests, with openness to exploring different aspects of kink, but not fully immersed in all practices.\";\n            } else if (score >= 13) {\n                category = \"More traditional or conventional in sexual preferences, with occasional curiosity or interest in some kink elements.\";\n            } else {\n                category = \"Primarily conventional in sexual preferences, with little or no interest in kink or alternative sexual practices.\";\n            }\n\n            \/\/ Display result\n            result.style.display = \"block\";\n            result.innerHTML = `\n                <h2>Your Score: ${score}\/48<\/h2>\n                <p>${category}<\/p>\n            `;\n            result.scrollIntoView({ behavior: 'smooth' });\n        }\n    <\/script>\n<\/div>\n <\/div><\/section>\n<\/div>\n <\/div><\/div>\n\n\n\n<div class=\"wp-block-greenshift-blocks-row gspb_row gspb_row-id-gsbp-8302bca\" id=\"gspb_row-id-gsbp-8302bca\"><div class=\"gspb_row__content\"> \n<div class=\"wp-block-greenshift-blocks-row-column gspb_row__col--12 gspb_col-id-gsbp-1652218\" id=\"gspb_col-id-gsbp-1652218\">\n<section class=\"wp-block-greenshift-blocks-row alignfull gspb_row gspb_row-id-gsbp-45b9ead\" id=\"gspb_row-id-gsbp-45b9ead\"><div class=\"gspb_row__content\"> \n<div class=\"wp-block-greenshift-blocks-row-column gspb_row__col--12 gspb_col-id-gsbp-24b0295\" id=\"gspb_col-id-gsbp-24b0295\">\n<p>Ihmisen seksuaalisuudessa kinkill\u00e4 tarkoitetaan seksuaalisia k\u00e4yt\u00e4nt\u00f6j\u00e4 tai fantasioita, jotka poikkeavat tavanomaisista tai perinteisist\u00e4 normeista. Termi <em>mutka<\/em> k\u00e4ytet\u00e4\u00e4n usein laajana kategoriana, joka kattaa aktiviteetit, kuten BDSM, roolileikit ja muut seksuaalisen ilmaisun muodot, jotka eiv\u00e4t v\u00e4ltt\u00e4m\u00e4tt\u00e4 sovi yleisiin seksuaalisiin odotuksiin. Viime vuosina ajatus kinkist\u00e4 on normalisoitunut, ja monet ihmiset etsiv\u00e4t tapoja tutkia toiveitaan turvallisesti ja yksimielisesti.<\/p>\n\n\n\n<h2 class=\"wp-block-heading\" id=\"what-is-kink\"><strong>Mik\u00e4 on Kink?<\/strong><\/h2>\n\n\n\n<p>Kink sen laajimmassa merkityksess\u00e4 viittaa mihin tahansa seksuaaliseen k\u00e4yt\u00e4nt\u00f6\u00f6n, kiinnostukseen tai fantasiaan, jota pidet\u00e4\u00e4n ei-normatiivisena tai ep\u00e4sovinnaisena. N\u00e4m\u00e4 k\u00e4yt\u00f6kset voivat vaihdella leikkisist\u00e4 skenaarioista intensiivisempiin k\u00e4yt\u00e4nt\u00f6ihin, joihin saattaa liitty\u00e4 voimadynamiikkaa, kipua tai n\u00f6yryytyst\u00e4. Yksi yleinen v\u00e4\u00e4rink\u00e4sitys on, ett\u00e4 kink on synonyymi BDSM:lle, mutta <em>mutka<\/em> on paljon laajempi termi ja kattaa erilaisia k\u00e4ytt\u00e4ytymismalleja ja kiinnostuksen kohteita pelk\u00e4n orjuuden, kurinalaisuuden, dominanssin, alistumisen, sadismin ja masokismin lis\u00e4ksi.<\/p>\n\n\n\n<p>Pohjimmiltaan kink voi sis\u00e4lt\u00e4\u00e4 mit\u00e4 tahansa <strong>roolileikki<\/strong>, <strong>vaikutuspeli<\/strong>, jopa lieviin tuntemuksiin, kuten <strong>vahaleikki<\/strong>. Kyse on rajojen tutkimisesta, henkil\u00f6kohtaisista mieltymyksist\u00e4 ja suostumuksesta kumppanin kanssa.<\/p>\n\n\n\n<p>Jos haluat lis\u00e4tietoja kieroutuneesta terminologiasta ja k\u00e4yt\u00e4nn\u00f6ist\u00e4, k\u00e4y osoitteessa <a href=\"https:\/\/en.wikipedia.org\/wiki\/Kink_(sexuality)\" target=\"_blank\" rel=\"noreferrer noopener nofollow\">Wikipedia-sivu Kinkiss\u00e4<\/a>.<\/p>\n\n\n\n<h2 class=\"wp-block-heading\" id=\"what-is-bdsm-and-how-does-it-relate-to-kink\"><strong>Mik\u00e4 on BDSM ja miten se liittyy Kinkiin?<\/strong><\/h2>\n\n\n\n<p>BDSM on kierteen osajoukko, joka keskittyy yhteisymm\u00e4rrykseen perustuvaan tehodynamiikkaan, johon voi kuulua <strong>orjuudesta<\/strong>, <strong>kurinalaisuutta<\/strong>, <strong>valta-asema<\/strong>, <strong>l\u00e4hetys<\/strong>, <strong>sadismi<\/strong>, ja <strong>masokismi<\/strong>. Vaikka BDSM-k\u00e4yt\u00e4nn\u00f6t voivat olla osa laajempaa kinkkiyhteis\u00f6\u00e4, kaikki mutkit eiv\u00e4t liity BDSM:\u00e4\u00e4n. Esimerkiksi jotkut ihmiset voivat nauttia <strong>jalkafetissit<\/strong>, <strong>ekshibitionismi<\/strong>, tai <strong>roolileikkej\u00e4<\/strong> ilman BDSM-k\u00e4yt\u00e4nt\u00f6j\u00e4.<\/p>\n\n\n\n<p>BDSM on kuitenkin usein ensimm\u00e4inen asia, jonka ihmiset ajattelevat kierteest\u00e4. N\u00e4m\u00e4 k\u00e4yt\u00e4nn\u00f6t keskittyv\u00e4t kahden tai useamman ihmisen v\u00e4liseen vallanvaihtoon, ja niist\u00e4 neuvotellaan selke\u00e4ll\u00e4 suostumuksella. Jos olet uusi BDSM:ss\u00e4 tai kinkiss\u00e4 yleens\u00e4, voit oppia lis\u00e4\u00e4 <a href=\"https:\/\/www.dictionary.com\/browse\/bdsm\" target=\"_blank\" rel=\"noreferrer noopener nofollow\">BDSM-terminologian sanakirjat<\/a> tai aloittelijan oppaita, kuten nyt <a href=\"https:\/\/www.theswaddle.com\/kink-101-everything-you-need-to-know-about-bdsm\" target=\"_blank\" rel=\"noreferrer noopener nofollow\">Swaddle<\/a>.<\/p>\n\n\n\n<h2 class=\"wp-block-heading\" id=\"the-kink-orientation-scale-kos\"><strong>Kink Orientation Scale (KOS)<\/strong><\/h2>\n\n\n\n<p>Uusi ty\u00f6kalu kiinteiden kiinnostuksen kohteidesi tutkimiseen on <em>Kink Orientation Scale (KOS)<\/em>, jonka ovat kehitt\u00e4neet Brightonin yliopiston tutkijat. T\u00e4m\u00e4 ty\u00f6kalu auttaa sinua arvioimaan &quot;kiihkosuuntautuneisuuttasi&quot;, mukaan lukien asenteet, k\u00e4ytt\u00e4ytyminen ja toiveet. Asteikko mittaa useita tekij\u00f6it\u00e4, kuten mieltymyksi\u00e4si dominoivaan asemaan, alistumistasi ja aktiviteetteja, joista pid\u00e4t, <strong>kevyt orjuus<\/strong> to <strong>vaikutuspeli<\/strong>.<\/p>\n\n\n\n<p>Jos olet utelias siit\u00e4, kuinka kinkkinen olet, voit tehd\u00e4 testin <a href=\"https:\/\/amigayquiz.com\/fi\/kink-test\/\">mutka testi<\/a><a href=\"https:\/\/www.kinktest.org\" rel=\"nofollow noopener\" target=\"_blank\">,<\/a> n\u00e4hd\u00e4ksesi minne putoat mutka-asteikolla. N\u00e4m\u00e4 arvioinnit auttavat normalisoimaan keskustelua kierteist\u00e4 ja fetissist\u00e4 ja tarjoavat tieteellisemm\u00e4n l\u00e4hestymistavan niiden ymm\u00e4rt\u00e4miseen.<\/p>\n\n\n\n<h2 class=\"wp-block-heading\" id=\"common-kink-practices-and-activities\"><strong>Yleiset Kink-k\u00e4yt\u00e4nn\u00f6t ja -toiminnot<\/strong><\/h2>\n\n\n\n<p>Kink sis\u00e4lt\u00e4\u00e4 laajan valikoiman aktiviteetteja. Joitakin yleisi\u00e4 kikkailuja, joista ihmiset nauttivat, ovat:<\/p>\n\n\n\n<ul class=\"wp-block-list\">\n<li><strong>Orjuus<\/strong>: Kumppanin liikkeen rajoittaminen, usein k\u00f6ysill\u00e4, hihansuilla tai muilla rajoituksilla.<\/li>\n\n\n\n<li><strong>Roolileikki<\/strong>: Harrastat fantasioita, joissa sin\u00e4 tai kumppanisi omaksut tiettyj\u00e4 hahmoja tai voimadynamiikkaa.<\/li>\n\n\n\n<li><strong>Vaikutuspeli<\/strong>: Sis\u00e4lt\u00e4\u00e4 toimintoja, kuten piiskaamista, ruoskimista tai melontaa, joissa painopiste on kivun tai ep\u00e4mukavuuden tuntemisessa nautinnon vuoksi.<\/li>\n\n\n\n<li><strong>Jalkafetissi<\/strong>: Seksuaalinen kiinnostus jalkoja kohtaan, joka voi sis\u00e4lt\u00e4\u00e4 aktiviteetteja, kuten jalkahierontaa tai jalkapainotteisia roolileikkej\u00e4.<\/li>\n\n\n\n<li><strong>Exhibitionismi<\/strong>: Halu tulla katsotuksi seksuaalisen toiminnan aikana joko henkil\u00f6kohtaisesti tai median v\u00e4lityksell\u00e4.<\/li>\n\n\n\n<li><strong>Wax Play<\/strong>: Kuuman vahan k\u00e4ytt\u00f6 tunneleikin muodossa, jossa vahaa tiputetaan iholle l\u00e4mm\u00f6st\u00e4 ja tuntemuksesta nauttimiseksi.<\/li>\n<\/ul>\n\n\n\n<p>Jos haluat tutustua laajempaan kinkkiin, mukaan lukien suosittuja aktiviteetteja, vieraile <a href=\"https:\/\/www.businessinsider.com\/guides\/health\/sex-relationships\/list-of-kinks\" target=\"_blank\" rel=\"noreferrer noopener nofollow\">Business Insiderin luettelo kinkkeist\u00e4<\/a>.<\/p>\n\n\n\n<h2 class=\"wp-block-heading\" id=\"how-to-safely-explore-kink-with-your-partner\"><strong>Kuinka tutkia Kinki\u00e4 turvallisesti kumppanisi kanssa<\/strong><\/h2>\n\n\n\n<p>Mukana tuominen parisuhteeseen vaatii avointa viestint\u00e4\u00e4, luottamusta ja kunnioitusta. N\u00e4in aloitat turvallisesti:<\/p>\n\n\n\n<h3 class=\"wp-block-heading\" id=\"1-start-the-conversation\">1. <strong>Aloita keskustelu<\/strong><\/h3>\n\n\n\n<p>Keskustele toiveistasi kumppanisi kanssa tuomitsematta. On t\u00e4rke\u00e4\u00e4 l\u00e4hesty\u00e4 t\u00e4t\u00e4 keskustelua avoimesti ja haavoittuvaisesti. Jos et ole varma, kuinka aloittaa, k\u00e4yt\u00e4 ty\u00f6kaluja, kuten <strong>Kyll\u00e4\/Ei\/Ehk\u00e4 lista<\/strong> voi helpottaa keskusteluja erilaisista mutkista ja rajoista.<\/p>\n\n\n\n<p>Katso lis\u00e4apua kommunikointiin kumppanin kanssa <a href=\"https:\/\/www.missgigiengle.com\/blog\/talking-about-kink-with-partner\" target=\"_blank\" rel=\"noreferrer noopener nofollow\">Neiti Gigienglen neuvo<\/a>.<\/p>\n\n\n\n<h3 class=\"wp-block-heading\" id=\"2-set-clear-boundaries-and-consent\">2. <strong>Aseta selke\u00e4t rajat ja suostumus<\/strong><\/h3>\n\n\n\n<p>Varmista, ett\u00e4 molemmat kumppanit ovat mukavia ja yksimielisi\u00e4 uusien toimintojen tutkimisessa. Muista, ett\u00e4 turvallisuus on avainasemassa, ja kaikista k\u00e4yt\u00e4nn\u00f6ist\u00e4 tulee keskustella ja sopia etuk\u00e4teen. N\u00e4in varmistetaan, ett\u00e4 kaikki mukana olevat ovat samalla sivulla.<\/p>\n\n\n\n<p>Lis\u00e4tietoja suostumuksen s\u00e4ilytt\u00e4misest\u00e4 ja yhteydenpidosta on osoitteessa <a href=\"https:\/\/www.guidedtrack.com\/programs\/u4m797m\/run\" target=\"_blank\" rel=\"noreferrer noopener nofollow\">Opastetun radan Kink Survey<\/a>.<\/p>\n\n\n\n<h3 class=\"wp-block-heading\" id=\"3-take-it-slow\">3. <strong>Ota se hitaasti<\/strong><\/h3>\n\n\n\n<p>Aloita pienist\u00e4, hallittavissa olevista toiminnoista ja rakenna v\u00e4hitellen. Yksinkertaisen orjuuden hillitsemisen tai kevyen piiskauksen kokeileminen voi esitell\u00e4 sinut kinkkien maailmaan tyrm\u00e4\u00e4m\u00e4tt\u00e4 kumppaniasi.<\/p>\n\n\n\n<p>Lis\u00e4tietoja kinkin asteittaisesta k\u00e4ytt\u00f6\u00f6notosta on osoitteessa <a href=\"https:\/\/www.choosingtherapy.com\/bdsm\/\" target=\"_blank\" rel=\"noreferrer noopener nofollow\">Therapyn BDSM-vinkkien valitseminen<\/a>.<\/p>\n\n\n\n<h3 class=\"wp-block-heading\" id=\"4-use-toys-and-props\">4. <strong>K\u00e4yt\u00e4 leluja ja rekvisiitta<\/strong><\/h3>\n\n\n\n<p>Jos olet kiinnostunut lelujen, kuten hihansuiden, ruoskien tai sensoristen lelujen, sis\u00e4llytt\u00e4misest\u00e4, aloita aloittelijayst\u00e4v\u00e4llisist\u00e4 vaihtoehdoista. N\u00e4m\u00e4 voivat lis\u00e4t\u00e4 j\u00e4nnityst\u00e4 ja tutkimista seksuaaliseen kokemukseesi.<\/p>\n\n\n\n<h3 class=\"wp-block-heading\" id=\"5-check-in-regularly\">5. <strong>Kirjaudu sis\u00e4\u00e4n s\u00e4\u00e4nn\u00f6llisesti<\/strong><\/h3>\n\n\n\n<p>Kun tutkit kieroa, s\u00e4ilyt\u00e4 avoin kommunikointi kumppanisi kanssa molemminpuolisen mukavuuden ja suostumuksen varmistamiseksi. Kirjaudu s\u00e4\u00e4nn\u00f6llisesti sis\u00e4\u00e4n ja keskustele siit\u00e4, milt\u00e4 jokainen kokemus tuntui molemmille.<\/p>\n\n\n\n<h2 class=\"wp-block-heading\" id=\"kink-and-fetish-community-resources\"><strong>Kink ja Fetish -yhteis\u00f6resurssit<\/strong><\/h2>\n\n\n\n<p>On t\u00e4rke\u00e4\u00e4 tutkia kinkki\u00e4 yhteis\u00f6ss\u00e4, joka edist\u00e4\u00e4 turvallisuutta, kunnioitusta ja osallisuutta. Monet verkkoalustat tarjoavat tiloja, joissa yksil\u00f6t voivat keskustella kierteist\u00e4\u00e4n ja pyyt\u00e4\u00e4 neuvoja. N\u00e4ihin yhteis\u00f6ihin liittyminen voi tarjota tukea, validointia ja runsaasti tietoa.<\/p>\n\n\n\n<p>Jos olet kiinnostunut yhteis\u00f6keskusteluista tai vinkist\u00e4, harkitse vierailemista alustoilla, kuten <a href=\"https:\/\/www.reddit.com\/r\/BDSMcommunity\/comments\/y539s2\/kink_test_but_not_that_one\/\" target=\"_blank\" rel=\"noreferrer noopener nofollow\">Redditin BDSM-yhteis\u00f6<\/a>.<\/p>\n\n\n\n<h2 class=\"wp-block-heading\" id=\"dealing-with-kink-mismatches\"><strong>Kiinnitysvirheiden k\u00e4sittely<\/strong><\/h2>\n\n\n\n<p>On normaalia, ett\u00e4 kumppaneiden intressit eiv\u00e4t vastaa toisiaan. Jos sinulla ja kumppanillasi ei ole samanlaista kiinnostusta kinkkiin, on t\u00e4rke\u00e4\u00e4 k\u00e4sitell\u00e4 tilannetta huolellisesti ja kunnioittavasti. Jotkut saattavat olla avoimia asteittaiselle tutkimiselle, kun taas toiset eiv\u00e4t ehk\u00e4 ole mukavia tiettyihin k\u00e4yt\u00e4nt\u00f6ihin.<\/p>\n\n\n\n<p>Lis\u00e4tietoja kink-yhteensopivuusongelmien hallinnasta on osoitteessa <a href=\"https:\/\/mashable.com\/article\/mismatched-kinkiness-vanilla-bdsm\" target=\"_blank\" rel=\"noreferrer noopener nofollow\">Mashablen opas yhteensopimattomista mutkista<\/a>.<\/p>\n\n\n\n<h2 class=\"wp-block-heading\" id=\"conclusion\"><strong>Johtop\u00e4\u00e4t\u00f6s<\/strong><\/h2>\n\n\n\n<p>Kink on laaja, monipuolinen ja henkil\u00f6kohtainen n\u00e4k\u00f6kohta ihmisen seksuaalisuudesta. Tutkitpa sit\u00e4 yksin tai kumppanin kanssa, t\u00e4rkeint\u00e4 on l\u00e4hesty\u00e4 sit\u00e4 selke\u00e4ll\u00e4 viestinn\u00e4ll\u00e4, molemminpuolisella kunnioituksella ja suostumuksella. Kinkin maailma tarjoaa loputtomasti mahdollisuuksia tutkimiseen ja ty\u00f6kaluja, kuten  <a href=\"https:\/\/bdsmtest.org\" target=\"_blank\" rel=\"noreferrer noopener nofollow\">BDSMTest.org<\/a> voi auttaa sinua ymm\u00e4rt\u00e4m\u00e4\u00e4n paremmin toiveitasi. Aseta turvallisuus ja suostumus aina etusijalle ja muista, ett\u00e4 kinkin tutkiminen on jokaiselle yksil\u00f6llinen matka.<\/p>\n\n\n\n<p>Lis\u00e4tietoja Kinkin tutkimisesta on osoitteessa <a href=\"https:\/\/en.wikipedia.org\/wiki\/Kink_(sexuality)\" target=\"_blank\" rel=\"noreferrer noopener nofollow\">Kink (Seksuaalisuus) Wikipedia-sivu<\/a>.<\/p>\n<\/div>\n <\/div><\/section>\n<\/div>\n <\/div><\/div>","protected":false},"excerpt":{"rendered":"","protected":false},"author":1,"featured_media":0,"parent":0,"menu_order":0,"comment_status":"closed","ping_status":"closed","template":"","meta":{"_gspb_post_css":"#gspb_row-id-gsbp-45b9ead,#gspb_row-id-gsbp-642f81e,#gspb_row-id-gsbp-8302bca,#gspb_row-id-gsbp-ef8f6ea{justify-content:space-between;margin-top:0;margin-bottom:0;display:flex;flex-wrap:wrap}#gspb_row-id-gsbp-ef8f6ea>.gspb_row__content{display:flex;justify-content:space-between;margin:0 auto;width:100%;flex-wrap:wrap}.gspb_row{position:relative}div[id^=gspb_col-id]{box-sizing:border-box;position:relative;padding:15px min(3vw,20px)}body.gspb-bodyfront #gspb_row-id-gsbp-ef8f6ea>.gspb_row__content{width:var(--theme-container-width, 1200px);max-width:var(--theme-normal-container-max-width, 1200px)}#gspb_col-id-gsbp-7e2e75b.gspb_row__col--12{width:100%}@media (max-width:575.98px){#gspb_col-id-gsbp-7e2e75b.gspb_row__col--12{width:100%}}#gspb_row-id-gsbp-642f81e>.gspb_row__content{display:flex;justify-content:space-between;margin:0 auto;width:100%;flex-wrap:wrap}#gspb_col-id-gsbp-c360daa.gspb_row__col--12{width:100%}@media (max-width:575.98px){#gspb_col-id-gsbp-c360daa.gspb_row__col--12{width:100%}}#gspb_row-id-gsbp-8302bca>.gspb_row__content{display:flex;justify-content:space-between;margin:0 auto;width:100%;flex-wrap:wrap;max-width:960px}#gspb_col-id-gsbp-1652218.gspb_row__col--12{width:100%}@media (max-width:575.98px){#gspb_col-id-gsbp-1652218.gspb_row__col--12{width:100%}}#gspb_row-id-gsbp-45b9ead>.gspb_row__content{display:flex;justify-content:space-between;margin:0 auto;width:100%;flex-wrap:wrap}body.gspb-bodyfront #gspb_row-id-gsbp-45b9ead>.gspb_row__content,body.gspb-bodyfront #gspb_row-id-gsbp-642f81e>.gspb_row__content{width:var(--theme-container-width, 1200px);max-width:var(--theme-normal-container-max-width, 1200px)}#gspb_col-id-gsbp-24b0295.gspb_row__col--12{width:100%}@media (max-width:575.98px){#gspb_col-id-gsbp-24b0295.gspb_row__col--12{width:100%}}","footnotes":""},"class_list":["post-689","page","type-page","status-publish","hentry"],"blocksy_meta":[],"_links":{"self":[{"href":"https:\/\/amigayquiz.com\/fi\/wp-json\/wp\/v2\/pages\/689"}],"collection":[{"href":"https:\/\/amigayquiz.com\/fi\/wp-json\/wp\/v2\/pages"}],"about":[{"href":"https:\/\/amigayquiz.com\/fi\/wp-json\/wp\/v2\/types\/page"}],"author":[{"embeddable":true,"href":"https:\/\/amigayquiz.com\/fi\/wp-json\/wp\/v2\/users\/1"}],"replies":[{"embeddable":true,"href":"https:\/\/amigayquiz.com\/fi\/wp-json\/wp\/v2\/comments?post=689"}],"version-history":[{"count":4,"href":"https:\/\/amigayquiz.com\/fi\/wp-json\/wp\/v2\/pages\/689\/revisions"}],"predecessor-version":[{"id":695,"href":"https:\/\/amigayquiz.com\/fi\/wp-json\/wp\/v2\/pages\/689\/revisions\/695"}],"wp:attachment":[{"href":"https:\/\/amigayquiz.com\/fi\/wp-json\/wp\/v2\/media?parent=689"}],"curies":[{"name":"wp","href":"https:\/\/api.w.org\/{rel}","templated":true}]}}