{"id":689,"date":"2025-02-13T09:32:35","date_gmt":"2025-02-13T09:32:35","guid":{"rendered":"https:\/\/amigayquiz.com\/?page_id=689"},"modified":"2025-02-13T09:58:50","modified_gmt":"2025-02-13T09:58:50","slug":"kink-test","status":"publish","type":"page","link":"https:\/\/amigayquiz.com\/es\/kink-test\/","title":{"rendered":"prueba de torcedura"},"content":{"rendered":"<div class=\"wp-block-greenshift-blocks-row gspb_row gspb_row-id-gsbp-ef8f6ea\" id=\"gspb_row-id-gsbp-ef8f6ea\"><div class=\"gspb_row__content\"> \n<div class=\"wp-block-greenshift-blocks-row-column gspb_row__col--12 gspb_col-id-gsbp-7e2e75b\" id=\"gspb_col-id-gsbp-7e2e75b\">\n<section class=\"wp-block-greenshift-blocks-row alignfull gspb_row gspb_row-id-gsbp-642f81e\" id=\"gspb_row-id-gsbp-642f81e\"><div class=\"gspb_row__content\"> \n<div class=\"wp-block-greenshift-blocks-row-column gspb_row__col--12 gspb_col-id-gsbp-c360daa\" id=\"gspb_col-id-gsbp-c360daa\">\n<style>\n        .kink-test-wrapper {\n            font-family: Arial, sans-serif;\n            max-width: 800px;\n            margin: 0 auto;\n            padding: 20px;\n            background-color: #fff1f1;\n        }\n        .kink-test-wrapper .test-container {\n            background-color: white;\n            padding: 30px;\n            border-radius: 10px;\n            box-shadow: 0 4px 15px rgba(255,0,0,0.1);\n        }\n        .kink-test-wrapper h1 {\n            color: #d32f2f;\n            text-align: center;\n            margin-bottom: 30px;\n            font-size: 2em;\n        }\n        .kink-test-wrapper .question {\n            margin-bottom: 25px;\n            padding: 15px;\n            border-bottom: 1px solid #ffcdd2;\n        }\n        .kink-test-wrapper .question p {\n            color: #b71c1c;\n            font-weight: 500;\n            margin-bottom: 15px;\n        }\n        .kink-test-wrapper .options {\n            display: flex;\n            justify-content: space-between;\n            margin-top: 10px;\n            flex-wrap: wrap;\n            gap: 10px;\n        }\n        .kink-test-wrapper .option {\n            position: relative;\n            min-width: 150px;\n            margin: 5px 0;\n        }\n        .kink-test-wrapper .option input[type=\"radio\"] {\n            position: absolute;\n            opacity: 0;\n            cursor: pointer;\n        }\n        .kink-test-wrapper .option label {\n            display: flex;\n            align-items: center;\n            padding: 8px 15px;\n            border: 1px solid rgba(255, 82, 82, 0.3);\n            border-radius: 20px;\n            cursor: pointer;\n            background-color: rgba(255, 255, 255, 0.8);\n            color: #666;\n            transition: all 0.3s ease;\n            width: 100%;\n            box-sizing: border-box;\n        }\n        .kink-test-wrapper .option label::before {\n            content: '';\n            width: 16px;\n            height: 16px;\n            border: 2px solid rgba(255, 82, 82, 0.5);\n            border-radius: 50%;\n            margin-right: 10px;\n            transition: all 0.3s ease;\n        }\n        .kink-test-wrapper .option input[type=\"radio\"]:checked + label {\n            background-color: #ffebee;\n            border-color: #ff5252;\n            color: #d32f2f;\n            font-weight: bold;\n            box-shadow: 0 2px 8px rgba(211,47,47,0.2);\n        }\n        .kink-test-wrapper .option input[type=\"radio\"]:checked + label::before {\n            background-color: #ff5252;\n            border-color: #ff5252;\n            box-shadow: inset 0 0 0 3px #fff;\n        }\n        .kink-test-wrapper .option:hover label {\n            background-color: #ffebee;\n            border-color: rgba(255, 82, 82, 0.8);\n            transform: translateY(-2px);\n        }\n        .kink-test-wrapper button {\n            display: block;\n            width: 200px;\n            margin: 20px auto;\n            padding: 12px;\n            background-color: #d32f2f;\n            color: white;\n            border: none;\n            border-radius: 25px;\n            cursor: pointer;\n            font-size: 16px;\n            font-weight: bold;\n            transition: all 0.3s ease;\n            box-shadow: 0 4px 12px rgba(211,47,47,0.2);\n        }\n        .kink-test-wrapper button:hover {\n            background-color: #b71c1c;\n            transform: translateY(-2px);\n            box-shadow: 0 6px 15px rgba(211,47,47,0.3);\n        }\n        .kink-test-wrapper #result {\n            margin-top: 20px;\n            padding: 20px;\n            border-radius: 10px;\n            text-align: center;\n            display: none;\n            background-color: #ffebee;\n            border: 2px solid #ff5252;\n        }\n        .kink-test-wrapper #result h2 {\n            color: #d32f2f;\n            margin-bottom: 15px;\n        }\n        .kink-test-wrapper #result p {\n            color: #b71c1c;\n            line-height: 1.6;\n        }\n    <\/style>\n \n    <div class=\"kink-test-wrapper\">\n        <div class=\"test-container\">\n            <h1>Prueba de torcedura<\/h1>\n            <form id=\"kinkTest\" action=\"\">\n                <div id=\"questions\">\n                <\/div>\n                <button type=\"button\" onclick=\"calculateScore()\">Calcula tu puntuaci\u00f3n<\/button>\n            <input type=\"hidden\" name=\"trp-form-language\" value=\"es\"\/><\/form>\n            <div id=\"result\"><\/div>\n        <\/div>\n    <\/div>\n\n    <script>\n        const questions = [\n            \"Do you find interest in the roles of dominance and submission?\",\n            \"Have you ever been interested in mild pain (e.g., light slapping, light spanking)?\",\n            \"Do you enjoy trying restraint or limiting movement during sex?\",\n            \"Are you interested in role-playing, especially in non-traditional gender or societal roles?\",\n            \"Do you find uniforms (e.g., nurse, police officer outfits) sexually attractive?\",\n            \"Have you ever fantasized about BDSM or humiliation scenarios?\",\n            \"Are you interested in controlling others or being controlled by them?\",\n            \"Do you have a strong preference for certain types of sexual acts?\",\n            \"Are you interested in kinky toys or tools (e.g., whips, leather products)?\",\n            \"Do you enjoy incorporating elements of power exchange in your sexual activities?\",\n            \"Are you attracted to feet or feel aroused when others touch your feet?\",\n            \"Do you find certain body parts (e.g., neck, back) particularly sexually appealing?\",\n            \"Have you ever fantasized about group sex or participating in orgies?\",\n            \"Are you intrigued by exhibitionism or performing sexual acts in public places?\",\n            \"Are you interested in 'training' or teaching another person during sexual activities?\",\n            \"Have you ever had fantasies involving humiliation or public shaming during sex?\"\n        ];\n\n        const options = [\"Frequently\", \"Occasionally\", \"Rarely\", \"Never\"];\n\n        \/\/ Generate questions\n        const questionsContainer = document.getElementById(\"questions\");\n        questions.forEach((question, index) => {\n            const questionDiv = document.createElement(\"div\");\n            questionDiv.className = \"question\";\n            questionDiv.innerHTML = `\n                <p>${index + 1}. ${question}<\/p>\n                <div class=\"options\">\n                    ${options.map((option, optionIndex) => `\n                        <div class=\"option\">\n                            <input type=\"radio\" \n                                   id=\"q${index}_${optionIndex}\" \n                                   name=\"q${index}\" \n                                   value=\"${3 - optionIndex}\" \n                                   required>\n                            <label for=\"q${index}_${optionIndex}\">${option}<\/label>\n                        <\/div>\n                    `).join('')}\n                <\/div>\n            `;\n            questionsContainer.appendChild(questionDiv);\n        });\n\n        function calculateScore() {\n            const form = document.getElementById(\"kinkTest\");\n            const result = document.getElementById(\"result\");\n            \n            \/\/ Check if all questions are answered\n            const answered = [...form.querySelectorAll('input[type=\"radio\"]:checked')].length;\n            if (answered < questions.length) {\n                alert(\"Please answer all questions before calculating your score.\");\n                return;\n            }\n\n            \/\/ Calculate total score\n            let score = 0;\n            questions.forEach((_, index) => {\n                const selected = form.querySelector(`input[name=\"q${index}\"]:checked`);\n                score += parseInt(selected.value);\n            });\n\n            \/\/ Determine result category\n            let category;\n            if (score >= 34) {\n                category = \"Primarily interested in kink, with strong or diverse inclinations towards various kinks and fantasies.\";\n            } else if (score >= 25) {\n                category = \"Shows a mix of kink interests, with openness to exploring different aspects of kink, but not fully immersed in all practices.\";\n            } else if (score >= 13) {\n                category = \"More traditional or conventional in sexual preferences, with occasional curiosity or interest in some kink elements.\";\n            } else {\n                category = \"Primarily conventional in sexual preferences, with little or no interest in kink or alternative sexual practices.\";\n            }\n\n            \/\/ Display result\n            result.style.display = \"block\";\n            result.innerHTML = `\n                <h2>Your Score: ${score}\/48<\/h2>\n                <p>${category}<\/p>\n            `;\n            result.scrollIntoView({ behavior: 'smooth' });\n        }\n    <\/script>\n<\/div>\n <\/div><\/section>\n<\/div>\n <\/div><\/div>\n\n\n\n<div class=\"wp-block-greenshift-blocks-row gspb_row gspb_row-id-gsbp-8302bca\" id=\"gspb_row-id-gsbp-8302bca\"><div class=\"gspb_row__content\"> \n<div class=\"wp-block-greenshift-blocks-row-column gspb_row__col--12 gspb_col-id-gsbp-1652218\" id=\"gspb_col-id-gsbp-1652218\">\n<section class=\"wp-block-greenshift-blocks-row alignfull gspb_row gspb_row-id-gsbp-45b9ead\" id=\"gspb_row-id-gsbp-45b9ead\"><div class=\"gspb_row__content\"> \n<div class=\"wp-block-greenshift-blocks-row-column gspb_row__col--12 gspb_col-id-gsbp-24b0295\" id=\"gspb_col-id-gsbp-24b0295\">\n<p>En la sexualidad humana, el t\u00e9rmino kink se refiere a pr\u00e1cticas o fantas\u00edas sexuales que se desv\u00edan de las normas convencionales o tradicionales. <em>pliegue<\/em> A menudo se utiliza como una categor\u00eda amplia que abarca actividades como BDSM, juegos de rol y otras formas de expresi\u00f3n sexual que pueden no encajar en las expectativas sexuales convencionales. En los \u00faltimos a\u00f1os, la idea del fetichismo se ha normalizado y muchas personas buscan formas de explorar sus deseos de forma segura y consensuada.<\/p>\n\n\n\n<h2 class=\"wp-block-heading\" id=\"what-is-kink\"><strong>\u00bfQu\u00e9 es el Kink?<\/strong><\/h2>\n\n\n\n<p>El t\u00e9rmino kink, en su sentido m\u00e1s amplio, se refiere a cualquier pr\u00e1ctica, inter\u00e9s o fantas\u00eda sexual que se considere no normativa o no convencional. Estos comportamientos pueden variar desde situaciones l\u00fadicas hasta pr\u00e1cticas m\u00e1s intensas que pueden implicar din\u00e1micas de poder, dolor o humillaci\u00f3n. Un error com\u00fan es pensar que el kink es sin\u00f3nimo de BDSM, pero <em>pliegue<\/em> Es un t\u00e9rmino mucho m\u00e1s amplio y abarca una variedad de comportamientos e intereses m\u00e1s all\u00e1 de la esclavitud, la disciplina, el dominio, la sumisi\u00f3n, el sadismo y el masoquismo.<\/p>\n\n\n\n<p>En esencia, el kink puede incluir cualquier cosa, desde <strong>Juego de roles<\/strong>, <strong>juego de impacto<\/strong>, incluso a sensaciones leves como <strong>juego de cera<\/strong>Se trata de explorar l\u00edmites, preferencias personales y consentimiento con una pareja.<\/p>\n\n\n\n<p>Para obtener m\u00e1s informaci\u00f3n sobre la terminolog\u00eda y las pr\u00e1cticas del kink, visite <a href=\"https:\/\/en.wikipedia.org\/wiki\/Kink_(sexuality)\" target=\"_blank\" rel=\"noreferrer noopener nofollow\">P\u00e1gina de Wikipedia sobre Kink<\/a>.<\/p>\n\n\n\n<h2 class=\"wp-block-heading\" id=\"what-is-bdsm-and-how-does-it-relate-to-kink\"><strong>\u00bfQu\u00e9 es el BDSM y c\u00f3mo se relaciona con el kink?<\/strong><\/h2>\n\n\n\n<p>BDSM es un subconjunto del kink que se centra en din\u00e1micas de poder consensuadas, que pueden incluir <strong>esclavitud<\/strong>, <strong>disciplina<\/strong>, <strong>dominio<\/strong>, <strong>env\u00edo<\/strong>, <strong>sadismo<\/strong>, y <strong>masoquismo<\/strong>Si bien las pr\u00e1cticas BDSM pueden ser parte de la comunidad kink m\u00e1s amplia, no todas las perversiones involucran BDSM. Por ejemplo, algunas personas pueden disfrutar <strong>fetiches de pies<\/strong>, <strong>exhibicionismo<\/strong>, o <strong>juego de rol<\/strong> sin involucrarse en pr\u00e1cticas BDSM.<\/p>\n\n\n\n<p>Sin embargo, el BDSM es a menudo lo primero que se nos viene a la cabeza cuando se habla de fetiches. Estas pr\u00e1cticas se centran en el intercambio de poder entre dos o m\u00e1s personas y se negocian con un consentimiento claro. Si eres nuevo en el BDSM o en el fetiche en general, puedes obtener m\u00e1s informaci\u00f3n a trav\u00e9s de <a href=\"https:\/\/www.dictionary.com\/browse\/bdsm\" target=\"_blank\" rel=\"noreferrer noopener nofollow\">Diccionarios de terminolog\u00eda BDSM<\/a> o gu\u00edas para principiantes como la de <a href=\"https:\/\/www.theswaddle.com\/kink-101-everything-you-need-to-know-about-bdsm\" target=\"_blank\" rel=\"noreferrer noopener nofollow\">El envoltorio<\/a>.<\/p>\n\n\n\n<h2 class=\"wp-block-heading\" id=\"the-kink-orientation-scale-kos\"><strong>La escala de orientaci\u00f3n de Kink (KOS)<\/strong><\/h2>\n\n\n\n<p>Una nueva herramienta para explorar tus intereses perversos es la <em>Escala de orientaci\u00f3n de torceduras (KOS)<\/em>, que fue desarrollado por investigadores de la Universidad de Brighton. Esta herramienta te ayuda a evaluar tu &quot;orientaci\u00f3n perversa&quot;, incluidas tus actitudes, comportamientos y deseos. La escala mide una variedad de factores, como tus preferencias de dominio, sumisi\u00f3n y los tipos de actividades que disfrutas, desde <strong>esclavitud ligera<\/strong> a <strong>juego de impacto<\/strong>.<\/p>\n\n\n\n<p>Si tienes curiosidad por saber qu\u00e9 tan pervertido eres, puedes hacer una prueba. <a href=\"https:\/\/amigayquiz.com\/es\/kink-test\/\">prueba de torcedura<\/a><a href=\"https:\/\/www.kinktest.org\" rel=\"nofollow noopener\" target=\"_blank\">,<\/a> para ver d\u00f3nde te encuentras en la escala de fetiches. Estas evaluaciones ayudan a normalizar la conversaci\u00f3n sobre fetiches y fetiches y brindan un enfoque m\u00e1s cient\u00edfico para comprenderlos.<\/p>\n\n\n\n<h2 class=\"wp-block-heading\" id=\"common-kink-practices-and-activities\"><strong>Pr\u00e1cticas y actividades perversas comunes<\/strong><\/h2>\n\n\n\n<p>El t\u00e9rmino &quot;kink&quot; abarca una amplia gama de actividades. Algunas de las perversiones m\u00e1s comunes que disfrutan las personas son:<\/p>\n\n\n\n<ul class=\"wp-block-list\">\n<li><strong>Esclavitud<\/strong>:Restringir el movimiento de una pareja, a menudo con cuerdas, esposas u otras restricciones.<\/li>\n\n\n\n<li><strong>Juego de roles<\/strong>:Participar en fantas\u00edas en las que usted o su pareja asumen personajes o din\u00e1micas de poder espec\u00edficos.<\/li>\n\n\n\n<li><strong>Juego de impacto<\/strong>:Incluye actividades como azotes, flagelaciones o azotes, donde el enfoque est\u00e1 en la sensaci\u00f3n de dolor o incomodidad para obtener placer.<\/li>\n\n\n\n<li><strong>Fetiche de pies<\/strong>:Un inter\u00e9s sexual en los pies, que puede incluir actividades como masajes de pies o juegos de roles centrados en los pies.<\/li>\n\n\n\n<li><strong>Exhibicionismo<\/strong>:El deseo de ser observado mientras se realizan actividades sexuales, ya sea en persona o a trav\u00e9s de los medios de comunicaci\u00f3n.<\/li>\n\n\n\n<li><strong>Juego de cera<\/strong>:Usando cera caliente como una forma de juego sensorial, donde la cera se gotea sobre la piel para el placer del calor y la sensaci\u00f3n.<\/li>\n<\/ul>\n\n\n\n<p>Para una exploraci\u00f3n m\u00e1s amplia del kink, incluidas las actividades m\u00e1s populares, visita <a href=\"https:\/\/www.businessinsider.com\/guides\/health\/sex-relationships\/list-of-kinks\" target=\"_blank\" rel=\"noreferrer noopener nofollow\">La lista de problemas de Business Insider<\/a>.<\/p>\n\n\n\n<h2 class=\"wp-block-heading\" id=\"how-to-safely-explore-kink-with-your-partner\"><strong>C\u00f3mo explorar el fetichismo de forma segura con tu pareja<\/strong><\/h2>\n\n\n\n<p>Introducir el fetichismo en una relaci\u00f3n requiere una comunicaci\u00f3n abierta, confianza y respeto. A continuaci\u00f3n, te indicamos c\u00f3mo empezar de forma segura:<\/p>\n\n\n\n<h3 class=\"wp-block-heading\" id=\"1-start-the-conversation\">1. <strong>Iniciar la conversaci\u00f3n<\/strong><\/h3>\n\n\n\n<p>Hable sobre sus deseos con su pareja sin juzgarla. Es importante abordar esta conversaci\u00f3n con franqueza y vulnerabilidad. Si no est\u00e1 seguro de c\u00f3mo empezar, existen herramientas como la <strong>Lista de S\u00ed\/No\/Tal vez<\/strong> Puede ayudar a facilitar debates sobre diferentes problemas y l\u00edmites.<\/p>\n\n\n\n<p>Para obtener m\u00e1s ayuda para comunicar los fetiches con una pareja, consulte <a href=\"https:\/\/www.missgigiengle.com\/blog\/talking-about-kink-with-partner\" target=\"_blank\" rel=\"noreferrer noopener nofollow\">El consejo de la se\u00f1orita Gigiengle<\/a>.<\/p>\n\n\n\n<h3 class=\"wp-block-heading\" id=\"2-set-clear-boundaries-and-consent\">2. <strong>Establecer l\u00edmites claros y consentimiento<\/strong><\/h3>\n\n\n\n<p>Aseg\u00farese de que ambos miembros de la pareja se sientan c\u00f3modos y de que est\u00e9n de acuerdo en explorar nuevas actividades. Recuerde que la seguridad es fundamental y que todas las pr\u00e1cticas deben discutirse y acordarse de antemano. Esto garantiza que todos los involucrados est\u00e9n en la misma sinton\u00eda.<\/p>\n\n\n\n<p>Para obtener recursos educativos sobre c\u00f3mo mantener el consentimiento y la comunicaci\u00f3n en el kink, visite <a href=\"https:\/\/www.guidedtrack.com\/programs\/u4m797m\/run\" target=\"_blank\" rel=\"noreferrer noopener nofollow\">Encuesta sobre Kink de Guided Track<\/a>.<\/p>\n\n\n\n<h3 class=\"wp-block-heading\" id=\"3-take-it-slow\">3. <strong>T\u00f3matelo con calma<\/strong><\/h3>\n\n\n\n<p>Empieza con actividades peque\u00f1as y manejables y ve aumentando gradualmente. Probar una simple atadura de bondage o una sesi\u00f3n de azotes suaves puede introducirte en el mundo del fetichismo sin abrumar a tu pareja.<\/p>\n\n\n\n<p>Para obtener m\u00e1s consejos sobre c\u00f3mo introducir gradualmente el fetiche, visita <a href=\"https:\/\/www.choosingtherapy.com\/bdsm\/\" target=\"_blank\" rel=\"noreferrer noopener nofollow\">Consejos BDSM de Choosing Therapy<\/a>.<\/p>\n\n\n\n<h3 class=\"wp-block-heading\" id=\"4-use-toys-and-props\">4. <strong>Utilice juguetes y accesorios<\/strong><\/h3>\n\n\n\n<p>Si te interesa incorporar juguetes, como esposas, l\u00e1tigos o juguetes sensoriales, comienza con opciones aptas para principiantes. Estas pueden agregar niveles de emoci\u00f3n y exploraci\u00f3n a tu experiencia sexual.<\/p>\n\n\n\n<h3 class=\"wp-block-heading\" id=\"5-check-in-regularly\">5. <strong>Reg\u00edstrese regularmente<\/strong><\/h3>\n\n\n\n<p>A medida que exploras el fetichismo, mant\u00e9n una comunicaci\u00f3n abierta con tu pareja para garantizar la comodidad y el consentimiento mutuos. Consulta con regularidad y habla sobre c\u00f3mo se sintieron los dos con cada experiencia.<\/p>\n\n\n\n<h2 class=\"wp-block-heading\" id=\"kink-and-fetish-community-resources\"><strong>Recursos de la comunidad sobre fetichismo y perversi\u00f3n<\/strong><\/h2>\n\n\n\n<p>Es importante explorar las perversiones en una comunidad que promueva la seguridad, el respeto y la inclusi\u00f3n. Muchas plataformas en l\u00ednea ofrecen espacios para que las personas hablen de sus perversiones y busquen consejos. Unirse a estas comunidades puede ofrecer apoyo, validaci\u00f3n y una gran cantidad de informaci\u00f3n.<\/p>\n\n\n\n<p>Si est\u00e1s interesado en debates comunitarios o consejos sobre perversiones, considera visitar plataformas como <a href=\"https:\/\/www.reddit.com\/r\/BDSMcommunity\/comments\/y539s2\/kink_test_but_not_that_one\/\" target=\"_blank\" rel=\"noreferrer noopener nofollow\">Comunidad BDSM de Reddit<\/a>.<\/p>\n\n\n\n<h2 class=\"wp-block-heading\" id=\"dealing-with-kink-mismatches\"><strong>C\u00f3mo lidiar con los desajustes en las perversiones<\/strong><\/h2>\n\n\n\n<p>Es normal que las parejas tengan intereses dispares en lo que respecta al fetichismo. Si t\u00fa y tu pareja no comparten el mismo nivel de inter\u00e9s en el fetichismo, es importante manejar la situaci\u00f3n con cuidado y respeto. Algunas personas pueden estar abiertas a una exploraci\u00f3n gradual, mientras que otras pueden no sentirse c\u00f3modas con ciertas pr\u00e1cticas.<\/p>\n\n\n\n<p>Para obtener m\u00e1s informaci\u00f3n sobre c\u00f3mo gestionar las incompatibilidades de kink, consulte <a href=\"https:\/\/mashable.com\/article\/mismatched-kinkiness-vanilla-bdsm\" target=\"_blank\" rel=\"noreferrer noopener nofollow\">Gu\u00eda de Mashable sobre perversiones desiguales<\/a>.<\/p>\n\n\n\n<h2 class=\"wp-block-heading\" id=\"conclusion\"><strong>Conclusi\u00f3n<\/strong><\/h2>\n\n\n\n<p>El kink es un aspecto amplio, diverso y personal de la sexualidad humana. Ya sea que lo explores solo o con una pareja, la clave es abordarlo con una comunicaci\u00f3n clara, respeto mutuo y consentimiento. El mundo del kink ofrece infinitas posibilidades de exploraci\u00f3n y herramientas como el  <a href=\"https:\/\/bdsmtest.org\" target=\"_blank\" rel=\"noreferrer noopener nofollow\">Prueba BDSMTest.org<\/a> Puede ayudarte a comprender mejor tus deseos. Prioriza siempre la seguridad y el consentimiento, y recuerda que explorar el fetichismo es un viaje \u00fanico para cada individuo.<\/p>\n\n\n\n<p>Para obtener m\u00e1s informaci\u00f3n sobre la exploraci\u00f3n del fetichismo, visite <a href=\"https:\/\/en.wikipedia.org\/wiki\/Kink_(sexuality)\" target=\"_blank\" rel=\"noreferrer noopener nofollow\">P\u00e1gina de Wikipedia sobre Kink (sexualidad)<\/a>.<\/p>\n<\/div>\n <\/div><\/section>\n<\/div>\n <\/div><\/div>","protected":false},"excerpt":{"rendered":"","protected":false},"author":1,"featured_media":0,"parent":0,"menu_order":0,"comment_status":"closed","ping_status":"closed","template":"","meta":{"_gspb_post_css":"#gspb_row-id-gsbp-45b9ead,#gspb_row-id-gsbp-642f81e,#gspb_row-id-gsbp-8302bca,#gspb_row-id-gsbp-ef8f6ea{justify-content:space-between;margin-top:0;margin-bottom:0;display:flex;flex-wrap:wrap}#gspb_row-id-gsbp-ef8f6ea>.gspb_row__content{display:flex;justify-content:space-between;margin:0 auto;width:100%;flex-wrap:wrap}.gspb_row{position:relative}div[id^=gspb_col-id]{box-sizing:border-box;position:relative;padding:15px min(3vw,20px)}body.gspb-bodyfront #gspb_row-id-gsbp-ef8f6ea>.gspb_row__content{width:var(--theme-container-width, 1200px);max-width:var(--theme-normal-container-max-width, 1200px)}#gspb_col-id-gsbp-7e2e75b.gspb_row__col--12{width:100%}@media (max-width:575.98px){#gspb_col-id-gsbp-7e2e75b.gspb_row__col--12{width:100%}}#gspb_row-id-gsbp-642f81e>.gspb_row__content{display:flex;justify-content:space-between;margin:0 auto;width:100%;flex-wrap:wrap}#gspb_col-id-gsbp-c360daa.gspb_row__col--12{width:100%}@media (max-width:575.98px){#gspb_col-id-gsbp-c360daa.gspb_row__col--12{width:100%}}#gspb_row-id-gsbp-8302bca>.gspb_row__content{display:flex;justify-content:space-between;margin:0 auto;width:100%;flex-wrap:wrap;max-width:960px}#gspb_col-id-gsbp-1652218.gspb_row__col--12{width:100%}@media (max-width:575.98px){#gspb_col-id-gsbp-1652218.gspb_row__col--12{width:100%}}#gspb_row-id-gsbp-45b9ead>.gspb_row__content{display:flex;justify-content:space-between;margin:0 auto;width:100%;flex-wrap:wrap}body.gspb-bodyfront #gspb_row-id-gsbp-45b9ead>.gspb_row__content,body.gspb-bodyfront #gspb_row-id-gsbp-642f81e>.gspb_row__content{width:var(--theme-container-width, 1200px);max-width:var(--theme-normal-container-max-width, 1200px)}#gspb_col-id-gsbp-24b0295.gspb_row__col--12{width:100%}@media (max-width:575.98px){#gspb_col-id-gsbp-24b0295.gspb_row__col--12{width:100%}}","footnotes":""},"class_list":["post-689","page","type-page","status-publish","hentry"],"blocksy_meta":[],"_links":{"self":[{"href":"https:\/\/amigayquiz.com\/es\/wp-json\/wp\/v2\/pages\/689"}],"collection":[{"href":"https:\/\/amigayquiz.com\/es\/wp-json\/wp\/v2\/pages"}],"about":[{"href":"https:\/\/amigayquiz.com\/es\/wp-json\/wp\/v2\/types\/page"}],"author":[{"embeddable":true,"href":"https:\/\/amigayquiz.com\/es\/wp-json\/wp\/v2\/users\/1"}],"replies":[{"embeddable":true,"href":"https:\/\/amigayquiz.com\/es\/wp-json\/wp\/v2\/comments?post=689"}],"version-history":[{"count":4,"href":"https:\/\/amigayquiz.com\/es\/wp-json\/wp\/v2\/pages\/689\/revisions"}],"predecessor-version":[{"id":695,"href":"https:\/\/amigayquiz.com\/es\/wp-json\/wp\/v2\/pages\/689\/revisions\/695"}],"wp:attachment":[{"href":"https:\/\/amigayquiz.com\/es\/wp-json\/wp\/v2\/media?parent=689"}],"curies":[{"name":"wp","href":"https:\/\/api.w.org\/{rel}","templated":true}]}}