{"id":689,"date":"2025-02-13T09:32:35","date_gmt":"2025-02-13T09:32:35","guid":{"rendered":"https:\/\/amigayquiz.com\/?page_id=689"},"modified":"2025-02-13T09:58:50","modified_gmt":"2025-02-13T09:58:50","slug":"kink-test","status":"publish","type":"page","link":"https:\/\/amigayquiz.com\/de\/kink-test\/","title":{"rendered":"Knicktest"},"content":{"rendered":"<div class=\"wp-block-greenshift-blocks-row gspb_row gspb_row-id-gsbp-ef8f6ea\" id=\"gspb_row-id-gsbp-ef8f6ea\"><div class=\"gspb_row__content\"> \n<div class=\"wp-block-greenshift-blocks-row-column gspb_row__col--12 gspb_col-id-gsbp-7e2e75b\" id=\"gspb_col-id-gsbp-7e2e75b\">\n<section class=\"wp-block-greenshift-blocks-row alignfull gspb_row gspb_row-id-gsbp-642f81e\" id=\"gspb_row-id-gsbp-642f81e\"><div class=\"gspb_row__content\"> \n<div class=\"wp-block-greenshift-blocks-row-column gspb_row__col--12 gspb_col-id-gsbp-c360daa\" id=\"gspb_col-id-gsbp-c360daa\">\n<style>\n        .kink-test-wrapper {\n            font-family: Arial, sans-serif;\n            max-width: 800px;\n            margin: 0 auto;\n            padding: 20px;\n            background-color: #fff1f1;\n        }\n        .kink-test-wrapper .test-container {\n            background-color: white;\n            padding: 30px;\n            border-radius: 10px;\n            box-shadow: 0 4px 15px rgba(255,0,0,0.1);\n        }\n        .kink-test-wrapper h1 {\n            color: #d32f2f;\n            text-align: center;\n            margin-bottom: 30px;\n            font-size: 2em;\n        }\n        .kink-test-wrapper .question {\n            margin-bottom: 25px;\n            padding: 15px;\n            border-bottom: 1px solid #ffcdd2;\n        }\n        .kink-test-wrapper .question p {\n            color: #b71c1c;\n            font-weight: 500;\n            margin-bottom: 15px;\n        }\n        .kink-test-wrapper .options {\n            display: flex;\n            justify-content: space-between;\n            margin-top: 10px;\n            flex-wrap: wrap;\n            gap: 10px;\n        }\n        .kink-test-wrapper .option {\n            position: relative;\n            min-width: 150px;\n            margin: 5px 0;\n        }\n        .kink-test-wrapper .option input[type=\"radio\"] {\n            position: absolute;\n            opacity: 0;\n            cursor: pointer;\n        }\n        .kink-test-wrapper .option label {\n            display: flex;\n            align-items: center;\n            padding: 8px 15px;\n            border: 1px solid rgba(255, 82, 82, 0.3);\n            border-radius: 20px;\n            cursor: pointer;\n            background-color: rgba(255, 255, 255, 0.8);\n            color: #666;\n            transition: all 0.3s ease;\n            width: 100%;\n            box-sizing: border-box;\n        }\n        .kink-test-wrapper .option label::before {\n            content: '';\n            width: 16px;\n            height: 16px;\n            border: 2px solid rgba(255, 82, 82, 0.5);\n            border-radius: 50%;\n            margin-right: 10px;\n            transition: all 0.3s ease;\n        }\n        .kink-test-wrapper .option input[type=\"radio\"]:checked + label {\n            background-color: #ffebee;\n            border-color: #ff5252;\n            color: #d32f2f;\n            font-weight: bold;\n            box-shadow: 0 2px 8px rgba(211,47,47,0.2);\n        }\n        .kink-test-wrapper .option input[type=\"radio\"]:checked + label::before {\n            background-color: #ff5252;\n            border-color: #ff5252;\n            box-shadow: inset 0 0 0 3px #fff;\n        }\n        .kink-test-wrapper .option:hover label {\n            background-color: #ffebee;\n            border-color: rgba(255, 82, 82, 0.8);\n            transform: translateY(-2px);\n        }\n        .kink-test-wrapper button {\n            display: block;\n            width: 200px;\n            margin: 20px auto;\n            padding: 12px;\n            background-color: #d32f2f;\n            color: white;\n            border: none;\n            border-radius: 25px;\n            cursor: pointer;\n            font-size: 16px;\n            font-weight: bold;\n            transition: all 0.3s ease;\n            box-shadow: 0 4px 12px rgba(211,47,47,0.2);\n        }\n        .kink-test-wrapper button:hover {\n            background-color: #b71c1c;\n            transform: translateY(-2px);\n            box-shadow: 0 6px 15px rgba(211,47,47,0.3);\n        }\n        .kink-test-wrapper #result {\n            margin-top: 20px;\n            padding: 20px;\n            border-radius: 10px;\n            text-align: center;\n            display: none;\n            background-color: #ffebee;\n            border: 2px solid #ff5252;\n        }\n        .kink-test-wrapper #result h2 {\n            color: #d32f2f;\n            margin-bottom: 15px;\n        }\n        .kink-test-wrapper #result p {\n            color: #b71c1c;\n            line-height: 1.6;\n        }\n    <\/style>\n \n    <div class=\"kink-test-wrapper\">\n        <div class=\"test-container\">\n            <h1>Knicktest<\/h1>\n            <form id=\"kinkTest\" action=\"\">\n                <div id=\"questions\">\n                <\/div>\n                <button type=\"button\" onclick=\"calculateScore()\">Berechnen Sie Ihren Score<\/button>\n            <input type=\"hidden\" name=\"trp-form-language\" value=\"de\"\/><\/form>\n            <div id=\"result\"><\/div>\n        <\/div>\n    <\/div>\n\n    <script>\n        const questions = [\n            \"Do you find interest in the roles of dominance and submission?\",\n            \"Have you ever been interested in mild pain (e.g., light slapping, light spanking)?\",\n            \"Do you enjoy trying restraint or limiting movement during sex?\",\n            \"Are you interested in role-playing, especially in non-traditional gender or societal roles?\",\n            \"Do you find uniforms (e.g., nurse, police officer outfits) sexually attractive?\",\n            \"Have you ever fantasized about BDSM or humiliation scenarios?\",\n            \"Are you interested in controlling others or being controlled by them?\",\n            \"Do you have a strong preference for certain types of sexual acts?\",\n            \"Are you interested in kinky toys or tools (e.g., whips, leather products)?\",\n            \"Do you enjoy incorporating elements of power exchange in your sexual activities?\",\n            \"Are you attracted to feet or feel aroused when others touch your feet?\",\n            \"Do you find certain body parts (e.g., neck, back) particularly sexually appealing?\",\n            \"Have you ever fantasized about group sex or participating in orgies?\",\n            \"Are you intrigued by exhibitionism or performing sexual acts in public places?\",\n            \"Are you interested in 'training' or teaching another person during sexual activities?\",\n            \"Have you ever had fantasies involving humiliation or public shaming during sex?\"\n        ];\n\n        const options = [\"Frequently\", \"Occasionally\", \"Rarely\", \"Never\"];\n\n        \/\/ Generate questions\n        const questionsContainer = document.getElementById(\"questions\");\n        questions.forEach((question, index) => {\n            const questionDiv = document.createElement(\"div\");\n            questionDiv.className = \"question\";\n            questionDiv.innerHTML = `\n                <p>${index + 1}. ${question}<\/p>\n                <div class=\"options\">\n                    ${options.map((option, optionIndex) => `\n                        <div class=\"option\">\n                            <input type=\"radio\" \n                                   id=\"q${index}_${optionIndex}\" \n                                   name=\"q${index}\" \n                                   value=\"${3 - optionIndex}\" \n                                   required>\n                            <label for=\"q${index}_${optionIndex}\">${option}<\/label>\n                        <\/div>\n                    `).join('')}\n                <\/div>\n            `;\n            questionsContainer.appendChild(questionDiv);\n        });\n\n        function calculateScore() {\n            const form = document.getElementById(\"kinkTest\");\n            const result = document.getElementById(\"result\");\n            \n            \/\/ Check if all questions are answered\n            const answered = [...form.querySelectorAll('input[type=\"radio\"]:checked')].length;\n            if (answered < questions.length) {\n                alert(\"Please answer all questions before calculating your score.\");\n                return;\n            }\n\n            \/\/ Calculate total score\n            let score = 0;\n            questions.forEach((_, index) => {\n                const selected = form.querySelector(`input[name=\"q${index}\"]:checked`);\n                score += parseInt(selected.value);\n            });\n\n            \/\/ Determine result category\n            let category;\n            if (score >= 34) {\n                category = \"Primarily interested in kink, with strong or diverse inclinations towards various kinks and fantasies.\";\n            } else if (score >= 25) {\n                category = \"Shows a mix of kink interests, with openness to exploring different aspects of kink, but not fully immersed in all practices.\";\n            } else if (score >= 13) {\n                category = \"More traditional or conventional in sexual preferences, with occasional curiosity or interest in some kink elements.\";\n            } else {\n                category = \"Primarily conventional in sexual preferences, with little or no interest in kink or alternative sexual practices.\";\n            }\n\n            \/\/ Display result\n            result.style.display = \"block\";\n            result.innerHTML = `\n                <h2>Your Score: ${score}\/48<\/h2>\n                <p>${category}<\/p>\n            `;\n            result.scrollIntoView({ behavior: 'smooth' });\n        }\n    <\/script>\n<\/div>\n <\/div><\/section>\n<\/div>\n <\/div><\/div>\n\n\n\n<div class=\"wp-block-greenshift-blocks-row gspb_row gspb_row-id-gsbp-8302bca\" id=\"gspb_row-id-gsbp-8302bca\"><div class=\"gspb_row__content\"> \n<div class=\"wp-block-greenshift-blocks-row-column gspb_row__col--12 gspb_col-id-gsbp-1652218\" id=\"gspb_col-id-gsbp-1652218\">\n<section class=\"wp-block-greenshift-blocks-row alignfull gspb_row gspb_row-id-gsbp-45b9ead\" id=\"gspb_row-id-gsbp-45b9ead\"><div class=\"gspb_row__content\"> \n<div class=\"wp-block-greenshift-blocks-row-column gspb_row__col--12 gspb_col-id-gsbp-24b0295\" id=\"gspb_col-id-gsbp-24b0295\">\n<p>In der menschlichen Sexualit\u00e4t bezeichnet Kink sexuelle Praktiken oder Fantasien, die von konventionellen oder traditionellen Normen abweichen. Der Begriff <em>Knick<\/em> wird oft als breite Kategorie verwendet, die Aktivit\u00e4ten wie BDSM, Rollenspiele und andere Formen des sexuellen Ausdrucks umfasst, die m\u00f6glicherweise nicht den g\u00e4ngigen sexuellen Erwartungen entsprechen. In den letzten Jahren ist die Idee des Fetischs normaler geworden und viele Menschen suchen nach M\u00f6glichkeiten, ihre W\u00fcnsche sicher und einvernehmlich auszuleben.<\/p>\n\n\n\n<h2 class=\"wp-block-heading\" id=\"what-is-kink\"><strong>Was ist Kink?<\/strong><\/h2>\n\n\n\n<p>Kink bezieht sich im weitesten Sinne auf jede sexuelle Praxis, jedes Interesse oder jede Fantasie, die als nicht normativ oder unkonventionell gilt. Diese Verhaltensweisen k\u00f6nnen von spielerischen Szenarien bis hin zu intensiveren Praktiken reichen, die Machtdynamik, Schmerz oder Dem\u00fctigung beinhalten k\u00f6nnen. Ein weit verbreitetes Missverst\u00e4ndnis ist, dass Kink gleichbedeutend mit BDSM ist, aber <em>Knick<\/em> ist ein viel umfassenderer Begriff und umfasst eine Vielzahl von Verhaltensweisen und Interessen, die \u00fcber Bondage, Disziplin, Dominanz, Unterwerfung, Sadismus und Masochismus hinausgehen.<\/p>\n\n\n\n<p>Im Wesentlichen kann Kink alles umfassen von <strong>Rollenspiel<\/strong>, <strong>Schlagspiel<\/strong>, bis hin zu leichten Empfindungen wie <strong>Wachs spielen<\/strong>Es geht darum, Grenzen, pers\u00f6nliche Vorlieben und das Einverst\u00e4ndnis eines Partners auszuloten.<\/p>\n\n\n\n<p>Weitere Einblicke in die Kink-Terminologie und -Praktiken finden Sie auf der <a href=\"https:\/\/en.wikipedia.org\/wiki\/Kink_(sexuality)\" target=\"_blank\" rel=\"noreferrer noopener nofollow\">Wikipedia-Seite zu Kink<\/a>.<\/p>\n\n\n\n<h2 class=\"wp-block-heading\" id=\"what-is-bdsm-and-how-does-it-relate-to-kink\"><strong>Was ist BDSM und welche Verbindung besteht zwischen ihm und Kink?<\/strong><\/h2>\n\n\n\n<p>BDSM ist eine Untergruppe des Fetischs, die sich auf einvernehmliche Machtdynamiken konzentriert, die Folgendes beinhalten k\u00f6nnen: <strong>Knechtschaft<\/strong>, <strong>Disziplin<\/strong>, <strong>Dominanz<\/strong>, <strong>Vorlage<\/strong>, <strong>Sadismus<\/strong>, Und <strong>Masochismus<\/strong>. Obwohl BDSM-Praktiken Teil der breiteren Kink-Community sein k\u00f6nnen, beinhalten nicht alle Kinks BDSM. Manche Menschen m\u00f6gen zum Beispiel <strong>Fu\u00dffetische<\/strong>, <strong>Exhibitionismus<\/strong>, oder <strong>Rollenspiele<\/strong> ohne BDSM-Praktiken auszu\u00fcben.<\/p>\n\n\n\n<p>BDSM ist jedoch oft das Erste, woran die Leute denken, wenn es um Fetischismus geht. Diese Praktiken drehen sich um den Machtaustausch zwischen zwei oder mehr Personen und werden mit klarem Einverst\u00e4ndnis ausgehandelt. Wenn Sie neu bei BDSM oder Fetischismus im Allgemeinen sind, k\u00f6nnen Sie mehr erfahren durch <a href=\"https:\/\/www.dictionary.com\/browse\/bdsm\" target=\"_blank\" rel=\"noreferrer noopener nofollow\">BDSM-Terminologiew\u00f6rterb\u00fccher<\/a> oder Anf\u00e4ngerleitf\u00e4den wie den auf <a href=\"https:\/\/www.theswaddle.com\/kink-101-everything-you-need-to-know-about-bdsm\" target=\"_blank\" rel=\"noreferrer noopener nofollow\">Das Wickeln<\/a>.<\/p>\n\n\n\n<h2 class=\"wp-block-heading\" id=\"the-kink-orientation-scale-kos\"><strong>Die Kink Orientation Scale (KOS)<\/strong><\/h2>\n\n\n\n<p>Ein neues Tool zum Erkunden Ihrer Kink-Interessen ist das <em>Kink Orientation Scale (KOS)<\/em>, das von Forschern der Universit\u00e4t von Brighton entwickelt wurde. Dieses Tool hilft Ihnen, Ihre \u201eFetischorientierung\u201c zu beurteilen, einschlie\u00dflich Ihrer Einstellungen, Verhaltensweisen und W\u00fcnsche. Die Skala misst eine Vielzahl von Faktoren, wie z. B. Ihre Vorlieben f\u00fcr Dominanz, Unterwerfung und die Arten von Aktivit\u00e4ten, die Ihnen Spa\u00df machen, von <strong>leichte Fesselung<\/strong> Zu <strong>Schlagspiel<\/strong>.<\/p>\n\n\n\n<p>Wenn du neugierig bist, wie kinky du bist, kannst du einen Test machen <a href=\"https:\/\/amigayquiz.com\/de\/kink-test\/\">Knicktest<\/a><a href=\"https:\/\/www.kinktest.org\" rel=\"nofollow noopener\" target=\"_blank\">,<\/a> um zu sehen, wo Sie auf der Fetischskala landen. Diese Einsch\u00e4tzungen helfen dabei, Gespr\u00e4che \u00fcber Fetische und Kinks zu normalisieren und bieten einen wissenschaftlicheren Ansatz zum Verst\u00e4ndnis dieser Themen.<\/p>\n\n\n\n<h2 class=\"wp-block-heading\" id=\"common-kink-practices-and-activities\"><strong>G\u00e4ngige Kink-Praktiken und -Aktivit\u00e4ten<\/strong><\/h2>\n\n\n\n<p>Kink umfasst ein breites Spektrum an Aktivit\u00e4ten. Einige h\u00e4ufige Kinks, die Menschen genie\u00dfen, sind:<\/p>\n\n\n\n<ul class=\"wp-block-list\">\n<li><strong>Knechtschaft<\/strong>: Einschr\u00e4nkung der Bewegungsfreiheit des Partners, h\u00e4ufig mit Seilen, Handschellen oder anderen Fesseln.<\/li>\n\n\n\n<li><strong>Rollenspiel<\/strong>: Sich auf Fantasien einlassen, in denen Sie oder Ihr Partner bestimmte Charaktere oder Machtdynamiken annehmen.<\/li>\n\n\n\n<li><strong>Wirkungsspiel<\/strong>: Umfasst Aktivit\u00e4ten wie Spanking, Auspeitschen oder Paddeln, bei denen der Schwerpunkt auf dem Empfinden von Schmerz oder Unbehagen zum Zwecke der Lust liegt.<\/li>\n\n\n\n<li><strong>Fu\u00dffetisch<\/strong>: Ein sexuelles Interesse an F\u00fc\u00dfen, das Aktivit\u00e4ten wie Fu\u00dfmassagen oder fu\u00dfbezogene Rollenspiele umfassen kann.<\/li>\n\n\n\n<li><strong>Exhibitionismus<\/strong>: Der Wunsch, bei sexuellen Aktivit\u00e4ten beobachtet zu werden, sei es pers\u00f6nlich oder \u00fcber die Medien.<\/li>\n\n\n\n<li><strong>Wachsspiel<\/strong>: Verwendung von hei\u00dfem Wachs als Form des Sinnesspiels, bei dem das Wachs auf die Haut getropft wird, um W\u00e4rme und Sinnesfreuden zu erzeugen.<\/li>\n<\/ul>\n\n\n\n<p>F\u00fcr eine breitere Erkundung von Kink, einschlie\u00dflich beliebter Aktivit\u00e4ten, besuchen Sie <a href=\"https:\/\/www.businessinsider.com\/guides\/health\/sex-relationships\/list-of-kinks\" target=\"_blank\" rel=\"noreferrer noopener nofollow\">Liste der Macken von Business Insider<\/a>.<\/p>\n\n\n\n<h2 class=\"wp-block-heading\" id=\"how-to-safely-explore-kink-with-your-partner\"><strong>So erkunden Sie Kink sicher mit Ihrem Partner<\/strong><\/h2>\n\n\n\n<p>Um Fetische in eine Beziehung einzuf\u00fchren, sind offene Kommunikation, Vertrauen und Respekt erforderlich. So k\u00f6nnen Sie sicher beginnen:<\/p>\n\n\n\n<h3 class=\"wp-block-heading\" id=\"1-start-the-conversation\">1. <strong>Konversation beginnen<\/strong><\/h3>\n\n\n\n<p>Besprechen Sie Ihre W\u00fcnsche mit Ihrem Partner auf eine vorurteilsfreie Art und Weise. Es ist wichtig, dieses Gespr\u00e4ch mit Offenheit und Verletzlichkeit anzugehen. Wenn Sie sich nicht sicher sind, wie Sie beginnen sollen, k\u00f6nnen Tools wie das <strong>Ja\/Nein\/Vielleicht-Liste<\/strong> kann dazu beitragen, Diskussionen \u00fcber verschiedene Macken und Grenzen zu erleichtern.<\/p>\n\n\n\n<p>Weitere Hilfe bei der Kommunikation von Kinks mit einem Partner finden Sie unter <a href=\"https:\/\/www.missgigiengle.com\/blog\/talking-about-kink-with-partner\" target=\"_blank\" rel=\"noreferrer noopener nofollow\">Der Rat von Miss Gigiengle<\/a>.<\/p>\n\n\n\n<h3 class=\"wp-block-heading\" id=\"2-set-clear-boundaries-and-consent\">2. <strong>Setzen Sie klare Grenzen und Zustimmung<\/strong><\/h3>\n\n\n\n<p>Stellen Sie sicher, dass beide Partner sich wohlf\u00fchlen und damit einverstanden sind, neue Aktivit\u00e4ten auszuprobieren. Denken Sie daran, dass Sicherheit an erster Stelle steht und alle Vorgehensweisen im Voraus besprochen und vereinbart werden sollten. So stellen Sie sicher, dass alle Beteiligten auf dem gleichen Stand sind.<\/p>\n\n\n\n<p>Bildungsressourcen zum Thema Einverst\u00e4ndnis und Kommunikation bei Fetischen finden Sie unter <a href=\"https:\/\/www.guidedtrack.com\/programs\/u4m797m\/run\" target=\"_blank\" rel=\"noreferrer noopener nofollow\">Kink-Umfrage von Guided Track<\/a>.<\/p>\n\n\n\n<h3 class=\"wp-block-heading\" id=\"3-take-it-slow\">3. <strong>Lass es langsam angehen<\/strong><\/h3>\n\n\n\n<p>Beginnen Sie mit kleinen, \u00fcberschaubaren Aktivit\u00e4ten und steigern Sie sich allm\u00e4hlich. Eine einfache Fesselung oder eine leichte Spanking-Sitzung k\u00f6nnen Sie in die Welt des Fetischs einf\u00fchren, ohne Ihren Partner zu \u00fcberfordern.<\/p>\n\n\n\n<p>Weitere Tipps zum schrittweisen Einf\u00fchren von Kink finden Sie unter <a href=\"https:\/\/www.choosingtherapy.com\/bdsm\/\" target=\"_blank\" rel=\"noreferrer noopener nofollow\">Choosing Therapy&#039;s BDSM-Tipps<\/a>.<\/p>\n\n\n\n<h3 class=\"wp-block-heading\" id=\"4-use-toys-and-props\">4. <strong>Verwenden Sie Spielzeug und Requisiten<\/strong><\/h3>\n\n\n\n<p>Wenn Sie Spielzeuge wie Handschellen, Peitschen oder sensorische Spielzeuge verwenden m\u00f6chten, beginnen Sie mit anf\u00e4ngerfreundlichen Optionen. Diese k\u00f6nnen Ihrem sexuellen Erlebnis mehr Spannung und Entdeckung verleihen.<\/p>\n\n\n\n<h3 class=\"wp-block-heading\" id=\"5-check-in-regularly\">5. <strong>Schauen Sie regelm\u00e4\u00dfig vorbei<\/strong><\/h3>\n\n\n\n<p>W\u00e4hrend Sie sich mit Fetischen auseinandersetzen, sollten Sie eine offene Kommunikation mit Ihrem Partner pflegen, um sicherzustellen, dass Sie sich wohlf\u00fchlen und einvernehmlich sind. Sprechen Sie regelm\u00e4\u00dfig dar\u00fcber, wie sich jede Erfahrung f\u00fcr Sie beide angef\u00fchlt hat.<\/p>\n\n\n\n<h2 class=\"wp-block-heading\" id=\"kink-and-fetish-community-resources\"><strong>Kink- und Fetisch-Community-Ressourcen<\/strong><\/h2>\n\n\n\n<p>Es ist wichtig, Kink in einer Community zu erkunden, die Sicherheit, Respekt und Inklusivit\u00e4t f\u00f6rdert. Viele Online-Plattformen bieten Raum, in dem Einzelpersonen \u00fcber ihre Kinks sprechen und Rat suchen k\u00f6nnen. Der Beitritt zu diesen Communities kann Unterst\u00fctzung, Best\u00e4tigung und eine F\u00fclle von Informationen bieten.<\/p>\n\n\n\n<p>Wenn Sie an Community-Diskussionen oder Kink-Ratschl\u00e4gen interessiert sind, besuchen Sie Plattformen wie <a href=\"https:\/\/www.reddit.com\/r\/BDSMcommunity\/comments\/y539s2\/kink_test_but_not_that_one\/\" target=\"_blank\" rel=\"noreferrer noopener nofollow\">Reddits BDSM-Community<\/a>.<\/p>\n\n\n\n<h2 class=\"wp-block-heading\" id=\"dealing-with-kink-mismatches\"><strong>Umgang mit Kink-Mismatches<\/strong><\/h2>\n\n\n\n<p>Es ist normal, dass Partner unterschiedliche Interessen haben, wenn es um Fetische geht. Wenn Sie und Ihr Partner nicht das gleiche Interesse an Fetischen haben, ist es wichtig, die Situation mit Sorgfalt und Respekt zu behandeln. Manche sind vielleicht offen f\u00fcr eine schrittweise Erkundung, w\u00e4hrend andere sich mit bestimmten Praktiken nicht wohl f\u00fchlen.<\/p>\n\n\n\n<p>Weitere Informationen zum Umgang mit Kink-Inkompatibilit\u00e4ten finden Sie unter <a href=\"https:\/\/mashable.com\/article\/mismatched-kinkiness-vanilla-bdsm\" target=\"_blank\" rel=\"noreferrer noopener nofollow\">Mashables Ratgeber zu unpassenden Perversionen<\/a>.<\/p>\n\n\n\n<h2 class=\"wp-block-heading\" id=\"conclusion\"><strong>Abschluss<\/strong><\/h2>\n\n\n\n<p>Kink ist ein breiter, vielf\u00e4ltiger und pers\u00f6nlicher Aspekt der menschlichen Sexualit\u00e4t. Egal, ob Sie ihn alleine oder mit einem Partner erkunden, der Schl\u00fcssel liegt darin, ihn mit klarer Kommunikation, gegenseitigem Respekt und Einverst\u00e4ndnis anzugehen. Die Welt des Kink bietet endlose M\u00f6glichkeiten zur Erkundung und Tools wie das  <a href=\"https:\/\/bdsmtest.org\" target=\"_blank\" rel=\"noreferrer noopener nofollow\">BDSMTest.org<\/a> kann Ihnen helfen, Ihre W\u00fcnsche besser zu verstehen. Sicherheit und Zustimmung stehen immer an erster Stelle und denken Sie daran, dass das Entdecken von Fetischen eine Reise ist, die f\u00fcr jeden Einzelnen einzigartig ist.<\/p>\n\n\n\n<p>Weitere Informationen zum Thema \u201eKink\u201c finden Sie im <a href=\"https:\/\/en.wikipedia.org\/wiki\/Kink_(sexuality)\" target=\"_blank\" rel=\"noreferrer noopener nofollow\">Kink (Sexualit\u00e4t) Wikipedia-Seite<\/a>.<\/p>\n<\/div>\n <\/div><\/section>\n<\/div>\n <\/div><\/div>","protected":false},"excerpt":{"rendered":"","protected":false},"author":1,"featured_media":0,"parent":0,"menu_order":0,"comment_status":"closed","ping_status":"closed","template":"","meta":{"_gspb_post_css":"#gspb_row-id-gsbp-45b9ead,#gspb_row-id-gsbp-642f81e,#gspb_row-id-gsbp-8302bca,#gspb_row-id-gsbp-ef8f6ea{justify-content:space-between;margin-top:0;margin-bottom:0;display:flex;flex-wrap:wrap}#gspb_row-id-gsbp-ef8f6ea>.gspb_row__content{display:flex;justify-content:space-between;margin:0 auto;width:100%;flex-wrap:wrap}.gspb_row{position:relative}div[id^=gspb_col-id]{box-sizing:border-box;position:relative;padding:15px min(3vw,20px)}body.gspb-bodyfront #gspb_row-id-gsbp-ef8f6ea>.gspb_row__content{width:var(--theme-container-width, 1200px);max-width:var(--theme-normal-container-max-width, 1200px)}#gspb_col-id-gsbp-7e2e75b.gspb_row__col--12{width:100%}@media (max-width:575.98px){#gspb_col-id-gsbp-7e2e75b.gspb_row__col--12{width:100%}}#gspb_row-id-gsbp-642f81e>.gspb_row__content{display:flex;justify-content:space-between;margin:0 auto;width:100%;flex-wrap:wrap}#gspb_col-id-gsbp-c360daa.gspb_row__col--12{width:100%}@media (max-width:575.98px){#gspb_col-id-gsbp-c360daa.gspb_row__col--12{width:100%}}#gspb_row-id-gsbp-8302bca>.gspb_row__content{display:flex;justify-content:space-between;margin:0 auto;width:100%;flex-wrap:wrap;max-width:960px}#gspb_col-id-gsbp-1652218.gspb_row__col--12{width:100%}@media (max-width:575.98px){#gspb_col-id-gsbp-1652218.gspb_row__col--12{width:100%}}#gspb_row-id-gsbp-45b9ead>.gspb_row__content{display:flex;justify-content:space-between;margin:0 auto;width:100%;flex-wrap:wrap}body.gspb-bodyfront #gspb_row-id-gsbp-45b9ead>.gspb_row__content,body.gspb-bodyfront #gspb_row-id-gsbp-642f81e>.gspb_row__content{width:var(--theme-container-width, 1200px);max-width:var(--theme-normal-container-max-width, 1200px)}#gspb_col-id-gsbp-24b0295.gspb_row__col--12{width:100%}@media (max-width:575.98px){#gspb_col-id-gsbp-24b0295.gspb_row__col--12{width:100%}}","footnotes":""},"class_list":["post-689","page","type-page","status-publish","hentry"],"blocksy_meta":[],"_links":{"self":[{"href":"https:\/\/amigayquiz.com\/de\/wp-json\/wp\/v2\/pages\/689"}],"collection":[{"href":"https:\/\/amigayquiz.com\/de\/wp-json\/wp\/v2\/pages"}],"about":[{"href":"https:\/\/amigayquiz.com\/de\/wp-json\/wp\/v2\/types\/page"}],"author":[{"embeddable":true,"href":"https:\/\/amigayquiz.com\/de\/wp-json\/wp\/v2\/users\/1"}],"replies":[{"embeddable":true,"href":"https:\/\/amigayquiz.com\/de\/wp-json\/wp\/v2\/comments?post=689"}],"version-history":[{"count":4,"href":"https:\/\/amigayquiz.com\/de\/wp-json\/wp\/v2\/pages\/689\/revisions"}],"predecessor-version":[{"id":695,"href":"https:\/\/amigayquiz.com\/de\/wp-json\/wp\/v2\/pages\/689\/revisions\/695"}],"wp:attachment":[{"href":"https:\/\/amigayquiz.com\/de\/wp-json\/wp\/v2\/media?parent=689"}],"curies":[{"name":"wp","href":"https:\/\/api.w.org\/{rel}","templated":true}]}}