{"id":689,"date":"2025-02-13T09:32:35","date_gmt":"2025-02-13T09:32:35","guid":{"rendered":"https:\/\/amigayquiz.com\/?page_id=689"},"modified":"2025-02-13T09:58:50","modified_gmt":"2025-02-13T09:58:50","slug":"kink-test","status":"publish","type":"page","link":"https:\/\/amigayquiz.com\/cs\/kink-test\/","title":{"rendered":"kink test"},"content":{"rendered":"<div class=\"wp-block-greenshift-blocks-row gspb_row gspb_row-id-gsbp-ef8f6ea\" id=\"gspb_row-id-gsbp-ef8f6ea\"><div class=\"gspb_row__content\"> \n<div class=\"wp-block-greenshift-blocks-row-column gspb_row__col--12 gspb_col-id-gsbp-7e2e75b\" id=\"gspb_col-id-gsbp-7e2e75b\">\n<section class=\"wp-block-greenshift-blocks-row alignfull gspb_row gspb_row-id-gsbp-642f81e\" id=\"gspb_row-id-gsbp-642f81e\"><div class=\"gspb_row__content\"> \n<div class=\"wp-block-greenshift-blocks-row-column gspb_row__col--12 gspb_col-id-gsbp-c360daa\" id=\"gspb_col-id-gsbp-c360daa\">\n<style>\n        .kink-test-wrapper {\n            font-family: Arial, sans-serif;\n            max-width: 800px;\n            margin: 0 auto;\n            padding: 20px;\n            background-color: #fff1f1;\n        }\n        .kink-test-wrapper .test-container {\n            background-color: white;\n            padding: 30px;\n            border-radius: 10px;\n            box-shadow: 0 4px 15px rgba(255,0,0,0.1);\n        }\n        .kink-test-wrapper h1 {\n            color: #d32f2f;\n            text-align: center;\n            margin-bottom: 30px;\n            font-size: 2em;\n        }\n        .kink-test-wrapper .question {\n            margin-bottom: 25px;\n            padding: 15px;\n            border-bottom: 1px solid #ffcdd2;\n        }\n        .kink-test-wrapper .question p {\n            color: #b71c1c;\n            font-weight: 500;\n            margin-bottom: 15px;\n        }\n        .kink-test-wrapper .options {\n            display: flex;\n            justify-content: space-between;\n            margin-top: 10px;\n            flex-wrap: wrap;\n            gap: 10px;\n        }\n        .kink-test-wrapper .option {\n            position: relative;\n            min-width: 150px;\n            margin: 5px 0;\n        }\n        .kink-test-wrapper .option input[type=\"radio\"] {\n            position: absolute;\n            opacity: 0;\n            cursor: pointer;\n        }\n        .kink-test-wrapper .option label {\n            display: flex;\n            align-items: center;\n            padding: 8px 15px;\n            border: 1px solid rgba(255, 82, 82, 0.3);\n            border-radius: 20px;\n            cursor: pointer;\n            background-color: rgba(255, 255, 255, 0.8);\n            color: #666;\n            transition: all 0.3s ease;\n            width: 100%;\n            box-sizing: border-box;\n        }\n        .kink-test-wrapper .option label::before {\n            content: '';\n            width: 16px;\n            height: 16px;\n            border: 2px solid rgba(255, 82, 82, 0.5);\n            border-radius: 50%;\n            margin-right: 10px;\n            transition: all 0.3s ease;\n        }\n        .kink-test-wrapper .option input[type=\"radio\"]:checked + label {\n            background-color: #ffebee;\n            border-color: #ff5252;\n            color: #d32f2f;\n            font-weight: bold;\n            box-shadow: 0 2px 8px rgba(211,47,47,0.2);\n        }\n        .kink-test-wrapper .option input[type=\"radio\"]:checked + label::before {\n            background-color: #ff5252;\n            border-color: #ff5252;\n            box-shadow: inset 0 0 0 3px #fff;\n        }\n        .kink-test-wrapper .option:hover label {\n            background-color: #ffebee;\n            border-color: rgba(255, 82, 82, 0.8);\n            transform: translateY(-2px);\n        }\n        .kink-test-wrapper button {\n            display: block;\n            width: 200px;\n            margin: 20px auto;\n            padding: 12px;\n            background-color: #d32f2f;\n            color: white;\n            border: none;\n            border-radius: 25px;\n            cursor: pointer;\n            font-size: 16px;\n            font-weight: bold;\n            transition: all 0.3s ease;\n            box-shadow: 0 4px 12px rgba(211,47,47,0.2);\n        }\n        .kink-test-wrapper button:hover {\n            background-color: #b71c1c;\n            transform: translateY(-2px);\n            box-shadow: 0 6px 15px rgba(211,47,47,0.3);\n        }\n        .kink-test-wrapper #result {\n            margin-top: 20px;\n            padding: 20px;\n            border-radius: 10px;\n            text-align: center;\n            display: none;\n            background-color: #ffebee;\n            border: 2px solid #ff5252;\n        }\n        .kink-test-wrapper #result h2 {\n            color: #d32f2f;\n            margin-bottom: 15px;\n        }\n        .kink-test-wrapper #result p {\n            color: #b71c1c;\n            line-height: 1.6;\n        }\n    <\/style>\n \n    <div class=\"kink-test-wrapper\">\n        <div class=\"test-container\">\n            <h1>Kink test<\/h1>\n            <form id=\"kinkTest\" action=\"\">\n                <div id=\"questions\">\n                <\/div>\n                <button type=\"button\" onclick=\"calculateScore()\">Spo\u010d\u00edtejte si sv\u00e9 sk\u00f3re<\/button>\n            <input type=\"hidden\" name=\"trp-form-language\" value=\"cs\"\/><\/form>\n            <div id=\"result\"><\/div>\n        <\/div>\n    <\/div>\n\n    <script>\n        const questions = [\n            \"Do you find interest in the roles of dominance and submission?\",\n            \"Have you ever been interested in mild pain (e.g., light slapping, light spanking)?\",\n            \"Do you enjoy trying restraint or limiting movement during sex?\",\n            \"Are you interested in role-playing, especially in non-traditional gender or societal roles?\",\n            \"Do you find uniforms (e.g., nurse, police officer outfits) sexually attractive?\",\n            \"Have you ever fantasized about BDSM or humiliation scenarios?\",\n            \"Are you interested in controlling others or being controlled by them?\",\n            \"Do you have a strong preference for certain types of sexual acts?\",\n            \"Are you interested in kinky toys or tools (e.g., whips, leather products)?\",\n            \"Do you enjoy incorporating elements of power exchange in your sexual activities?\",\n            \"Are you attracted to feet or feel aroused when others touch your feet?\",\n            \"Do you find certain body parts (e.g., neck, back) particularly sexually appealing?\",\n            \"Have you ever fantasized about group sex or participating in orgies?\",\n            \"Are you intrigued by exhibitionism or performing sexual acts in public places?\",\n            \"Are you interested in 'training' or teaching another person during sexual activities?\",\n            \"Have you ever had fantasies involving humiliation or public shaming during sex?\"\n        ];\n\n        const options = [\"Frequently\", \"Occasionally\", \"Rarely\", \"Never\"];\n\n        \/\/ Generate questions\n        const questionsContainer = document.getElementById(\"questions\");\n        questions.forEach((question, index) => {\n            const questionDiv = document.createElement(\"div\");\n            questionDiv.className = \"question\";\n            questionDiv.innerHTML = `\n                <p>${index + 1}. ${question}<\/p>\n                <div class=\"options\">\n                    ${options.map((option, optionIndex) => `\n                        <div class=\"option\">\n                            <input type=\"radio\" \n                                   id=\"q${index}_${optionIndex}\" \n                                   name=\"q${index}\" \n                                   value=\"${3 - optionIndex}\" \n                                   required>\n                            <label for=\"q${index}_${optionIndex}\">${option}<\/label>\n                        <\/div>\n                    `).join('')}\n                <\/div>\n            `;\n            questionsContainer.appendChild(questionDiv);\n        });\n\n        function calculateScore() {\n            const form = document.getElementById(\"kinkTest\");\n            const result = document.getElementById(\"result\");\n            \n            \/\/ Check if all questions are answered\n            const answered = [...form.querySelectorAll('input[type=\"radio\"]:checked')].length;\n            if (answered < questions.length) {\n                alert(\"Please answer all questions before calculating your score.\");\n                return;\n            }\n\n            \/\/ Calculate total score\n            let score = 0;\n            questions.forEach((_, index) => {\n                const selected = form.querySelector(`input[name=\"q${index}\"]:checked`);\n                score += parseInt(selected.value);\n            });\n\n            \/\/ Determine result category\n            let category;\n            if (score >= 34) {\n                category = \"Primarily interested in kink, with strong or diverse inclinations towards various kinks and fantasies.\";\n            } else if (score >= 25) {\n                category = \"Shows a mix of kink interests, with openness to exploring different aspects of kink, but not fully immersed in all practices.\";\n            } else if (score >= 13) {\n                category = \"More traditional or conventional in sexual preferences, with occasional curiosity or interest in some kink elements.\";\n            } else {\n                category = \"Primarily conventional in sexual preferences, with little or no interest in kink or alternative sexual practices.\";\n            }\n\n            \/\/ Display result\n            result.style.display = \"block\";\n            result.innerHTML = `\n                <h2>Your Score: ${score}\/48<\/h2>\n                <p>${category}<\/p>\n            `;\n            result.scrollIntoView({ behavior: 'smooth' });\n        }\n    <\/script>\n<\/div>\n <\/div><\/section>\n<\/div>\n <\/div><\/div>\n\n\n\n<div class=\"wp-block-greenshift-blocks-row gspb_row gspb_row-id-gsbp-8302bca\" id=\"gspb_row-id-gsbp-8302bca\"><div class=\"gspb_row__content\"> \n<div class=\"wp-block-greenshift-blocks-row-column gspb_row__col--12 gspb_col-id-gsbp-1652218\" id=\"gspb_col-id-gsbp-1652218\">\n<section class=\"wp-block-greenshift-blocks-row alignfull gspb_row gspb_row-id-gsbp-45b9ead\" id=\"gspb_row-id-gsbp-45b9ead\"><div class=\"gspb_row__content\"> \n<div class=\"wp-block-greenshift-blocks-row-column gspb_row__col--12 gspb_col-id-gsbp-24b0295\" id=\"gspb_col-id-gsbp-24b0295\">\n<p>V lidsk\u00e9 sexualit\u011b se kink vztahuje k sexu\u00e1ln\u00edm praktik\u00e1m nebo fantazi\u00edm, kter\u00e9 se odchyluj\u00ed od konven\u010dn\u00edch nebo tradi\u010dn\u00edch norem. Term\u00edn <em>zamotat<\/em> se \u010dasto pou\u017e\u00edv\u00e1 jako \u0161irok\u00e1 kategorie, kter\u00e1 zahrnuje aktivity jako BDSM, hran\u00ed rol\u00ed a dal\u0161\u00ed formy sexu\u00e1ln\u00edho vyj\u00e1d\u0159en\u00ed, kter\u00e9 nemus\u00ed zapadat do b\u011b\u017en\u00fdch sexu\u00e1ln\u00edch o\u010dek\u00e1v\u00e1n\u00ed. V posledn\u00edch letech se my\u0161lenka kink v\u00edce normalizovala a mnoho lid\u00ed hled\u00e1 zp\u016fsoby, jak bezpe\u010dn\u011b a konsensu\u00e1ln\u011b prozkoumat sv\u00e9 touhy.<\/p>\n\n\n\n<h2 class=\"wp-block-heading\" id=\"what-is-kink\"><strong>Co je Kink?<\/strong><\/h2>\n\n\n\n<p>Kink v nej\u0161ir\u0161\u00edm slova smyslu ozna\u010duje jakoukoli sexu\u00e1ln\u00ed praktiku, z\u00e1jem nebo fantazii, kter\u00e1 je pova\u017eov\u00e1na za nenormativn\u00ed nebo nekonven\u010dn\u00ed. Toto chov\u00e1n\u00ed se m\u016f\u017ee pohybovat od hrav\u00fdch sc\u00e9n\u00e1\u0159\u016f a\u017e po intenzivn\u011bj\u0161\u00ed praktiky, kter\u00e9 mohou zahrnovat dynamiku moci, bolest nebo pon\u00ed\u017een\u00ed. Jednou z b\u011b\u017en\u00fdch myln\u00fdch p\u0159edstav je, \u017ee kink je synonymem pro BDSM, ale <em>zamotat<\/em> je mnohem \u0161ir\u0161\u00ed pojem a zahrnuje r\u016fzn\u00e9 druhy chov\u00e1n\u00ed a z\u00e1jm\u016f, kter\u00e9 p\u0159esahuj\u00ed pouh\u00e9 otroctv\u00ed, discipl\u00ednu, dominanci, pod\u0159\u00edzenost, sadismus a masochismus.<\/p>\n\n\n\n<p>Kink m\u016f\u017ee v podstat\u011b zahrnovat cokoli od <strong>hran\u00ed rol\u00ed<\/strong>, <strong>n\u00e1razov\u00e1 hra<\/strong>, a\u017e k m\u00edrn\u00fdm pocit\u016fm jako <strong>voskov\u00e1 hra<\/strong>. Je to v\u0161echno o zkoum\u00e1n\u00ed hranic, osobn\u00edch preferenc\u00ed a souhlasu s partnerem.<\/p>\n\n\n\n<p>Pro v\u00edce informac\u00ed o terminologii a postupech kink nav\u0161tivte str\u00e1nku <a href=\"https:\/\/en.wikipedia.org\/wiki\/Kink_(sexuality)\" target=\"_blank\" rel=\"noreferrer noopener nofollow\">Str\u00e1nka Wikipedie na Kink<\/a>.<\/p>\n\n\n\n<h2 class=\"wp-block-heading\" id=\"what-is-bdsm-and-how-does-it-relate-to-kink\"><strong>Co je BDSM a jak souvis\u00ed s Kink?<\/strong><\/h2>\n\n\n\n<p>BDSM je podmno\u017einou zlomu, kter\u00fd se zam\u011b\u0159uje na konsensu\u00e1ln\u00ed dynamiku s\u00edly, kter\u00e1 m\u016f\u017ee zahrnovat <strong>otroctv\u00ed<\/strong>, <strong>discipl\u00edna<\/strong>, <strong>dominance<\/strong>, <strong>pod\u00e1n\u00ed<\/strong>, <strong>sadismus<\/strong>a <strong>masochismus<\/strong>. Zat\u00edmco praktiky BDSM mohou b\u00fdt sou\u010d\u00e1st\u00ed \u0161ir\u0161\u00ed komunity kink, ne v\u0161echny kinks zahrnuj\u00ed BDSM. N\u011bkomu se nap\u0159\u00edklad m\u016f\u017ee l\u00edbit <strong>foot fetishes<\/strong>, <strong>exhibicionismus<\/strong>nebo <strong>hran\u00ed rol\u00ed<\/strong> ani\u017e by se zapojil do praktik BDSM.<\/p>\n\n\n\n<p>BDSM je v\u0161ak \u010dasto to prvn\u00ed, co lidi napadne, kdy\u017e p\u0159ijde \u0159e\u010d na zlom. Tyto praktiky se soust\u0159ed\u00ed na v\u00fdm\u011bnu moci mezi dv\u011bma nebo v\u00edce lidmi a jsou vyjedn\u00e1v\u00e1ny s jasn\u00fdm souhlasem. Pokud jste v BDSM nov\u00e1\u010dkem nebo jste obecn\u011b kink, m\u016f\u017eete se dozv\u011bd\u011bt v\u00edce prost\u0159ednictv\u00edm <a href=\"https:\/\/www.dictionary.com\/browse\/bdsm\" target=\"_blank\" rel=\"noreferrer noopener nofollow\">Terminologick\u00e9 slovn\u00edky BDSM<\/a> nebo pr\u016fvodce pro za\u010d\u00e1te\u010dn\u00edky, jako je ten na <a href=\"https:\/\/www.theswaddle.com\/kink-101-everything-you-need-to-know-about-bdsm\" target=\"_blank\" rel=\"noreferrer noopener nofollow\">Zavinova\u010dka<\/a>.<\/p>\n\n\n\n<h2 class=\"wp-block-heading\" id=\"the-kink-orientation-scale-kos\"><strong>Orienta\u010dn\u00ed stupnice Kink (KOS)<\/strong><\/h2>\n\n\n\n<p>Nov\u00fdm n\u00e1strojem pro prozkoum\u00e1v\u00e1n\u00ed va\u0161ich z\u00e1jm\u016f je <em>Orienta\u010dn\u00ed stupnice Kink (KOS)<\/em>, kter\u00fd byl vyvinut v\u00fdzkumn\u00edky z University of Brighton. Tento n\u00e1stroj v\u00e1m pom\u016f\u017ee zhodnotit va\u0161i \u201ezlomenou orientaci\u201c, v\u010detn\u011b va\u0161ich postoj\u016f, chov\u00e1n\u00ed a tu\u017eeb. Stupnice m\u011b\u0159\u00ed r\u016fzn\u00e9 faktory, jako jsou va\u0161e preference pro dominanci, pod\u0159\u00edzenost a typy aktivit, kter\u00e9 m\u00e1te r\u00e1di, od <strong>lehk\u00e9 otroctv\u00ed<\/strong> na <strong>n\u00e1razov\u00e1 hra<\/strong>.<\/p>\n\n\n\n<p>Pokud jste zv\u011bdav\u00ed, jak jste v\u00fdst\u0159edn\u00ed, m\u016f\u017eete si ud\u011blat test <a href=\"https:\/\/amigayquiz.com\/cs\/kink-test\/\">kink test<\/a><a href=\"https:\/\/www.kinktest.org\" rel=\"nofollow noopener\" target=\"_blank\">,<\/a> abyste vid\u011bli, kam spadnete na stupnici zlomu. Tato hodnocen\u00ed pom\u00e1haj\u00ed normalizovat konverzaci o kinks a feti\u0161e a poskytuj\u00ed v\u00edce v\u011bdeck\u00fd p\u0159\u00edstup k jejich pochopen\u00ed.<\/p>\n\n\n\n<h2 class=\"wp-block-heading\" id=\"common-kink-practices-and-activities\"><strong>B\u011b\u017en\u00e9 praktiky a aktivity<\/strong><\/h2>\n\n\n\n<p>Kink zahrnuje \u0161irokou \u0161k\u00e1lu \u010dinnost\u00ed. Mezi b\u011b\u017en\u00e9 probl\u00e9my, kter\u00e9 lid\u00e9 maj\u00ed r\u00e1di, pat\u0159\u00ed:<\/p>\n\n\n\n<ul class=\"wp-block-list\">\n<li><strong>Otroctv\u00ed<\/strong>: Omezov\u00e1n\u00ed pohybu partnera, \u010dasto pomoc\u00ed provaz\u016f, man\u017eet nebo jin\u00fdch omezen\u00ed.<\/li>\n\n\n\n<li><strong>Hran\u00ed rol\u00ed<\/strong>: Zapojov\u00e1n\u00ed se do fantazi\u00ed, kde vy nebo v\u00e1\u0161 partner p\u0159eb\u00edr\u00e1te specifick\u00e9 postavy nebo dynamiku s\u00edly.<\/li>\n\n\n\n<li><strong>Impact Play<\/strong>: Zahrnuje aktivity, jako je v\u00fdprask, bi\u010dov\u00e1n\u00ed nebo p\u00e1dlov\u00e1n\u00ed, kde se zam\u011b\u0159ujeme na po\u017eitek z bolesti nebo nepohodl\u00ed.<\/li>\n\n\n\n<li><strong>Feti\u0161 nohou<\/strong>: Sexu\u00e1ln\u00ed z\u00e1jem o chodidla, kter\u00fd m\u016f\u017ee zahrnovat aktivity jako mas\u00e1\u017ee chodidel nebo hran\u00ed rol\u00ed zam\u011b\u0159en\u00fdch na chodidla.<\/li>\n\n\n\n<li><strong>Exhibicionismus<\/strong>: Touha b\u00fdt sledov\u00e1n p\u0159i sexu\u00e1ln\u00edch aktivit\u00e1ch, a\u0165 u\u017e osobn\u011b nebo prost\u0159ednictv\u00edm m\u00e9di\u00ed.<\/li>\n\n\n\n<li><strong>Wax Play<\/strong>: Pou\u017eit\u00ed hork\u00e9ho vosku jako formy pocitov\u00e9 hry, kdy se vosk nakape na poko\u017eku pro pot\u011b\u0161en\u00ed z tepla a pocitu.<\/li>\n<\/ul>\n\n\n\n<p>Pro \u0161ir\u0161\u00ed prozkoum\u00e1n\u00ed kink, v\u010detn\u011b obl\u00edben\u00fdch aktivit, nav\u0161tivte <a href=\"https:\/\/www.businessinsider.com\/guides\/health\/sex-relationships\/list-of-kinks\" target=\"_blank\" rel=\"noreferrer noopener nofollow\">Seznam chyb Business Insider<\/a>.<\/p>\n\n\n\n<h2 class=\"wp-block-heading\" id=\"how-to-safely-explore-kink-with-your-partner\"><strong>Jak bezpe\u010dn\u011b prozkoumat Kink se sv\u00fdm partnerem<\/strong><\/h2>\n\n\n\n<p>Zaveden\u00ed kink do vztahu vy\u017eaduje otev\u0159enou komunikaci, d\u016fv\u011bru a respekt. Zde je n\u00e1vod, jak bezpe\u010dn\u011b za\u010d\u00edt:<\/p>\n\n\n\n<h3 class=\"wp-block-heading\" id=\"1-start-the-conversation\">1. <strong>Spus\u0165te konverzaci<\/strong><\/h3>\n\n\n\n<p>Diskutujte o sv\u00fdch touh\u00e1ch s partnerem nehodnot\u00edc\u00edm zp\u016fsobem. Je d\u016fle\u017eit\u00e9 p\u0159istupovat k tomuto rozhovoru s otev\u0159enost\u00ed a zranitelnost\u00ed. Pokud si nejste jisti, jak za\u010d\u00edt, pou\u017eijte n\u00e1stroje jako nap\u0159 <strong>Seznam ano\/ne\/mo\u017en\u00e1<\/strong> m\u016f\u017ee pomoci usnadnit diskuse o r\u016fzn\u00fdch z\u00e1pletk\u00e1ch a hranic\u00edch.<\/p>\n\n\n\n<p>Pokud pot\u0159ebujete dal\u0161\u00ed pomoc p\u0159i komunikaci s partnerem, pod\u00edvejte se <a href=\"https:\/\/www.missgigiengle.com\/blog\/talking-about-kink-with-partner\" target=\"_blank\" rel=\"noreferrer noopener nofollow\">Rada sle\u010dny Gigiengle<\/a>.<\/p>\n\n\n\n<h3 class=\"wp-block-heading\" id=\"2-set-clear-boundaries-and-consent\">2. <strong>Nastavte jasn\u00e9 hranice a souhlas<\/strong><\/h3>\n\n\n\n<p>Zajist\u011bte, aby se oba partne\u0159i c\u00edtili dob\u0159e a souhlasili s prozkoum\u00e1v\u00e1n\u00edm nov\u00fdch aktivit. Pamatujte, \u017ee bezpe\u010dnost je kl\u00ed\u010dov\u00e1 a v\u0161echny postupy by m\u011bly b\u00fdt prodiskutov\u00e1ny a dohodnuty p\u0159edem. To zaji\u0161\u0165uje, \u017ee v\u0161ichni z\u00fa\u010dastn\u011bn\u00ed jsou na stejn\u00e9 str\u00e1nce.<\/p>\n\n\n\n<p>Vzd\u011bl\u00e1vac\u00ed zdroje o zachov\u00e1n\u00ed souhlasu a komunikace v kink, nav\u0161tivte <a href=\"https:\/\/www.guidedtrack.com\/programs\/u4m797m\/run\" target=\"_blank\" rel=\"noreferrer noopener nofollow\">Pr\u016fzkum zalomen\u00ed s pr\u016fvodcem<\/a>.<\/p>\n\n\n\n<h3 class=\"wp-block-heading\" id=\"3-take-it-slow\">3. <strong>Ber to pomalu<\/strong><\/h3>\n\n\n\n<p>Za\u010dn\u011bte s mal\u00fdmi, zvl\u00e1dnuteln\u00fdmi \u010dinnostmi a postupn\u011b je budujte. Vyzkou\u0161en\u00ed jednoduch\u00e9ho otroctv\u00ed nebo lehk\u00e9ho v\u00fdprasku v\u00e1s m\u016f\u017ee uv\u00e9st do sv\u011bta kink, ani\u017e byste p\u0159emohli sv\u00e9ho partnera.<\/p>\n\n\n\n<p>Dal\u0161\u00ed rady ohledn\u011b postupn\u00e9ho zav\u00e1d\u011bn\u00ed kink naleznete na <a href=\"https:\/\/www.choosingtherapy.com\/bdsm\/\" target=\"_blank\" rel=\"noreferrer noopener nofollow\">V\u00fdb\u011br tip\u016f terapie BDSM<\/a>.<\/p>\n\n\n\n<h3 class=\"wp-block-heading\" id=\"4-use-toys-and-props\">4. <strong>Pou\u017e\u00edvejte hra\u010dky a rekvizity<\/strong><\/h3>\n\n\n\n<p>Pokud m\u00e1te z\u00e1jem o za\u010dlen\u011bn\u00ed hra\u010dek, jako jsou man\u017eety, bi\u010de nebo smyslov\u00e9 hra\u010dky, za\u010dn\u011bte s mo\u017enostmi pro za\u010d\u00e1te\u010dn\u00edky. Ty mohou do va\u0161eho sexu\u00e1ln\u00edho z\u00e1\u017eitku p\u0159idat vrstvy vzru\u0161en\u00ed a zkoum\u00e1n\u00ed.<\/p>\n\n\n\n<h3 class=\"wp-block-heading\" id=\"5-check-in-regularly\">5. <strong>P\u0159ihla\u0161ujte se pravideln\u011b<\/strong><\/h3>\n\n\n\n<p>P\u0159i prozkoum\u00e1v\u00e1n\u00ed kink udr\u017eujte se sv\u00fdm partnerem otev\u0159enou komunikaci, abyste si zajistili vz\u00e1jemn\u00e9 pohodl\u00ed a souhlas. Pravideln\u011b se p\u0159ipojujte a diskutujte o tom, jak se ka\u017ed\u00e1 zku\u0161enost c\u00edtila pro v\u00e1s oba.<\/p>\n\n\n\n<h2 class=\"wp-block-heading\" id=\"kink-and-fetish-community-resources\"><strong>Zdroje komunity Kink a Fetish<\/strong><\/h2>\n\n\n\n<p>Je d\u016fle\u017eit\u00e9 prozkoumat kink v komunit\u011b, kter\u00e1 podporuje bezpe\u010dnost, respekt a inkluzivitu. Mnoho online platforem poskytuje prostor pro jednotlivce, aby diskutovali o sv\u00fdch probl\u00e9mech a hledali radu. P\u0159ipojen\u00ed k t\u011bmto komunit\u00e1m m\u016f\u017ee nab\u00eddnout podporu, ov\u011b\u0159en\u00ed a mno\u017estv\u00ed informac\u00ed.<\/p>\n\n\n\n<p>M\u00e1te-li z\u00e1jem o komunitn\u00ed diskuze nebo rady, zva\u017ete n\u00e1v\u0161t\u011bvu platforem jako je <a href=\"https:\/\/www.reddit.com\/r\/BDSMcommunity\/comments\/y539s2\/kink_test_but_not_that_one\/\" target=\"_blank\" rel=\"noreferrer noopener nofollow\">BDSM komunita Redditu<\/a>.<\/p>\n\n\n\n<h2 class=\"wp-block-heading\" id=\"dealing-with-kink-mismatches\"><strong>\u0158e\u0161en\u00ed Kink Mismatches<\/strong><\/h2>\n\n\n\n<p>Je norm\u00e1ln\u00ed, \u017ee partne\u0159i maj\u00ed odli\u0161n\u00e9 z\u00e1jmy, pokud jde o zauzlen\u00ed. Pokud vy a v\u00e1\u0161 partner nesd\u00edl\u00edte stejnou \u00farove\u0148 z\u00e1jmu o kink, je d\u016fle\u017eit\u00e9 situaci \u0159e\u0161it opatrn\u011b a s respektem. N\u011bkte\u0159\u00ed mohou b\u00fdt otev\u0159en\u00ed postupn\u00e9mu zkoum\u00e1n\u00ed, zat\u00edmco jin\u00ed nemus\u00ed b\u00fdt s n\u011bkter\u00fdmi praktikami spokojeni.<\/p>\n\n\n\n<p>Chcete-li se dozv\u011bd\u011bt v\u00edce o spr\u00e1v\u011b nekompatibility kink, pod\u00edvejte se <a href=\"https:\/\/mashable.com\/article\/mismatched-kinkiness-vanilla-bdsm\" target=\"_blank\" rel=\"noreferrer noopener nofollow\">Mashable\u016fv pr\u016fvodce nevhodnou kinkiness<\/a>.<\/p>\n\n\n\n<h2 class=\"wp-block-heading\" id=\"conclusion\"><strong>Z\u00e1v\u011br<\/strong><\/h2>\n\n\n\n<p>Kink je \u0161irok\u00fd, rozmanit\u00fd a osobn\u00ed aspekt lidsk\u00e9 sexuality. A\u0165 u\u017e to prozkoum\u00e1v\u00e1te sami nebo s partnerem, kl\u00ed\u010dov\u00e9 je p\u0159istupovat k tomu s jasnou komunikac\u00ed, vz\u00e1jemn\u00fdm respektem a souhlasem. World of Kink nab\u00edz\u00ed nekone\u010dn\u00e9 mo\u017enosti pro pr\u016fzkum a n\u00e1stroje, jako jsou ty  <a href=\"https:\/\/bdsmtest.org\" target=\"_blank\" rel=\"noreferrer noopener nofollow\">BDSMTest.org<\/a> v\u00e1m m\u016f\u017ee pomoci l\u00e9pe porozum\u011bt va\u0161im touh\u00e1m. V\u017edy up\u0159ednost\u0148ujte bezpe\u010dnost a souhlas a pamatujte, \u017ee objevov\u00e1n\u00ed Kink je cesta, kter\u00e1 je pro ka\u017ed\u00e9ho jednotlivce jedine\u010dn\u00e1.<\/p>\n\n\n\n<p>Pro v\u00edce informac\u00ed o prozkoum\u00e1v\u00e1n\u00ed kink nav\u0161tivte <a href=\"https:\/\/en.wikipedia.org\/wiki\/Kink_(sexuality)\" target=\"_blank\" rel=\"noreferrer noopener nofollow\">Str\u00e1nka Kink (Sexualita) na Wikipedii<\/a>.<\/p>\n<\/div>\n <\/div><\/section>\n<\/div>\n <\/div><\/div>","protected":false},"excerpt":{"rendered":"","protected":false},"author":1,"featured_media":0,"parent":0,"menu_order":0,"comment_status":"closed","ping_status":"closed","template":"","meta":{"_gspb_post_css":"#gspb_row-id-gsbp-45b9ead,#gspb_row-id-gsbp-642f81e,#gspb_row-id-gsbp-8302bca,#gspb_row-id-gsbp-ef8f6ea{justify-content:space-between;margin-top:0;margin-bottom:0;display:flex;flex-wrap:wrap}#gspb_row-id-gsbp-ef8f6ea>.gspb_row__content{display:flex;justify-content:space-between;margin:0 auto;width:100%;flex-wrap:wrap}.gspb_row{position:relative}div[id^=gspb_col-id]{box-sizing:border-box;position:relative;padding:15px min(3vw,20px)}body.gspb-bodyfront #gspb_row-id-gsbp-ef8f6ea>.gspb_row__content{width:var(--theme-container-width, 1200px);max-width:var(--theme-normal-container-max-width, 1200px)}#gspb_col-id-gsbp-7e2e75b.gspb_row__col--12{width:100%}@media (max-width:575.98px){#gspb_col-id-gsbp-7e2e75b.gspb_row__col--12{width:100%}}#gspb_row-id-gsbp-642f81e>.gspb_row__content{display:flex;justify-content:space-between;margin:0 auto;width:100%;flex-wrap:wrap}#gspb_col-id-gsbp-c360daa.gspb_row__col--12{width:100%}@media (max-width:575.98px){#gspb_col-id-gsbp-c360daa.gspb_row__col--12{width:100%}}#gspb_row-id-gsbp-8302bca>.gspb_row__content{display:flex;justify-content:space-between;margin:0 auto;width:100%;flex-wrap:wrap;max-width:960px}#gspb_col-id-gsbp-1652218.gspb_row__col--12{width:100%}@media (max-width:575.98px){#gspb_col-id-gsbp-1652218.gspb_row__col--12{width:100%}}#gspb_row-id-gsbp-45b9ead>.gspb_row__content{display:flex;justify-content:space-between;margin:0 auto;width:100%;flex-wrap:wrap}body.gspb-bodyfront #gspb_row-id-gsbp-45b9ead>.gspb_row__content,body.gspb-bodyfront #gspb_row-id-gsbp-642f81e>.gspb_row__content{width:var(--theme-container-width, 1200px);max-width:var(--theme-normal-container-max-width, 1200px)}#gspb_col-id-gsbp-24b0295.gspb_row__col--12{width:100%}@media (max-width:575.98px){#gspb_col-id-gsbp-24b0295.gspb_row__col--12{width:100%}}","footnotes":""},"class_list":["post-689","page","type-page","status-publish","hentry"],"blocksy_meta":[],"_links":{"self":[{"href":"https:\/\/amigayquiz.com\/cs\/wp-json\/wp\/v2\/pages\/689"}],"collection":[{"href":"https:\/\/amigayquiz.com\/cs\/wp-json\/wp\/v2\/pages"}],"about":[{"href":"https:\/\/amigayquiz.com\/cs\/wp-json\/wp\/v2\/types\/page"}],"author":[{"embeddable":true,"href":"https:\/\/amigayquiz.com\/cs\/wp-json\/wp\/v2\/users\/1"}],"replies":[{"embeddable":true,"href":"https:\/\/amigayquiz.com\/cs\/wp-json\/wp\/v2\/comments?post=689"}],"version-history":[{"count":4,"href":"https:\/\/amigayquiz.com\/cs\/wp-json\/wp\/v2\/pages\/689\/revisions"}],"predecessor-version":[{"id":695,"href":"https:\/\/amigayquiz.com\/cs\/wp-json\/wp\/v2\/pages\/689\/revisions\/695"}],"wp:attachment":[{"href":"https:\/\/amigayquiz.com\/cs\/wp-json\/wp\/v2\/media?parent=689"}],"curies":[{"name":"wp","href":"https:\/\/api.w.org\/{rel}","templated":true}]}}